{"id":1573,"date":"2014-06-24T19:10:14","date_gmt":"2014-06-24T18:10:14","guid":{"rendered":"http:\/\/arwann.com\/?page_id=1573"},"modified":"2019-07-27T14:54:58","modified_gmt":"2019-07-27T13:54:58","slug":"construire-radeau","status":"publish","type":"page","link":"http:\/\/arwann.com\/?page_id=1573","title":{"rendered":"Construire un radeau"},"content":{"rendered":"<p style=\"text-align: justify;\"><a href=\"http:\/\/arwann.com\/wp-content\/uploads\/2014\/04\/Bouton-HP.png\"><img loading=\"lazy\" decoding=\"async\" class=\"alignright wp-image-891\" src=\"http:\/\/arwann.com\/wp-content\/uploads\/2014\/04\/Bouton-HP.png\" alt=\"Bouton HP\" width=\"200\" height=\"200\" srcset=\"http:\/\/arwann.com\/wp-content\/uploads\/2014\/04\/Bouton-HP.png 400w, http:\/\/arwann.com\/wp-content\/uploads\/2014\/04\/Bouton-HP-200x200.png 200w, http:\/\/arwann.com\/wp-content\/uploads\/2014\/04\/Bouton-HP-100x100.png 100w, http:\/\/arwann.com\/wp-content\/uploads\/2014\/04\/Bouton-HP-300x300.png 300w, http:\/\/arwann.com\/wp-content\/uploads\/2014\/04\/Bouton-HP-150x150.png 150w\" sizes=\"auto, (max-width: 200px) 100vw, 200px\" \/><\/a><a name=\"Haut\"><\/a>Par Carcajou.<\/p>\n<figure id=\"attachment_1580\" aria-describedby=\"caption-attachment-1580\" style=\"width: 604px\" class=\"wp-caption alignleft\"><a href=\"http:\/\/arwann.com\/wp-content\/uploads\/2014\/06\/radeau-3-e1403633368441.png\"><img loading=\"lazy\" decoding=\"async\" class=\"wp-image-1580 size-large\" src=\"http:\/\/arwann.com\/wp-content\/uploads\/2014\/06\/radeau-3-e1403633368441-1024x768.png\" alt=\"sur l'Yonne\" width=\"604\" height=\"453\" srcset=\"http:\/\/arwann.com\/wp-content\/uploads\/2014\/06\/radeau-3-e1403633368441-1024x768.png 1024w, http:\/\/arwann.com\/wp-content\/uploads\/2014\/06\/radeau-3-e1403633368441-300x225.png 300w, http:\/\/arwann.com\/wp-content\/uploads\/2014\/06\/radeau-3-e1403633368441.png 1500w\" sizes=\"auto, (max-width: 604px) 100vw, 604px\" \/><\/a><figcaption id=\"caption-attachment-1580\" class=\"wp-caption-text\">sur l&rsquo;Yonne<\/figcaption><\/figure>\n<p style=\"text-align: justify;\">Descendre une rivi\u00e8re en radeau est l\u2019une des aventures les plus exaltantes d\u2019un camp. Cependant elle demande une pr\u00e9paration sans faille. Les chefs ont leur part mais les patrouilles se doivent d\u2019\u00eatre \u00e0 la hauteur. En premier lieu il faut que chaque patrouillard passe son dipl\u00f4me de nage sur 50m. Pour certains ce n\u2019est pas rien. Ensuite il faut que la patrouille se construise un v\u00e9ritable radeau, solide, l\u00e9ger, confortable et man\u0153uvrant. L\u2019enthousiasme ne remplace pas le savoir et ce qui va \u00eatre expliqu\u00e9 dans les lignes qui suivent retrace l\u2019exp\u00e9rience de plus de 45 descentes de rivi\u00e8res. Messieurs les CP, faites un bond formidable en comp\u00e9tence et adoptez les quelques principes qui vont \u00eatre expos\u00e9s.<\/p>\n<h3 style=\"text-align: justify;\">Dispositions<strong> r\u00e9glementaires<\/strong><\/h3>\n<p style=\"text-align: justify;\">Pour les radeaux, les dispositions r\u00e9glementaires sont l\u00e9g\u00e8res mais pleines de bon sens. Elles concernent le radeau mais aussi la tenue. Le radeau doit \u00eatre entour\u00e9 par une ligne de vie qui permet \u00e0 ceux qui tombent \u00e0 l\u2019eau de pouvoir se raccrocher rapidement au radeau, il s\u2019agit d\u2019une simple corde, r\u00e9guli\u00e8rement fix\u00e9e au radeau et qui en fait le tour. Ensuite, le radeau doit continuer \u00e0 flotter sans \u00eatre d\u00e9s\u00e9quilibr\u00e9 si l\u2019un des flotteurs venait \u00e0 perdre sa flottabilit\u00e9. Il faut porter un gilet de sauvetage non gonfl\u00e9, savoir nager 50m et porter aux pieds des chaussures ferm\u00e9es (tongs interdites, baskets OK).<\/p>\n<h3 style=\"text-align: justify;\"><strong>Plan d\u2019un v\u00e9ritable radeau.<\/strong><\/h3>\n<p style=\"text-align: justify;\">Nous expliquerons au fur et \u00e0 mesure le pourquoi de chaque disposition.<\/p>\n<h4 style=\"text-align: justify;\"><span style=\"color: #3366ff;\"><strong>Chambre \u00e0 air sinon rien<\/strong><\/span><\/h4>\n<p style=\"text-align: justify;\">Nous ne recommandons que le radeau de chambres \u00e0 air (camion, tracteur) on en trouve encore assez facilement. Tout d\u2019abord, la recherche de chambres \u00e0 air au cours de l\u2019ann\u00e9e est une activit\u00e9 qui d\u00e9j\u00e0 pr\u00e9pare les scouts. Ensuite, bien qu\u2019un peu lourdes, ces chambres \u00e0 air ne prennent pas trop de place une fois d\u00e9gonfl\u00e9es. Ensuite, cela donne un radeau assez l\u00e9ger et bien souple qu\u2019il est facile de porter \u00e0 la main en s\u2019y mettant \u00e0 toute la patrouille. Parfois il faut faire davantage\u00a0que simplement porter le radeau, il faut le hisser par-dessus un obstacle, par-dessus un barrage ou une digue mais aussi sur le toit d\u2019un minibus.<\/p>\n<p style=\"text-align: justify;\"><a href=\"http:\/\/arwann.com\/wp-content\/uploads\/2014\/06\/Radeau-plan-1.png\"><img loading=\"lazy\" decoding=\"async\" class=\"aligncenter wp-image-1576 size-full\" src=\"http:\/\/arwann.com\/wp-content\/uploads\/2014\/06\/Radeau-plan-1.png\" alt=\"Radeau plan scoutisme descnte de rivi\u00e8re\" width=\"986\" height=\"474\" srcset=\"http:\/\/arwann.com\/wp-content\/uploads\/2014\/06\/Radeau-plan-1.png 986w, http:\/\/arwann.com\/wp-content\/uploads\/2014\/06\/Radeau-plan-1-300x144.png 300w\" sizes=\"auto, (max-width: 986px) 100vw, 986px\" \/><\/a><\/p>\n<p style=\"text-align: justify;\">Les chambres \u00e0 air ne doivent surtout pas \u00eatre trop gonfl\u00e9es jusqu\u2019\u00e0 en devenir distendues. D\u00e8s qu\u2019elles ont pris leur volume on continue \u00e0 peine \u00e0 gonfler et c\u2019est tout. Moins la peau est tendue et moins la chambre \u00e0 air est sensible \u00e0 la crevaison.<\/p>\n<h4 style=\"text-align: justify;\"><span style=\"color: #3366ff;\"><strong>Ch\u00e2ssis souple et r\u00e9sistant<\/strong><\/span><\/h4>\n<p style=\"text-align: justify;\">Le radeau est constitu\u00e9 de 2 couches de chambres \u00e0 air. Couche de flottabilit\u00e9, 5 grosses chambres. Couche de confort, 8 chambres moyennes. Entre ces deux couches un ch\u00e2ssis en fortes perches qui sera flexible en torsion et en flexion mais bien raide dans son propre plan comme un cadre triangul\u00e9. Les perches ont une taille comprise entre le poignet et l\u2019avant-bras d\u2019un CP gar\u00e7on. Le ch\u00e2ssis est fait de perches br\u00eal\u00e9es auxquelles sont attach\u00e9es les chambres. Les chambres sont attach\u00e9es intelligemment au ch\u00e2ssis mais aussi entres elles. Il est important de comprendre que chaque chambre doit pouvoir \u00eatre d\u00e9monte ind\u00e9pendamment des autres pour \u00eatre chang\u00e9e rapidement. C\u2019est \u00e9ventuellement ce qu\u2019il faudra faire pour une crevaison.<\/p>\n<figure id=\"attachment_3539\" aria-describedby=\"caption-attachment-3539\" style=\"width: 604px\" class=\"wp-caption aligncenter\"><img loading=\"lazy\" decoding=\"async\" class=\"wp-image-3539 size-large\" src=\"http:\/\/arwann.com\/wp-content\/uploads\/2019\/07\/P7263913-1024x683.jpg\" alt=\"\" width=\"604\" height=\"403\" srcset=\"http:\/\/arwann.com\/wp-content\/uploads\/2019\/07\/P7263913-1024x683.jpg 1024w, http:\/\/arwann.com\/wp-content\/uploads\/2019\/07\/P7263913-300x200.jpg 300w, http:\/\/arwann.com\/wp-content\/uploads\/2019\/07\/P7263913-768x512.jpg 768w\" sizes=\"auto, (max-width: 604px) 100vw, 604px\" \/><figcaption id=\"caption-attachment-3539\" class=\"wp-caption-text\">Les chambres \u00e0 air de flottaison sont resserr\u00e9es \u00e0 l&rsquo;aide de lieuses.<\/figcaption><\/figure>\n<figure id=\"attachment_3509\" aria-describedby=\"caption-attachment-3509\" style=\"width: 1405px\" class=\"wp-caption aligncenter\"><img loading=\"lazy\" decoding=\"async\" class=\"wp-image-3509 size-full\" src=\"http:\/\/arwann.com\/wp-content\/uploads\/2019\/07\/Radeau-plan-1.png\" alt=\"\" width=\"1405\" height=\"582\" srcset=\"http:\/\/arwann.com\/wp-content\/uploads\/2019\/07\/Radeau-plan-1.png 1405w, http:\/\/arwann.com\/wp-content\/uploads\/2019\/07\/Radeau-plan-1-300x124.png 300w, http:\/\/arwann.com\/wp-content\/uploads\/2019\/07\/Radeau-plan-1-768x318.png 768w, http:\/\/arwann.com\/wp-content\/uploads\/2019\/07\/Radeau-plan-1-1024x424.png 1024w\" sizes=\"auto, (max-width: 1405px) 100vw, 1405px\" \/><figcaption id=\"caption-attachment-3509\" class=\"wp-caption-text\">la construction solide du radeau est capitale, sinon tout se d\u00e9mantibule une fois sur l&rsquo;eau<\/figcaption><\/figure>\n<h4 style=\"text-align: justify;\"><span style=\"color: #3366ff;\"><strong>Des points de pr\u00e9hension<\/strong><\/span><\/h4>\n<p style=\"text-align: justify;\">Le ch\u00e2ssis soutient et rassemble les chambres mais en outre il remplit les fonctions suivantes qui sont indispensables\u00a0: fournir un appui aux pieds des rafteurs\u00a0; fournir des points de saisie pour les portages\u00a0; fournir les points de fixation pour la ligne de vie\u00a0; fournir les points d\u2019appui pour que les naufrag\u00e9s puissent remonter \u00e0 bord.<\/p>\n<p style=\"text-align: justify;\"><a href=\"http:\/\/arwann.com\/wp-content\/uploads\/2014\/06\/radeau-descente-1.png\"><img loading=\"lazy\" decoding=\"async\" class=\"aligncenter wp-image-1575 size-full\" src=\"http:\/\/arwann.com\/wp-content\/uploads\/2014\/06\/radeau-descente-1.png\" alt=\"\u00e9quipage d'un radeau ligne de vie radeau descente \u00e9quipage -1\" width=\"933\" height=\"377\" srcset=\"http:\/\/arwann.com\/wp-content\/uploads\/2014\/06\/radeau-descente-1.png 933w, http:\/\/arwann.com\/wp-content\/uploads\/2014\/06\/radeau-descente-1-300x121.png 300w\" sizes=\"auto, (max-width: 933px) 100vw, 933px\" \/><\/a><\/p>\n<h4 style=\"text-align: justify;\"><span style=\"color: #3366ff;\"><strong>Chaque \u00e9l\u00e9ment a son utilit\u00e9<\/strong><\/span><\/h4>\n<p style=\"text-align: justify;\">Les boudins de flottaison sont resserr\u00e9s afin de placer les forces d\u2019Archim\u00e8de le plus \u00e0 l\u2019ext\u00e9rieur possible ce qui donne alors un maximum de stabilit\u00e9 lat\u00e9rale au radeau. Pour bien reprendre ces efforts de flottaison, les longerons sont plac\u00e9s bien au centre de ces gros boudins. Les traverses sont l\u00e0 pour relier entre eux les 2 longerons et pour emp\u00eacher les boudins de flottaison de pivoter sur eux-m\u00eames. 4 traverses suffisent. Quelque part il faut placer 2 diagonales afin que le ch\u00e2ssis ne se d\u00e9forme pas en parall\u00e9logramme. Les bou\u00e9es de confort se placent aux intersections des longerons et des traverses, ainsi elles sont bien soutenues et ne risquent pas de passer par en dessous. Les chambres \u00e0 air sont li\u00e9es souvent entre elles mais cependant attention\u00a0au ligotage d\u00e9sordonn\u00e9! Il y a risque de sac de n\u0153uds si on doit changer une chambre \u00e0 air pour cause de crevaison et cela arrivera. Faisons donc des n\u0153uds intelligents qui se d\u00e9lient facilement.<\/p>\n<p style=\"text-align: justify;\"><a href=\"http:\/\/arwann.com\/wp-content\/uploads\/2014\/06\/radeau-plan-4.png\"><img loading=\"lazy\" decoding=\"async\" class=\"aligncenter wp-image-1578 size-full\" src=\"http:\/\/arwann.com\/wp-content\/uploads\/2014\/06\/radeau-plan-4.png\" alt=\"radeau plan scoutisme descente de rivi\u00e8re-4\" width=\"1000\" height=\"531\" srcset=\"http:\/\/arwann.com\/wp-content\/uploads\/2014\/06\/radeau-plan-4.png 1000w, http:\/\/arwann.com\/wp-content\/uploads\/2014\/06\/radeau-plan-4-300x159.png 300w\" sizes=\"auto, (max-width: 1000px) 100vw, 1000px\" \/><\/a><\/p>\n<h4 style=\"text-align: justify;\"><span style=\"color: #3366ff;\"><strong>En cas de crevaison<\/strong><\/span><\/h4>\n<p style=\"text-align: justify;\">Il est possible de r\u00e9parer. Pour cela il faut de la peau de chambre \u00e0 air dans laquelle on taille de tr\u00e8s grandes rustines rondes. On utilise de la colle de contact n\u00e9opr\u00e8ne de bonne qualit\u00e9. On s\u2019applique lorsqu\u2019on \u00e9tend la colle sur chacune des faces et on colle en appliquant d&rsquo;abord le centre puis progressivement les bords. On se rappelle qu\u2019il ne faut pas trop gonfler les chambres \u00e0 air. D\u00e8s qu\u2019elles ont pris leur volume on continue \u00e0 peine et c\u2019est tout\u00a0! Moins la peau est tendue et moins la chambre \u00e0 air est sensible \u00e0 la crevaison.<img loading=\"lazy\" decoding=\"async\" class=\"aligncenter wp-image-1579 size-full\" src=\"http:\/\/arwann.com\/wp-content\/uploads\/2014\/06\/radeau-plan-5.png\" alt=\"\u00e9quipage du radeau gilet de souvetage radeau plan-5\" width=\"1387\" height=\"390\" srcset=\"http:\/\/arwann.com\/wp-content\/uploads\/2014\/06\/radeau-plan-5.png 1387w, http:\/\/arwann.com\/wp-content\/uploads\/2014\/06\/radeau-plan-5-300x84.png 300w, http:\/\/arwann.com\/wp-content\/uploads\/2014\/06\/radeau-plan-5-1024x287.png 1024w\" sizes=\"auto, (max-width: 1387px) 100vw, 1387px\" \/><\/p>\n<p style=\"text-align: justify;\"><a href=\"#Haut\">Retour en haut<\/a><br \/>\n<a href=\"http:\/\/arwann.com\/?page_id=3512\">Pr\u00e9parer les chambres \u00e0 air<\/a><br \/>\n<em>page suivante<\/em><\/p>\n","protected":false},"excerpt":{"rendered":"<p>Par Carcajou. Descendre une rivi\u00e8re en radeau est l\u2019une des aventures les plus exaltantes d\u2019un camp. Cependant elle demande une pr\u00e9paration sans faille. Les chefs ont leur part mais les patrouilles se doivent d\u2019\u00eatre \u00e0 la hauteur. En premier lieu il faut que chaque patrouillard passe son dipl\u00f4me de nage sur 50m. Pour certains ce &hellip; <a href=\"http:\/\/arwann.com\/?page_id=1573\" class=\"more-link\">Continuer la lecture de <span class=\"screen-reader-text\">Construire un radeau<\/span> <span class=\"meta-nav\">&rarr;<\/span><\/a><\/p>\n","protected":false},"author":3,"featured_media":0,"parent":31,"menu_order":0,"comment_status":"open","ping_status":"open","template":"","meta":{"footnotes":""},"class_list":["post-1573","page","type-page","status-publish","hentry"],"yoast_head":"<!-- This site is optimized with the Yoast SEO plugin v27.2 - https:\/\/yoast.com\/product\/yoast-seo-wordpress\/ -->\n<title>Construire un radeau -<\/title>\n<meta name=\"description\" content=\"conseils et principes pour construire un radeau efficace pour une descente de rivi\u00e8re classe 1 ou 2\" \/>\n<meta name=\"robots\" content=\"index, follow, max-snippet:-1, max-image-preview:large, max-video-preview:-1\" \/>\n<link rel=\"canonical\" href=\"http:\/\/arwann.com\/?page_id=1573\" \/>\n<meta property=\"og:locale\" content=\"fr_FR\" \/>\n<meta property=\"og:type\" content=\"article\" \/>\n<meta property=\"og:title\" content=\"Construire un radeau -\" \/>\n<meta property=\"og:description\" content=\"conseils et principes pour construire un radeau efficace pour une descente de rivi\u00e8re classe 1 ou 2\" \/>\n<meta property=\"og:url\" content=\"http:\/\/arwann.com\/?page_id=1573\" \/>\n<meta property=\"article:modified_time\" content=\"2019-07-27T13:54:58+00:00\" \/>\n<meta property=\"og:image\" content=\"http:\/\/arwann.com\/wp-content\/uploads\/2014\/04\/Bouton-HP.png\" \/>\n<meta name=\"twitter:label1\" content=\"Dur\u00e9e de lecture estim\u00e9e\" \/>\n\t<meta name=\"twitter:data1\" content=\"5 minutes\" \/>\n<script type=\"application\/ld+json\" class=\"yoast-schema-graph\">{\"@context\":\"https:\/\/schema.org\",\"@graph\":[{\"@type\":\"WebPage\",\"@id\":\"http:\/\/arwann.com\/?page_id=1573\",\"url\":\"http:\/\/arwann.com\/?page_id=1573\",\"name\":\"Construire un radeau -\",\"isPartOf\":{\"@id\":\"http:\/\/arwann.com\/#website\"},\"primaryImageOfPage\":{\"@id\":\"http:\/\/arwann.com\/?page_id=1573#primaryimage\"},\"image\":{\"@id\":\"http:\/\/arwann.com\/?page_id=1573#primaryimage\"},\"thumbnailUrl\":\"http:\/\/arwann.com\/wp-content\/uploads\/2014\/04\/Bouton-HP.png\",\"datePublished\":\"2014-06-24T18:10:14+00:00\",\"dateModified\":\"2019-07-27T13:54:58+00:00\",\"description\":\"conseils et principes pour construire un radeau efficace pour une descente de rivi\u00e8re classe 1 ou 2\",\"breadcrumb\":{\"@id\":\"http:\/\/arwann.com\/?page_id=1573#breadcrumb\"},\"inLanguage\":\"fr-FR\",\"potentialAction\":[{\"@type\":\"ReadAction\",\"target\":[\"http:\/\/arwann.com\/?page_id=1573\"]}]},{\"@type\":\"ImageObject\",\"inLanguage\":\"fr-FR\",\"@id\":\"http:\/\/arwann.com\/?page_id=1573#primaryimage\",\"url\":\"http:\/\/arwann.com\/wp-content\/uploads\/2014\/04\/Bouton-HP.png\",\"contentUrl\":\"http:\/\/arwann.com\/wp-content\/uploads\/2014\/04\/Bouton-HP.png\",\"width\":400,\"height\":400},{\"@type\":\"BreadcrumbList\",\"@id\":\"http:\/\/arwann.com\/?page_id=1573#breadcrumb\",\"itemListElement\":[{\"@type\":\"ListItem\",\"position\":1,\"name\":\"Home\",\"item\":\"https:\/\/arwann.com\/\"},{\"@type\":\"ListItem\",\"position\":2,\"name\":\"La Haute Patrouille\",\"item\":\"http:\/\/arwann.com\/?page_id=31\"},{\"@type\":\"ListItem\",\"position\":3,\"name\":\"Construire un radeau\"}]},{\"@type\":\"WebSite\",\"@id\":\"http:\/\/arwann.com\/#website\",\"url\":\"http:\/\/arwann.com\/\",\"name\":\"Arwann.com\",\"description\":\"\",\"publisher\":{\"@id\":\"http:\/\/arwann.com\/#organization\"},\"potentialAction\":[{\"@type\":\"SearchAction\",\"target\":{\"@type\":\"EntryPoint\",\"urlTemplate\":\"http:\/\/arwann.com\/?s={search_term_string}\"},\"query-input\":{\"@type\":\"PropertyValueSpecification\",\"valueRequired\":true,\"valueName\":\"search_term_string\"}}],\"inLanguage\":\"fr-FR\"},{\"@type\":\"Organization\",\"@id\":\"http:\/\/arwann.com\/#organization\",\"name\":\"Arwann\",\"url\":\"http:\/\/arwann.com\/\",\"logo\":{\"@type\":\"ImageObject\",\"inLanguage\":\"fr-FR\",\"@id\":\"http:\/\/arwann.com\/#\/schema\/logo\/image\/\",\"url\":\"http:\/\/arwann.com\/wp-content\/uploads\/2014\/04\/cropped-bandeau-arwann-5.png\",\"contentUrl\":\"http:\/\/arwann.com\/wp-content\/uploads\/2014\/04\/cropped-bandeau-arwann-5.png\",\"width\":1600,\"height\":230,\"caption\":\"Arwann\"},\"image\":{\"@id\":\"http:\/\/arwann.com\/#\/schema\/logo\/image\/\"}}]}<\/script>\n<!-- \/ Yoast SEO plugin. -->","yoast_head_json":{"title":"Construire un radeau -","description":"conseils et principes pour construire un radeau efficace pour une descente de rivi\u00e8re classe 1 ou 2","robots":{"index":"index","follow":"follow","max-snippet":"max-snippet:-1","max-image-preview":"max-image-preview:large","max-video-preview":"max-video-preview:-1"},"canonical":"http:\/\/arwann.com\/?page_id=1573","og_locale":"fr_FR","og_type":"article","og_title":"Construire un radeau -","og_description":"conseils et principes pour construire un radeau efficace pour une descente de rivi\u00e8re classe 1 ou 2","og_url":"http:\/\/arwann.com\/?page_id=1573","article_modified_time":"2019-07-27T13:54:58+00:00","og_image":[{"url":"http:\/\/arwann.com\/wp-content\/uploads\/2014\/04\/Bouton-HP.png","type":"","width":"","height":""}],"twitter_misc":{"Dur\u00e9e de lecture estim\u00e9e":"5 minutes"},"schema":{"@context":"https:\/\/schema.org","@graph":[{"@type":"WebPage","@id":"http:\/\/arwann.com\/?page_id=1573","url":"http:\/\/arwann.com\/?page_id=1573","name":"Construire un radeau -","isPartOf":{"@id":"http:\/\/arwann.com\/#website"},"primaryImageOfPage":{"@id":"http:\/\/arwann.com\/?page_id=1573#primaryimage"},"image":{"@id":"http:\/\/arwann.com\/?page_id=1573#primaryimage"},"thumbnailUrl":"http:\/\/arwann.com\/wp-content\/uploads\/2014\/04\/Bouton-HP.png","datePublished":"2014-06-24T18:10:14+00:00","dateModified":"2019-07-27T13:54:58+00:00","description":"conseils et principes pour construire un radeau efficace pour une descente de rivi\u00e8re classe 1 ou 2","breadcrumb":{"@id":"http:\/\/arwann.com\/?page_id=1573#breadcrumb"},"inLanguage":"fr-FR","potentialAction":[{"@type":"ReadAction","target":["http:\/\/arwann.com\/?page_id=1573"]}]},{"@type":"ImageObject","inLanguage":"fr-FR","@id":"http:\/\/arwann.com\/?page_id=1573#primaryimage","url":"http:\/\/arwann.com\/wp-content\/uploads\/2014\/04\/Bouton-HP.png","contentUrl":"http:\/\/arwann.com\/wp-content\/uploads\/2014\/04\/Bouton-HP.png","width":400,"height":400},{"@type":"BreadcrumbList","@id":"http:\/\/arwann.com\/?page_id=1573#breadcrumb","itemListElement":[{"@type":"ListItem","position":1,"name":"Home","item":"https:\/\/arwann.com\/"},{"@type":"ListItem","position":2,"name":"La Haute Patrouille","item":"http:\/\/arwann.com\/?page_id=31"},{"@type":"ListItem","position":3,"name":"Construire un radeau"}]},{"@type":"WebSite","@id":"http:\/\/arwann.com\/#website","url":"http:\/\/arwann.com\/","name":"Arwann.com","description":"","publisher":{"@id":"http:\/\/arwann.com\/#organization"},"potentialAction":[{"@type":"SearchAction","target":{"@type":"EntryPoint","urlTemplate":"http:\/\/arwann.com\/?s={search_term_string}"},"query-input":{"@type":"PropertyValueSpecification","valueRequired":true,"valueName":"search_term_string"}}],"inLanguage":"fr-FR"},{"@type":"Organization","@id":"http:\/\/arwann.com\/#organization","name":"Arwann","url":"http:\/\/arwann.com\/","logo":{"@type":"ImageObject","inLanguage":"fr-FR","@id":"http:\/\/arwann.com\/#\/schema\/logo\/image\/","url":"http:\/\/arwann.com\/wp-content\/uploads\/2014\/04\/cropped-bandeau-arwann-5.png","contentUrl":"http:\/\/arwann.com\/wp-content\/uploads\/2014\/04\/cropped-bandeau-arwann-5.png","width":1600,"height":230,"caption":"Arwann"},"image":{"@id":"http:\/\/arwann.com\/#\/schema\/logo\/image\/"}}]}},"_links":{"self":[{"href":"http:\/\/arwann.com\/index.php?rest_route=\/wp\/v2\/pages\/1573","targetHints":{"allow":["GET"]}}],"collection":[{"href":"http:\/\/arwann.com\/index.php?rest_route=\/wp\/v2\/pages"}],"about":[{"href":"http:\/\/arwann.com\/index.php?rest_route=\/wp\/v2\/types\/page"}],"author":[{"embeddable":true,"href":"http:\/\/arwann.com\/index.php?rest_route=\/wp\/v2\/users\/3"}],"replies":[{"embeddable":true,"href":"http:\/\/arwann.com\/index.php?rest_route=%2Fwp%2Fv2%2Fcomments&post=1573"}],"version-history":[{"count":19,"href":"http:\/\/arwann.com\/index.php?rest_route=\/wp\/v2\/pages\/1573\/revisions"}],"predecessor-version":[{"id":3543,"href":"http:\/\/arwann.com\/index.php?rest_route=\/wp\/v2\/pages\/1573\/revisions\/3543"}],"up":[{"embeddable":true,"href":"http:\/\/arwann.com\/index.php?rest_route=\/wp\/v2\/pages\/31"}],"wp:attachment":[{"href":"http:\/\/arwann.com\/index.php?rest_route=%2Fwp%2Fv2%2Fmedia&parent=1573"}],"curies":[{"name":"wp","href":"https:\/\/api.w.org\/{rel}","templated":true}]}}