{"id":1502,"date":"2014-06-04T20:10:04","date_gmt":"2014-06-04T19:10:04","guid":{"rendered":"http:\/\/arwann.com\/?page_id=1502"},"modified":"2018-05-16T08:51:20","modified_gmt":"2018-05-16T07:51:20","slug":"topagraphie-orientation","status":"publish","type":"page","link":"http:\/\/arwann.com\/?page_id=1502","title":{"rendered":"Topagraphie \/ orientation (2)"},"content":{"rendered":"<p><a href=\"http:\/\/arwann.com\/wp-content\/uploads\/2014\/04\/baden_powell_portrait-Copie.png\"><img loading=\"lazy\" decoding=\"async\" class=\"alignright wp-image-601\" src=\"http:\/\/arwann.com\/wp-content\/uploads\/2014\/04\/baden_powell_portrait-Copie.png\" alt=\"baden_powell_portrait - Copie\" width=\"200\" height=\"200\" srcset=\"http:\/\/arwann.com\/wp-content\/uploads\/2014\/04\/baden_powell_portrait-Copie.png 400w, http:\/\/arwann.com\/wp-content\/uploads\/2014\/04\/baden_powell_portrait-Copie-200x200.png 200w, http:\/\/arwann.com\/wp-content\/uploads\/2014\/04\/baden_powell_portrait-Copie-100x100.png 100w, http:\/\/arwann.com\/wp-content\/uploads\/2014\/04\/baden_powell_portrait-Copie-300x300.png 300w, http:\/\/arwann.com\/wp-content\/uploads\/2014\/04\/baden_powell_portrait-Copie-150x150.png 150w\" sizes=\"auto, (max-width: 200px) 100vw, 200px\" \/><\/a>Par Lama<strong>.<\/strong><\/p>\n<p>Chez les scouts, sait-on vraiment \u00e0 quoi servent topographie et orientation? La r\u00e9ponse est vraiment tr\u00e8s simple\u00a0; \u00e7a sert \u00e0 deux choses qui sont intimement li\u00e9es\u00a0: &#8211;\u00a0\u00a0\u00a0\u00a0\u00a0\u00a0\u00a0\u00a0\u00a0 Toujours savoir o\u00f9 l\u2019on se trouve (ou ne jamais se perdre) &#8211;\u00a0\u00a0\u00a0\u00a0\u00a0\u00a0\u00a0\u00a0\u00a0 Choisir le meilleur itin\u00e9raire pour la mission et le suivre. L\u2019orientation et la topographie n\u2019ont pas d\u2019autre fin, cela ne semble pas tr\u00e8s s\u00e9rieux mais pourtant la ma\u00eetrise de ces deux points donne les moyens de vivre l\u2019aventure. Quoi de plus navrant qu\u2019un grand jeu qui foire parce que telle ou telle patrouille s\u2019est perdue\u00a0? Quoi de plus lamentable que cette patrouille qui, au cours de son exploration, se borne \u00e0 suivre des routes\u00a0? Dominer la topo c\u2019est ma\u00eetriser le temps et l\u2019espace, c\u2019est m\u00e9nager ses forces, c\u2019est commander son destin imm\u00e9diat. Ma\u00eetriser la topo c\u2019est aussi oser se lancer hors des sentiers battus et se donner la chance de d\u00e9couvertes insolites ou stup\u00e9fiantes. C\u2019est \u00e9veiller la vivacit\u00e9 de l\u2019esprit qui cherche et qui en oublie la fatigue de la progression. Pour s&rsquo;orienter il existe trois instruments : la carte, la boussole et&#8230; Le terrain lui-m\u00eame. C&rsquo;est en travaillant avec ces trois instruments \u00e0 la fois qu&rsquo;on se dirige de mani\u00e8re s\u00fbre. Parfois l&rsquo;un des trois nous manque. Parfois deux nous manquent. Ce peut \u00eatre le cas d&rsquo;une marche de nuit avec simplement la boussole, le terrain est bien l\u00e0 mais il se distingue \u00e0 peine. Mais voil\u00e0, \u00eatre un crac en orientation \u00e7a s&rsquo;apprend. Il y quelques bases&#8230; Et beaucoup de pratique. Voici les notions qu\u2019il faut comprendre et assimiler et qui sont\u00a0: &#8211;\u00a0\u00a0\u00a0\u00a0\u00a0\u00a0\u00a0\u00a0\u00a0 Les 3 Nords et les quadrillages &#8211;\u00a0\u00a0\u00a0\u00a0\u00a0\u00a0\u00a0\u00a0\u00a0 Calculer et suivre un azimut &#8211;\u00a0\u00a0\u00a0\u00a0\u00a0\u00a0\u00a0\u00a0\u00a0 Comprendre le relief et les cours d\u2019eau &#8211;\u00a0\u00a0\u00a0\u00a0\u00a0\u00a0\u00a0\u00a0\u00a0 D\u00e9crypter les symboles de la carte<\/p>\n<h2>\u00a0<strong>Enseigner \/ Exercer<\/strong><\/h2>\n<figure id=\"attachment_1506\" aria-describedby=\"caption-attachment-1506\" style=\"width: 205px\" class=\"wp-caption alignright\"><a href=\"http:\/\/arwann.com\/wp-content\/uploads\/2014\/06\/azimut-scout-boussoule.png\"><img loading=\"lazy\" decoding=\"async\" class=\"wp-image-1506 size-medium\" src=\"http:\/\/arwann.com\/wp-content\/uploads\/2014\/06\/azimut-scout-boussoule-205x300.png\" alt=\"il faut souvent comparer l'orientation des \u00e9l\u00e9ments sur le terrain et sur la carte.\" width=\"205\" height=\"300\" srcset=\"http:\/\/arwann.com\/wp-content\/uploads\/2014\/06\/azimut-scout-boussoule-205x300.png 205w, http:\/\/arwann.com\/wp-content\/uploads\/2014\/06\/azimut-scout-boussoule-300x438.png 300w, http:\/\/arwann.com\/wp-content\/uploads\/2014\/06\/azimut-scout-boussoule-700x1024.png 700w, http:\/\/arwann.com\/wp-content\/uploads\/2014\/06\/azimut-scout-boussoule.png 1072w\" sizes=\"auto, (max-width: 205px) 100vw, 205px\" \/><\/a><figcaption id=\"caption-attachment-1506\" class=\"wp-caption-text\">il faut souvent comparer l&rsquo;orientation des \u00e9l\u00e9ments sur le terrain et sur la carte.<\/figcaption><\/figure>\n<p>Ces notions de topo et d\u2019orientation sont complexes pour les scouts. Au niveau SP et CP, les gar\u00e7ons peuvent comprendre et ma\u00eetriser mais il faut leur enseigner les notions capitales\u00a0suivantes\u00a0: &#8211;\u00a0\u00a0\u00a0\u00a0\u00a0\u00a0\u00a0\u00a0\u00a0 les 3 Nord &#8211;\u00a0\u00a0\u00a0\u00a0\u00a0\u00a0\u00a0\u00a0\u00a0 calculer et suivre un azimut &#8211;\u00a0\u00a0\u00a0\u00a0\u00a0\u00a0\u00a0\u00a0\u00a0 comprendre le relief et les cours d\u2019eau &#8211;\u00a0\u00a0\u00a0\u00a0\u00a0\u00a0\u00a0\u00a0\u00a0 d\u00e9crypter les signes de la carte. Pour enseigner il y deux moyens compl\u00e9mentaires, la th\u00e9orie et les exercices. On fera tout \u00e7a au cours de week-ends HP. Pour les exercices on pourra effectuer des azimuts avec boussole mais sans carte, ou l\u2019inverse, avec carte mais sans boussole. On fera \u00e9galement des croquis panoramique lorsque l\u2019on sera face \u00e0 un panorama pour habituer les scouts \u00e0 distinguer au loin des mouvements de terrain ou des constructions et les retrouver sur la carte, ou alors l\u2019inverse. Les croquis topo ont exactement la m\u00eame finalit\u00e9 familiariser les scouts avec les angles, les distances et les petits calculs ainsi que les habituer \u00e0 observer, r\u00e9fl\u00e9chir, d\u00e9duire. (voir Topo \/ orientation scouts) En revanche il faut travailler avec carte et boussole pour les v\u00e9ritables activit\u00e9s de patrouille ou pour les raids de classe. Il ne faut pas perdre de vue les buts \u00e0 atteindre\u00a0en m\u00eame temps : &#8211;\u00a0\u00a0\u00a0\u00a0\u00a0\u00a0\u00a0\u00a0\u00a0 Toujours savoir o\u00f9 l\u2019on se trouve (ou ne jamais se perdre) &#8211;\u00a0\u00a0\u00a0\u00a0\u00a0\u00a0\u00a0\u00a0\u00a0 Choisir le meilleur itin\u00e9raire pour la mission et le suivre. Tr\u00e8s souvent les chefs qui pr\u00e9parent des \u00ab\u00a0raids de patrouille\u00a0\u00bb sans carte ne se rendent m\u00eame pas compte qu\u2019ils demandent tr\u00e8s souvent quelque chose d\u2019impossible. D\u2019abord les valeurs d\u2019azimut sont fausses ou inexactes, les distances sont bien trop longues et les points de ralliement difficile \u00e0 trouver. En outre 5 ou 6 azimuts sont enquill\u00e9s \u00e0 la suite pour effectuer comme une grande boucle. S\u2019il y a un seul azimut rat\u00e9, tout est rat\u00e9. Et si les scouts ne prenaient pas l\u2019habitude de tricher, ils se planteraient \u00e0 chaque fois. Car il se passe que les scouts partent avec des cartes cach\u00e9es dans leur chaussettes (ou autre part) afin d\u2019avoir une chance de ne pas se perdre. (<a title=\"les 3 camps\" href=\"http:\/\/arwann.com\/?page_id=1429\">voir le camp de prisonnier<\/a>). Ce n\u2019est \u00e9videmment pas ainsi qu\u2019il faut aborder la topo. En revanche il faut pr\u00e9parer des raids d\u2019explo, de classe ou de d\u00e9couverte, avec les patrouilles ou les scouts en leur montrant quels itin\u00e9raires pittoresques ou int\u00e9ressants ils doivent \u00e9laborer\u00a0: un bout de chemin, ensuite un talweg, ensuite une courbe de niveau, ensuite un petit azimut, ensuite une ligne de cr\u00eate&#8230; Il est bien s\u00fbr \u00e9vident qu\u2019on ne laisse pas la carte pour que la patrouille suive b\u00eatement une route. La topographie \/ orientation sert \u00e0 ma\u00eetriser sa progression et la rendre \u00e0 la fois efficace et int\u00e9ressante. Une fois que les a\u00een\u00e9s de la patrouille sont \u00e0 l\u2019aise en topo, on peut faire des explos passionnantes et des jeux bien p\u00eachus, dans des terrains difficiles, de nuit\u2026<\/p>\n<p><a href=\"http:\/\/arwann.com\/?page_id=1770\">Croquis\u00a0 pano et croquis topo<\/a><br \/>\n<a href=\"http:\/\/arwann.com\/?page_id=1187\">Retour \u00e0 Organiser l&rsquo;aventure<\/a><\/p>\n","protected":false},"excerpt":{"rendered":"<p>Par Lama. Chez les scouts, sait-on vraiment \u00e0 quoi servent topographie et orientation? La r\u00e9ponse est vraiment tr\u00e8s simple\u00a0; \u00e7a sert \u00e0 deux choses qui sont intimement li\u00e9es\u00a0: &#8211;\u00a0\u00a0\u00a0\u00a0\u00a0\u00a0\u00a0\u00a0\u00a0 Toujours savoir o\u00f9 l\u2019on se trouve (ou ne jamais se perdre) &#8211;\u00a0\u00a0\u00a0\u00a0\u00a0\u00a0\u00a0\u00a0\u00a0 Choisir le meilleur itin\u00e9raire pour la mission et le suivre. L\u2019orientation et la topographie &hellip; <a href=\"http:\/\/arwann.com\/?page_id=1502\" class=\"more-link\">Continuer la lecture de <span class=\"screen-reader-text\">Topagraphie \/ orientation (2)<\/span> <span class=\"meta-nav\">&rarr;<\/span><\/a><\/p>\n","protected":false},"author":3,"featured_media":0,"parent":1187,"menu_order":0,"comment_status":"open","ping_status":"open","template":"","meta":{"footnotes":""},"class_list":["post-1502","page","type-page","status-publish","hentry"],"yoast_head":"<!-- This site is optimized with the Yoast SEO plugin v27.2 - https:\/\/yoast.com\/product\/yoast-seo-wordpress\/ -->\n<title>Topagraphie \/ orientation (2) -<\/title>\n<meta name=\"description\" content=\"Chez les scouts la topographie et orientation servent \u00e0 toujours savoir o\u00f9 l\u2019on se trouve et \u00e0 choisir le meilleur itin\u00e9raire pour la mission et le suivre.\" \/>\n<meta name=\"robots\" content=\"index, follow, max-snippet:-1, max-image-preview:large, max-video-preview:-1\" \/>\n<link rel=\"canonical\" href=\"http:\/\/arwann.com\/?page_id=1502\" \/>\n<meta property=\"og:locale\" content=\"fr_FR\" \/>\n<meta property=\"og:type\" content=\"article\" \/>\n<meta property=\"og:title\" content=\"Topagraphie \/ orientation (2) -\" \/>\n<meta property=\"og:description\" content=\"Chez les scouts la topographie et orientation servent \u00e0 toujours savoir o\u00f9 l\u2019on se trouve et \u00e0 choisir le meilleur itin\u00e9raire pour la mission et le suivre.\" \/>\n<meta property=\"og:url\" content=\"http:\/\/arwann.com\/?page_id=1502\" \/>\n<meta property=\"article:modified_time\" content=\"2018-05-16T07:51:20+00:00\" \/>\n<meta property=\"og:image\" content=\"http:\/\/arwann.com\/wp-content\/uploads\/2014\/04\/baden_powell_portrait-Copie.png\" \/>\n<meta name=\"twitter:label1\" content=\"Dur\u00e9e de lecture estim\u00e9e\" \/>\n\t<meta name=\"twitter:data1\" content=\"4 minutes\" \/>\n<script type=\"application\/ld+json\" class=\"yoast-schema-graph\">{\"@context\":\"https:\/\/schema.org\",\"@graph\":[{\"@type\":\"WebPage\",\"@id\":\"http:\/\/arwann.com\/?page_id=1502\",\"url\":\"http:\/\/arwann.com\/?page_id=1502\",\"name\":\"Topagraphie \/ orientation (2) -\",\"isPartOf\":{\"@id\":\"http:\/\/arwann.com\/#website\"},\"primaryImageOfPage\":{\"@id\":\"http:\/\/arwann.com\/?page_id=1502#primaryimage\"},\"image\":{\"@id\":\"http:\/\/arwann.com\/?page_id=1502#primaryimage\"},\"thumbnailUrl\":\"http:\/\/arwann.com\/wp-content\/uploads\/2014\/04\/baden_powell_portrait-Copie.png\",\"datePublished\":\"2014-06-04T19:10:04+00:00\",\"dateModified\":\"2018-05-16T07:51:20+00:00\",\"description\":\"Chez les scouts la topographie et orientation servent \u00e0 toujours savoir o\u00f9 l\u2019on se trouve et \u00e0 choisir le meilleur itin\u00e9raire pour la mission et le suivre.\",\"breadcrumb\":{\"@id\":\"http:\/\/arwann.com\/?page_id=1502#breadcrumb\"},\"inLanguage\":\"fr-FR\",\"potentialAction\":[{\"@type\":\"ReadAction\",\"target\":[\"http:\/\/arwann.com\/?page_id=1502\"]}]},{\"@type\":\"ImageObject\",\"inLanguage\":\"fr-FR\",\"@id\":\"http:\/\/arwann.com\/?page_id=1502#primaryimage\",\"url\":\"http:\/\/arwann.com\/wp-content\/uploads\/2014\/04\/baden_powell_portrait-Copie.png\",\"contentUrl\":\"http:\/\/arwann.com\/wp-content\/uploads\/2014\/04\/baden_powell_portrait-Copie.png\",\"width\":400,\"height\":400},{\"@type\":\"BreadcrumbList\",\"@id\":\"http:\/\/arwann.com\/?page_id=1502#breadcrumb\",\"itemListElement\":[{\"@type\":\"ListItem\",\"position\":1,\"name\":\"Home\",\"item\":\"http:\/\/arwann.com\/\"},{\"@type\":\"ListItem\",\"position\":2,\"name\":\"Le Kr\u00e2al\",\"item\":\"http:\/\/arwann.com\/?page_id=33\"},{\"@type\":\"ListItem\",\"position\":3,\"name\":\"Organiser l&rsquo;aventure\",\"item\":\"https:\/\/arwann.com\/?page_id=1187\"},{\"@type\":\"ListItem\",\"position\":4,\"name\":\"Topagraphie \/ orientation (2)\"}]},{\"@type\":\"WebSite\",\"@id\":\"http:\/\/arwann.com\/#website\",\"url\":\"http:\/\/arwann.com\/\",\"name\":\"Arwann.com\",\"description\":\"\",\"publisher\":{\"@id\":\"http:\/\/arwann.com\/#organization\"},\"potentialAction\":[{\"@type\":\"SearchAction\",\"target\":{\"@type\":\"EntryPoint\",\"urlTemplate\":\"http:\/\/arwann.com\/?s={search_term_string}\"},\"query-input\":{\"@type\":\"PropertyValueSpecification\",\"valueRequired\":true,\"valueName\":\"search_term_string\"}}],\"inLanguage\":\"fr-FR\"},{\"@type\":\"Organization\",\"@id\":\"http:\/\/arwann.com\/#organization\",\"name\":\"Arwann\",\"url\":\"http:\/\/arwann.com\/\",\"logo\":{\"@type\":\"ImageObject\",\"inLanguage\":\"fr-FR\",\"@id\":\"http:\/\/arwann.com\/#\/schema\/logo\/image\/\",\"url\":\"http:\/\/arwann.com\/wp-content\/uploads\/2014\/04\/cropped-bandeau-arwann-5.png\",\"contentUrl\":\"http:\/\/arwann.com\/wp-content\/uploads\/2014\/04\/cropped-bandeau-arwann-5.png\",\"width\":1600,\"height\":230,\"caption\":\"Arwann\"},\"image\":{\"@id\":\"http:\/\/arwann.com\/#\/schema\/logo\/image\/\"}}]}<\/script>\n<!-- \/ Yoast SEO plugin. -->","yoast_head_json":{"title":"Topagraphie \/ orientation (2) -","description":"Chez les scouts la topographie et orientation servent \u00e0 toujours savoir o\u00f9 l\u2019on se trouve et \u00e0 choisir le meilleur itin\u00e9raire pour la mission et le suivre.","robots":{"index":"index","follow":"follow","max-snippet":"max-snippet:-1","max-image-preview":"max-image-preview:large","max-video-preview":"max-video-preview:-1"},"canonical":"http:\/\/arwann.com\/?page_id=1502","og_locale":"fr_FR","og_type":"article","og_title":"Topagraphie \/ orientation (2) -","og_description":"Chez les scouts la topographie et orientation servent \u00e0 toujours savoir o\u00f9 l\u2019on se trouve et \u00e0 choisir le meilleur itin\u00e9raire pour la mission et le suivre.","og_url":"http:\/\/arwann.com\/?page_id=1502","article_modified_time":"2018-05-16T07:51:20+00:00","og_image":[{"url":"http:\/\/arwann.com\/wp-content\/uploads\/2014\/04\/baden_powell_portrait-Copie.png","type":"","width":"","height":""}],"twitter_misc":{"Dur\u00e9e de lecture estim\u00e9e":"4 minutes"},"schema":{"@context":"https:\/\/schema.org","@graph":[{"@type":"WebPage","@id":"http:\/\/arwann.com\/?page_id=1502","url":"http:\/\/arwann.com\/?page_id=1502","name":"Topagraphie \/ orientation (2) -","isPartOf":{"@id":"http:\/\/arwann.com\/#website"},"primaryImageOfPage":{"@id":"http:\/\/arwann.com\/?page_id=1502#primaryimage"},"image":{"@id":"http:\/\/arwann.com\/?page_id=1502#primaryimage"},"thumbnailUrl":"http:\/\/arwann.com\/wp-content\/uploads\/2014\/04\/baden_powell_portrait-Copie.png","datePublished":"2014-06-04T19:10:04+00:00","dateModified":"2018-05-16T07:51:20+00:00","description":"Chez les scouts la topographie et orientation servent \u00e0 toujours savoir o\u00f9 l\u2019on se trouve et \u00e0 choisir le meilleur itin\u00e9raire pour la mission et le suivre.","breadcrumb":{"@id":"http:\/\/arwann.com\/?page_id=1502#breadcrumb"},"inLanguage":"fr-FR","potentialAction":[{"@type":"ReadAction","target":["http:\/\/arwann.com\/?page_id=1502"]}]},{"@type":"ImageObject","inLanguage":"fr-FR","@id":"http:\/\/arwann.com\/?page_id=1502#primaryimage","url":"http:\/\/arwann.com\/wp-content\/uploads\/2014\/04\/baden_powell_portrait-Copie.png","contentUrl":"http:\/\/arwann.com\/wp-content\/uploads\/2014\/04\/baden_powell_portrait-Copie.png","width":400,"height":400},{"@type":"BreadcrumbList","@id":"http:\/\/arwann.com\/?page_id=1502#breadcrumb","itemListElement":[{"@type":"ListItem","position":1,"name":"Home","item":"http:\/\/arwann.com\/"},{"@type":"ListItem","position":2,"name":"Le Kr\u00e2al","item":"http:\/\/arwann.com\/?page_id=33"},{"@type":"ListItem","position":3,"name":"Organiser l&rsquo;aventure","item":"https:\/\/arwann.com\/?page_id=1187"},{"@type":"ListItem","position":4,"name":"Topagraphie \/ orientation (2)"}]},{"@type":"WebSite","@id":"http:\/\/arwann.com\/#website","url":"http:\/\/arwann.com\/","name":"Arwann.com","description":"","publisher":{"@id":"http:\/\/arwann.com\/#organization"},"potentialAction":[{"@type":"SearchAction","target":{"@type":"EntryPoint","urlTemplate":"http:\/\/arwann.com\/?s={search_term_string}"},"query-input":{"@type":"PropertyValueSpecification","valueRequired":true,"valueName":"search_term_string"}}],"inLanguage":"fr-FR"},{"@type":"Organization","@id":"http:\/\/arwann.com\/#organization","name":"Arwann","url":"http:\/\/arwann.com\/","logo":{"@type":"ImageObject","inLanguage":"fr-FR","@id":"http:\/\/arwann.com\/#\/schema\/logo\/image\/","url":"http:\/\/arwann.com\/wp-content\/uploads\/2014\/04\/cropped-bandeau-arwann-5.png","contentUrl":"http:\/\/arwann.com\/wp-content\/uploads\/2014\/04\/cropped-bandeau-arwann-5.png","width":1600,"height":230,"caption":"Arwann"},"image":{"@id":"http:\/\/arwann.com\/#\/schema\/logo\/image\/"}}]}},"_links":{"self":[{"href":"http:\/\/arwann.com\/index.php?rest_route=\/wp\/v2\/pages\/1502","targetHints":{"allow":["GET"]}}],"collection":[{"href":"http:\/\/arwann.com\/index.php?rest_route=\/wp\/v2\/pages"}],"about":[{"href":"http:\/\/arwann.com\/index.php?rest_route=\/wp\/v2\/types\/page"}],"author":[{"embeddable":true,"href":"http:\/\/arwann.com\/index.php?rest_route=\/wp\/v2\/users\/3"}],"replies":[{"embeddable":true,"href":"http:\/\/arwann.com\/index.php?rest_route=%2Fwp%2Fv2%2Fcomments&post=1502"}],"version-history":[{"count":11,"href":"http:\/\/arwann.com\/index.php?rest_route=\/wp\/v2\/pages\/1502\/revisions"}],"predecessor-version":[{"id":3264,"href":"http:\/\/arwann.com\/index.php?rest_route=\/wp\/v2\/pages\/1502\/revisions\/3264"}],"up":[{"embeddable":true,"href":"http:\/\/arwann.com\/index.php?rest_route=\/wp\/v2\/pages\/1187"}],"wp:attachment":[{"href":"http:\/\/arwann.com\/index.php?rest_route=%2Fwp%2Fv2%2Fmedia&parent=1502"}],"curies":[{"name":"wp","href":"https:\/\/api.w.org\/{rel}","templated":true}]}}