{"id":131,"date":"2014-03-27T21:43:28","date_gmt":"2014-03-27T20:43:28","guid":{"rendered":"http:\/\/arwann.com\/?page_id=131"},"modified":"2020-04-18T20:23:59","modified_gmt":"2020-04-18T19:23:59","slug":"froissartage-ou-forestage","status":"publish","type":"page","link":"http:\/\/arwann.com\/?page_id=131","title":{"rendered":"Froissartage ou  Forestage"},"content":{"rendered":"<p style=\"text-align: justify;\"><a href=\"http:\/\/arwann.com\/wp-content\/uploads\/2014\/04\/bouton-scout.png\"><img loading=\"lazy\" decoding=\"async\" class=\"alignright wp-image-892\" src=\"http:\/\/arwann.com\/wp-content\/uploads\/2014\/04\/bouton-scout.png\" alt=\"bouton scout\" width=\"200\" height=\"200\" srcset=\"http:\/\/arwann.com\/wp-content\/uploads\/2014\/04\/bouton-scout.png 400w, http:\/\/arwann.com\/wp-content\/uploads\/2014\/04\/bouton-scout-200x200.png 200w, http:\/\/arwann.com\/wp-content\/uploads\/2014\/04\/bouton-scout-100x100.png 100w, http:\/\/arwann.com\/wp-content\/uploads\/2014\/04\/bouton-scout-300x300.png 300w, http:\/\/arwann.com\/wp-content\/uploads\/2014\/04\/bouton-scout-150x150.png 150w\" sizes=\"auto, (max-width: 200px) 100vw, 200px\" \/><\/a><a name=\"Haut\"><\/a>Par Lama. <a href=\"http:\/\/arwann.com\/wp-content\/uploads\/2014\/03\/arw0002-froissartage-ou-forestage-Copie.pdf\">arw0002-froissartage ou forestage.pdf<\/a><br \/>\n<a href=\"http:\/\/arwann.com\/?page_id=29\">Le coin des scouts<\/a> -&gt; <a href=\"http:\/\/arwann.com\/?page_id=121\">Forestage et installations<\/a><\/p>\n<p style=\"text-align: justify;\">Pourquoi utiliser le terme Forestage plut\u00f4t que froissartage? En fait dans le monde des scouts il semble que cela soit exactement la m\u00eame chose.<\/p>\n<p style=\"text-align: justify;\">Un jour pourtant un jeune chef me faisait remarquer qu\u2019il diff\u00e9renciait parfaitement les deux termes. Pour lui, avant c\u2019\u00e9tait le froissartage et maintenant avec le forestage tout se passait diff\u00e9remment. Comme j\u2019essayais de lui faire pr\u00e9ciser sa pens\u00e9e, il finit par me dire :<\/p>\n<p style=\"text-align: justify;\">&#8211; Le froissartage pour moi correspond \u00e0 un certain esprit dont l\u2019embl\u00e8me ou le symbole serait l\u2019assemblage par mi-bois chevill\u00e9.<\/p>\n<p style=\"text-align: justify;\">&#8211; Le forestage en revanche implique un esprit totalement diff\u00e9rent qui colle parfaitement avec l\u2019esprit scout. Et sa figure embl\u00e9matique est l\u2019assemblage par tenon mortaise.<\/p>\n<p style=\"text-align: justify;\"><a href=\"http:\/\/arwann.com\/wp-content\/uploads\/2014\/04\/tenon-vs-mibois.png\"><img loading=\"lazy\" decoding=\"async\" class=\"size-full wp-image-248 alignright\" style=\"border: 1px solid black;\" src=\"http:\/\/arwann.com\/wp-content\/uploads\/2014\/04\/tenon-vs-mibois.png\" alt=\"tenon vs mibois\" width=\"387\" height=\"466\" srcset=\"http:\/\/arwann.com\/wp-content\/uploads\/2014\/04\/tenon-vs-mibois.png 387w, http:\/\/arwann.com\/wp-content\/uploads\/2014\/04\/tenon-vs-mibois-300x361.png 300w, http:\/\/arwann.com\/wp-content\/uploads\/2014\/04\/tenon-vs-mibois-249x300.png 249w\" sizes=\"auto, (max-width: 387px) 100vw, 387px\" \/><\/a>Bien que surpris par sa r\u00e9ponse je compris imm\u00e9diatement ce qu\u2019il voulait dire mais ce jeune chef poursuivit en me livrant son exp\u00e9rience des installations.<\/p>\n<p style=\"text-align: justify;\">&#8211; Lorsque j\u2019\u00e9tais jeune scout, la p\u00e9riode des installations \u00e9tait une p\u00e9riode difficile, stressante et fatigante. Et chaque fois je n\u2019\u00e9tais pas satisfait de ce que nous avions construit.<\/p>\n<p style=\"text-align: justify;\">Il continua en m\u2019expliquant sa pens\u00e9e. Beaucoup d\u2019efforts et d\u2019\u00e9nervement, de gros arbres, des r\u00e9alisations peu nombreuses mais lourdes, massives, peu confortables. Il se rappelait en particulier que tout jeune scout, ses pieds ne touchaient pas terre lorsqu\u2019il \u00e9tait assis sur les bancs de la table de repas.<\/p>\n<p style=\"text-align: justify;\">Et puis une ann\u00e9e, alors qu\u2019il \u00e9tait second de patrouille, un chef de troupe venu d\u2019autre part s\u2019est mis \u00e0 construire autrement. Vite, bien et beau. En trois jours d\u2019installations les patrouilles avaient p\u00e9niblement achev\u00e9 une table et un coin cuisine. Pendant ce m\u00eame temps, \u00e9paul\u00e9 simplement de deux assistants, \u00ab Mammouth \u00bb, ce chef, avait construit un Kr\u00e2al magnifique avec des lits, une cuisine, un coin secr\u00e9taire, des rangements, une salle de CDC, tout \u00e7a sous le m\u00eame toit. En outre il avait construit un autel et une chapelle, le m\u00e2t des couleurs, le coin veill\u00e9e, un coin toilette. Les deux assistants qui \u00e9taient de la troupe n\u2019\u00e9taient donc pas form\u00e9s aux m\u00e9thodes de construction de ce chef mais ils avaient compris imm\u00e9diatement la m\u00e9thode et suivi sans probl\u00e8me en devenant presque imm\u00e9diatement aussi bon que Mammouth.<\/p>\n<p style=\"text-align: justify;\">&#8211; Nous n\u2019\u00e9tions pas idiots, m&rsquo;expliqua alors ce jeune chef,\u00a0 et apr\u00e8s avoir bien observ\u00e9 nous \u00e9tions tous convaincus que nous serions capables d\u2019en faire autant que Mammouth.<\/p>\n<p style=\"text-align: justify;\">De fait, l\u2019ann\u00e9e suivante ce jeune chef avait pass\u00e9 exactement 4 heures \u00e0 enseigner \u00e0 la HP la technique du tenon mortaise et aussit\u00f4t chaque bin\u00f4me HP avait construit un banc. L\u2019ann\u00e9e suivante chaque patrouille s\u2019\u00e9tait construit exactement une petite maison, aussi confortable que le Kr\u00e2al du chef Mammouth.<\/p>\n<p style=\"text-align: justify;\">&#8211; Et la vie aux scouts a chang\u00e9, conclut ce jeune chef, la vie a vraiment chang\u00e9. Et je peux dire qu\u2019il y a eu un \u00ab\u00a0avant\u00a0\u00bb et un \u00ab\u00a0apr\u00e8s\u00a0\u00bb.<\/p>\n<p style=\"text-align: justify;\">Dans la suite de cet \u00e9change, je v\u00e9rifiais que finalement nous avions exactement les m\u00eames vues. Et je vais essayer d\u2019expliquer en quoi consiste le <a title=\"Esprit du Forestage\" href=\"http:\/\/arwann.com\/?page_id=135\">forestage<\/a> et pourquoi c\u2019est davantage un art de vivre parfaitement scout qu&rsquo;une simple technique. On comprendra alors pourquoi cet art de vivre scout se trouve parfaitement repr\u00e9sent\u00e9 par l\u2019assemblage tenon-mortaise.<\/p>\n<p><a href=\"#Haut\">Retour en haut<\/a><br \/>\n<em>page pr\u00e9c\u00e9dente :<a title=\"Froissartage\" href=\"http:\/\/arwann.com\/?page_id=125\"> le froissartage<\/a><\/em><br \/>\n<em>page suivante : <a title=\"Esprit du Forestage\" href=\"http:\/\/arwann.com\/?page_id=135\">esprit du forestage<\/a><\/em><\/p>\n","protected":false},"excerpt":{"rendered":"<p>Par Lama. arw0002-froissartage ou forestage.pdf Le coin des scouts -&gt; Forestage et installations Pourquoi utiliser le terme Forestage plut\u00f4t que froissartage? En fait dans le monde des scouts il semble que cela soit exactement la m\u00eame chose. Un jour pourtant un jeune chef me faisait remarquer qu\u2019il diff\u00e9renciait parfaitement les deux termes. Pour lui, avant &hellip; <a href=\"http:\/\/arwann.com\/?page_id=131\" class=\"more-link\">Continuer la lecture de <span class=\"screen-reader-text\">Froissartage ou  Forestage<\/span> <span class=\"meta-nav\">&rarr;<\/span><\/a><\/p>\n","protected":false},"author":1,"featured_media":0,"parent":121,"menu_order":0,"comment_status":"open","ping_status":"open","template":"","meta":{"footnotes":""},"class_list":["post-131","page","type-page","status-publish","hentry"],"yoast_head":"<!-- This site is optimized with the Yoast SEO plugin v27.2 - https:\/\/yoast.com\/product\/yoast-seo-wordpress\/ -->\n<title>Froissartage ou Forestage -<\/title>\n<meta name=\"robots\" content=\"index, follow, max-snippet:-1, max-image-preview:large, max-video-preview:-1\" \/>\n<link rel=\"canonical\" href=\"http:\/\/arwann.com\/?page_id=131\" \/>\n<meta property=\"og:locale\" content=\"fr_FR\" \/>\n<meta property=\"og:type\" content=\"article\" \/>\n<meta property=\"og:title\" content=\"Froissartage ou Forestage -\" \/>\n<meta property=\"og:description\" content=\"Par Lama. arw0002-froissartage ou forestage.pdf Le coin des scouts -&gt; Forestage et installations Pourquoi utiliser le terme Forestage plut\u00f4t que froissartage? En fait dans le monde des scouts il semble que cela soit exactement la m\u00eame chose. Un jour pourtant un jeune chef me faisait remarquer qu\u2019il diff\u00e9renciait parfaitement les deux termes. Pour lui, avant &hellip; Continuer la lecture de Froissartage ou Forestage &rarr;\" \/>\n<meta property=\"og:url\" content=\"http:\/\/arwann.com\/?page_id=131\" \/>\n<meta property=\"article:modified_time\" content=\"2020-04-18T19:23:59+00:00\" \/>\n<meta property=\"og:image\" content=\"http:\/\/arwann.com\/wp-content\/uploads\/2014\/04\/bouton-scout.png\" \/>\n<meta name=\"twitter:label1\" content=\"Dur\u00e9e de lecture estim\u00e9e\" \/>\n\t<meta name=\"twitter:data1\" content=\"3 minutes\" \/>\n<script type=\"application\/ld+json\" class=\"yoast-schema-graph\">{\"@context\":\"https:\/\/schema.org\",\"@graph\":[{\"@type\":\"WebPage\",\"@id\":\"http:\/\/arwann.com\/?page_id=131\",\"url\":\"http:\/\/arwann.com\/?page_id=131\",\"name\":\"Froissartage ou Forestage -\",\"isPartOf\":{\"@id\":\"http:\/\/arwann.com\/#website\"},\"primaryImageOfPage\":{\"@id\":\"http:\/\/arwann.com\/?page_id=131#primaryimage\"},\"image\":{\"@id\":\"http:\/\/arwann.com\/?page_id=131#primaryimage\"},\"thumbnailUrl\":\"http:\/\/arwann.com\/wp-content\/uploads\/2014\/04\/bouton-scout.png\",\"datePublished\":\"2014-03-27T20:43:28+00:00\",\"dateModified\":\"2020-04-18T19:23:59+00:00\",\"breadcrumb\":{\"@id\":\"http:\/\/arwann.com\/?page_id=131#breadcrumb\"},\"inLanguage\":\"fr-FR\",\"potentialAction\":[{\"@type\":\"ReadAction\",\"target\":[\"http:\/\/arwann.com\/?page_id=131\"]}]},{\"@type\":\"ImageObject\",\"inLanguage\":\"fr-FR\",\"@id\":\"http:\/\/arwann.com\/?page_id=131#primaryimage\",\"url\":\"http:\/\/arwann.com\/wp-content\/uploads\/2014\/04\/bouton-scout.png\",\"contentUrl\":\"http:\/\/arwann.com\/wp-content\/uploads\/2014\/04\/bouton-scout.png\",\"width\":400,\"height\":400},{\"@type\":\"BreadcrumbList\",\"@id\":\"http:\/\/arwann.com\/?page_id=131#breadcrumb\",\"itemListElement\":[{\"@type\":\"ListItem\",\"position\":1,\"name\":\"Home\",\"item\":\"https:\/\/arwann.com\/\"},{\"@type\":\"ListItem\",\"position\":2,\"name\":\"Le coin des Scouts\",\"item\":\"https:\/\/arwann.com\/?page_id=29\"},{\"@type\":\"ListItem\",\"position\":3,\"name\":\"Forestage et installations\",\"item\":\"http:\/\/arwann.com\/?page_id=121\"},{\"@type\":\"ListItem\",\"position\":4,\"name\":\"Froissartage ou Forestage\"}]},{\"@type\":\"WebSite\",\"@id\":\"http:\/\/arwann.com\/#website\",\"url\":\"http:\/\/arwann.com\/\",\"name\":\"Arwann.com\",\"description\":\"\",\"publisher\":{\"@id\":\"http:\/\/arwann.com\/#organization\"},\"potentialAction\":[{\"@type\":\"SearchAction\",\"target\":{\"@type\":\"EntryPoint\",\"urlTemplate\":\"http:\/\/arwann.com\/?s={search_term_string}\"},\"query-input\":{\"@type\":\"PropertyValueSpecification\",\"valueRequired\":true,\"valueName\":\"search_term_string\"}}],\"inLanguage\":\"fr-FR\"},{\"@type\":\"Organization\",\"@id\":\"http:\/\/arwann.com\/#organization\",\"name\":\"Arwann\",\"url\":\"http:\/\/arwann.com\/\",\"logo\":{\"@type\":\"ImageObject\",\"inLanguage\":\"fr-FR\",\"@id\":\"http:\/\/arwann.com\/#\/schema\/logo\/image\/\",\"url\":\"http:\/\/arwann.com\/wp-content\/uploads\/2014\/04\/cropped-bandeau-arwann-5.png\",\"contentUrl\":\"http:\/\/arwann.com\/wp-content\/uploads\/2014\/04\/cropped-bandeau-arwann-5.png\",\"width\":1600,\"height\":230,\"caption\":\"Arwann\"},\"image\":{\"@id\":\"http:\/\/arwann.com\/#\/schema\/logo\/image\/\"}}]}<\/script>\n<!-- \/ Yoast SEO plugin. -->","yoast_head_json":{"title":"Froissartage ou Forestage -","robots":{"index":"index","follow":"follow","max-snippet":"max-snippet:-1","max-image-preview":"max-image-preview:large","max-video-preview":"max-video-preview:-1"},"canonical":"http:\/\/arwann.com\/?page_id=131","og_locale":"fr_FR","og_type":"article","og_title":"Froissartage ou Forestage -","og_description":"Par Lama. arw0002-froissartage ou forestage.pdf Le coin des scouts -&gt; Forestage et installations Pourquoi utiliser le terme Forestage plut\u00f4t que froissartage? En fait dans le monde des scouts il semble que cela soit exactement la m\u00eame chose. Un jour pourtant un jeune chef me faisait remarquer qu\u2019il diff\u00e9renciait parfaitement les deux termes. Pour lui, avant &hellip; Continuer la lecture de Froissartage ou Forestage &rarr;","og_url":"http:\/\/arwann.com\/?page_id=131","article_modified_time":"2020-04-18T19:23:59+00:00","og_image":[{"url":"http:\/\/arwann.com\/wp-content\/uploads\/2014\/04\/bouton-scout.png","type":"","width":"","height":""}],"twitter_misc":{"Dur\u00e9e de lecture estim\u00e9e":"3 minutes"},"schema":{"@context":"https:\/\/schema.org","@graph":[{"@type":"WebPage","@id":"http:\/\/arwann.com\/?page_id=131","url":"http:\/\/arwann.com\/?page_id=131","name":"Froissartage ou Forestage -","isPartOf":{"@id":"http:\/\/arwann.com\/#website"},"primaryImageOfPage":{"@id":"http:\/\/arwann.com\/?page_id=131#primaryimage"},"image":{"@id":"http:\/\/arwann.com\/?page_id=131#primaryimage"},"thumbnailUrl":"http:\/\/arwann.com\/wp-content\/uploads\/2014\/04\/bouton-scout.png","datePublished":"2014-03-27T20:43:28+00:00","dateModified":"2020-04-18T19:23:59+00:00","breadcrumb":{"@id":"http:\/\/arwann.com\/?page_id=131#breadcrumb"},"inLanguage":"fr-FR","potentialAction":[{"@type":"ReadAction","target":["http:\/\/arwann.com\/?page_id=131"]}]},{"@type":"ImageObject","inLanguage":"fr-FR","@id":"http:\/\/arwann.com\/?page_id=131#primaryimage","url":"http:\/\/arwann.com\/wp-content\/uploads\/2014\/04\/bouton-scout.png","contentUrl":"http:\/\/arwann.com\/wp-content\/uploads\/2014\/04\/bouton-scout.png","width":400,"height":400},{"@type":"BreadcrumbList","@id":"http:\/\/arwann.com\/?page_id=131#breadcrumb","itemListElement":[{"@type":"ListItem","position":1,"name":"Home","item":"https:\/\/arwann.com\/"},{"@type":"ListItem","position":2,"name":"Le coin des Scouts","item":"https:\/\/arwann.com\/?page_id=29"},{"@type":"ListItem","position":3,"name":"Forestage et installations","item":"http:\/\/arwann.com\/?page_id=121"},{"@type":"ListItem","position":4,"name":"Froissartage ou Forestage"}]},{"@type":"WebSite","@id":"http:\/\/arwann.com\/#website","url":"http:\/\/arwann.com\/","name":"Arwann.com","description":"","publisher":{"@id":"http:\/\/arwann.com\/#organization"},"potentialAction":[{"@type":"SearchAction","target":{"@type":"EntryPoint","urlTemplate":"http:\/\/arwann.com\/?s={search_term_string}"},"query-input":{"@type":"PropertyValueSpecification","valueRequired":true,"valueName":"search_term_string"}}],"inLanguage":"fr-FR"},{"@type":"Organization","@id":"http:\/\/arwann.com\/#organization","name":"Arwann","url":"http:\/\/arwann.com\/","logo":{"@type":"ImageObject","inLanguage":"fr-FR","@id":"http:\/\/arwann.com\/#\/schema\/logo\/image\/","url":"http:\/\/arwann.com\/wp-content\/uploads\/2014\/04\/cropped-bandeau-arwann-5.png","contentUrl":"http:\/\/arwann.com\/wp-content\/uploads\/2014\/04\/cropped-bandeau-arwann-5.png","width":1600,"height":230,"caption":"Arwann"},"image":{"@id":"http:\/\/arwann.com\/#\/schema\/logo\/image\/"}}]}},"_links":{"self":[{"href":"http:\/\/arwann.com\/index.php?rest_route=\/wp\/v2\/pages\/131","targetHints":{"allow":["GET"]}}],"collection":[{"href":"http:\/\/arwann.com\/index.php?rest_route=\/wp\/v2\/pages"}],"about":[{"href":"http:\/\/arwann.com\/index.php?rest_route=\/wp\/v2\/types\/page"}],"author":[{"embeddable":true,"href":"http:\/\/arwann.com\/index.php?rest_route=\/wp\/v2\/users\/1"}],"replies":[{"embeddable":true,"href":"http:\/\/arwann.com\/index.php?rest_route=%2Fwp%2Fv2%2Fcomments&post=131"}],"version-history":[{"count":19,"href":"http:\/\/arwann.com\/index.php?rest_route=\/wp\/v2\/pages\/131\/revisions"}],"predecessor-version":[{"id":3827,"href":"http:\/\/arwann.com\/index.php?rest_route=\/wp\/v2\/pages\/131\/revisions\/3827"}],"up":[{"embeddable":true,"href":"http:\/\/arwann.com\/index.php?rest_route=\/wp\/v2\/pages\/121"}],"wp:attachment":[{"href":"http:\/\/arwann.com\/index.php?rest_route=%2Fwp%2Fv2%2Fmedia&parent=131"}],"curies":[{"name":"wp","href":"https:\/\/api.w.org\/{rel}","templated":true}]}}