{"id":1151,"date":"2014-05-07T15:02:00","date_gmt":"2014-05-07T14:02:00","guid":{"rendered":"http:\/\/arwann.com\/?page_id=1151"},"modified":"2015-05-08T10:21:07","modified_gmt":"2015-05-08T09:21:07","slug":"sacs-au-camp","status":"publish","type":"page","link":"http:\/\/arwann.com\/?page_id=1151","title":{"rendered":"Deux sacs au camp"},"content":{"rendered":"<p style=\"text-align: justify;\"><a href=\"http:\/\/arwann.com\/wp-content\/uploads\/2014\/04\/bouton-scout.png\"><img loading=\"lazy\" decoding=\"async\" class=\"alignright wp-image-892\" src=\"http:\/\/arwann.com\/wp-content\/uploads\/2014\/04\/bouton-scout.png\" alt=\"bouton scout\" width=\"200\" height=\"200\" srcset=\"http:\/\/arwann.com\/wp-content\/uploads\/2014\/04\/bouton-scout.png 400w, http:\/\/arwann.com\/wp-content\/uploads\/2014\/04\/bouton-scout-200x200.png 200w, http:\/\/arwann.com\/wp-content\/uploads\/2014\/04\/bouton-scout-100x100.png 100w, http:\/\/arwann.com\/wp-content\/uploads\/2014\/04\/bouton-scout-300x300.png 300w, http:\/\/arwann.com\/wp-content\/uploads\/2014\/04\/bouton-scout-150x150.png 150w\" sizes=\"auto, (max-width: 200px) 100vw, 200px\" \/><\/a><a name=\"Haut\"><\/a>Par Lama. <a href=\"http:\/\/arwann.com\/?page_id=29\">Le coin des scouts<\/a> -&gt; <a href=\"http:\/\/arwann.com\/?page_id=347\">Campisme<\/a><\/p>\n<p style=\"text-align: justify;\">\u00c0 chaque d\u00e9part de camp cela ne rate jamais. Le volume des sacs \u00e0 dos est inversement proportionnel \u00e0 la taille du scout qui le porte. Ainsi voit-on le novice gringalet, pench\u00e9 en avant pour compenser le poids du sac qui l\u2019\u00e9crase et qui lui d\u00e9bo\u00eete les \u00e9paules, c\u00f4toyer le malabar chevronn\u00e9 qui ne porte sur le dos qu\u2019un minuscule sac de raid. Et ces deux-l\u00e0 vont participer au m\u00eame camp.<\/p>\n<p style=\"text-align: justify;\"><strong>L\u2019exp\u00e9rience d\u00e9pouille<\/strong><\/p>\n<p style=\"text-align: justify;\">\u00c0 cet \u00e9tat de fait une seule explication en deux sens oppos\u00e9s qui se compl\u00e8tent. L\u2019exp\u00e9rience enseigne \u00e0 la fois qu\u2019on peut se d\u00e9brouiller au camp sans les objets courants de la ville ou alors qu\u2019on peut se les fabriquer sur place et de bien meilleurs. (voir par exemple <a title=\"Lessive et repassage au camp\" href=\"http:\/\/arwann.com\/?page_id=1309\">la lessive au camp<\/a>). Par ailleurs, l\u2019autonomie du scout augmente avec l\u2019\u00e2ge et il se lib\u00e8re peu \u00e0 peu de l\u2019attention pr\u00e9voyante et hypertrophi\u00e9e de ses parents, mais surtout de sa maman.<\/p>\n<p style=\"text-align: justify;\"><a href=\"http:\/\/arwann.com\/wp-content\/uploads\/2014\/05\/2sacs.png\"><img loading=\"lazy\" decoding=\"async\" class=\"aligncenter wp-image-1152\" src=\"http:\/\/arwann.com\/wp-content\/uploads\/2014\/05\/2sacs.png\" alt=\"2sacs\" width=\"400\" height=\"264\" srcset=\"http:\/\/arwann.com\/wp-content\/uploads\/2014\/05\/2sacs.png 922w, http:\/\/arwann.com\/wp-content\/uploads\/2014\/05\/2sacs-300x198.png 300w\" sizes=\"auto, (max-width: 400px) 100vw, 400px\" \/><\/a><\/p>\n<p style=\"text-align: justify;\"><strong>La force des habitudes<\/strong><\/p>\n<p style=\"text-align: justify;\">Ceci \u00e9tant pos\u00e9, il n\u2019en reste pas moins vrai qu\u2019en grand camp on emporte plus que pour un simple week-end et il faut bien que le sac soit plus gros. Il est curieux de constater que certaines coutumes perdurent alors que les conditions qui les ont vues na\u00eetre et se d\u00e9velopper ont compl\u00e9tement disparu de nos jours. Autrefois les scouts rejoignaient leur camp par le train, et ensuite ils devaient se taper 5 \u00e0 15 km avec tout leur barda. Les scouts portaient donc toutes leurs affaires sur leur dos et le mat\u00e9riel de patrouille, tente comprise, \u00e9tait r\u00e9parti sur les \u00e9paules et dans la carriole de patrouille. De nos jours, celui qui reconna\u00eet dans cette description ce qui se passe encore dans sa troupe ou dans sa patouille, qu\u2019il se fasse conna\u00eetre. La r\u00e8gle aujourd\u2019hui c\u2019est que le car am\u00e8ne les scouts au plus pr\u00e8s et qu\u2019ensuite une camionnette, un tracteur ou un 4&#215;4 d\u00e9pose sac \u00e0 dos et mat\u00e9riel sur le lieu m\u00eame du camp.<\/p>\n<p style=\"text-align: justify;\"><a href=\"http:\/\/arwann.com\/wp-content\/uploads\/2014\/05\/2sacs2.png\"><img loading=\"lazy\" decoding=\"async\" class=\"alignleft wp-image-1339 size-medium\" src=\"http:\/\/arwann.com\/wp-content\/uploads\/2014\/05\/2sacs2-300x221.png\" alt=\"2sacs2\" width=\"300\" height=\"221\" srcset=\"http:\/\/arwann.com\/wp-content\/uploads\/2014\/05\/2sacs2-300x221.png 300w, http:\/\/arwann.com\/wp-content\/uploads\/2014\/05\/2sacs2-1024x755.png 1024w, http:\/\/arwann.com\/wp-content\/uploads\/2014\/05\/2sacs2.png 1053w\" sizes=\"auto, (max-width: 300px) 100vw, 300px\" \/><\/a><\/p>\n<p style=\"text-align: justify;\">D\u00e8s lors on est en droit de se poser la question, pourquoi de si gros sac \u00e0 dos \u00e0 bretelles pour en r\u00e9alit\u00e9 ne pas porter son sac\u00a0? La bonne r\u00e9ponse est\u00a0: la force de l\u2019habitude.<\/p>\n<p style=\"text-align: justify;\">Voici une proposition qui permettrait d\u2019am\u00e9liorer les choses, non seulement au d\u00e9part et au retour du camp mais \u00e9galement pendant le camp.<\/p>\n<p style=\"text-align: justify;\"><strong>Deux sacs<\/strong><\/p>\n<p style=\"text-align: justify;\">En fait, il faudrait deux petits sacs plut\u00f4t qu\u2019un seul gros. Voici comment les pr\u00e9voir et les utiliser. Le premier sac est le sac habituel de week-end. On y trouve\u00a0: duvet, couverture, pyjama, gamelles-couverts, gourde-quart, puncho (recommand\u00e9) ou v\u00eatement de pluie, savon-dentifrice gant de toilette, ficelles, couteau, instrument de musique (guimbarde, harmonica ou pipeau). Le reste l\u2019\u00e9quipement pour le camp passe dans un deuxi\u00e8me sac. Comme chaque scout n\u2019a qu\u2019un seul dos, il n\u2019est pas n\u00e9cessaire que cela soit un sac \u00e0 dos. Ce peut \u00eatre un petit sac de sport (ton neutre, verd\u00e2tre de pr\u00e9f\u00e9rence). Ce sac renferme\u00a0: veste de jeu, affaire de rechange soit chaussettes, sous- v\u00eatements, chemise de camp, short de camp. Autre paire de chaussure (baskets ou bateaux), et tout le petit reste\u00a0: carnet de chant, papier \u00e0 lettre (vous savez, pour \u00e9crire aux parents), jumelles, petite trousse de couture\u2026<\/p>\n<p style=\"text-align: justify;\"><strong>Que des avantages<\/strong><\/p>\n<p style=\"text-align: justify;\">Pendant le voyage, deux petits sacs sont bien plus pratiques qu\u2019un seul gros. En particulier dans le train ou le car, on aura besoin que du sac \u00e0 dos, l\u2019autre ne servira pas. S\u2019il n\u2019y a pas trop de marche, on portera un sac sur le dos et l\u2019autre \u00e0 la main. Autrement rien n\u2019est plus facile de balancer le deuxi\u00e8me sac sur ses \u00e9paules, au-dessus du premier. Au retour du camp on aura les m\u00eames avantages.<\/p>\n<p style=\"text-align: justify;\">Pendant le camp, normalement le sac \u00e0 dos est vide car toutes les affaires qu\u2019il contenait sont rang\u00e9es autre part. En patrouille on empilera donc proprement tous les sacs \u00e0 dos vides qui ne servent pas. Le reste des affaires (en gros les rechanges) restent dans le petit sac de sport qui est bien mieux adapt\u00e9 au stockage accessible des affaires de chaque scout. En particulier pendant les inspections, cela permet de pr\u00e9senter un sac propre et en bon ordre.<\/p>\n<p style=\"text-align: justify;\">Pendant l\u2019explo ou un jeu qui dure quelques jours, le sac \u00e0 dos de Week-end reprend du service et de par sa taille il est parfaitement adapt\u00e9 \u00e0 ces activit\u00e9s de quelques jours, bien mieux que le gros sac \u00e0 dos dit \u00ab\u00a0de camp\u00a0\u00bb. En outre, les affaires qui ne sont pas emport\u00e9es pour ces activit\u00e9s qui \u00e9loignent du camp sont tout simplement gard\u00e9es dans le sac de sport.<\/p>\n<p style=\"text-align: justify;\"><a href=\"#Haut\">Retour en haut<\/a><br \/>\n<em>page pr\u00e9c\u00e9dente : <a title=\"Le noir des gamelles\" href=\"http:\/\/arwann.com\/?page_id=768\">le noir des gamelles<\/a><\/em><br \/>\n<em>page suivante: <a title=\"L\u2019art du feux\" href=\"http:\/\/arwann.com\/?page_id=1264\">l&rsquo;art du feu<\/a><br \/>\n<\/em><\/p>\n","protected":false},"excerpt":{"rendered":"<p>Par Lama. Le coin des scouts -&gt; Campisme \u00c0 chaque d\u00e9part de camp cela ne rate jamais. Le volume des sacs \u00e0 dos est inversement proportionnel \u00e0 la taille du scout qui le porte. Ainsi voit-on le novice gringalet, pench\u00e9 en avant pour compenser le poids du sac qui l\u2019\u00e9crase et qui lui d\u00e9bo\u00eete les &hellip; <a href=\"http:\/\/arwann.com\/?page_id=1151\" class=\"more-link\">Continuer la lecture de <span class=\"screen-reader-text\">Deux sacs au camp<\/span> <span class=\"meta-nav\">&rarr;<\/span><\/a><\/p>\n","protected":false},"author":1,"featured_media":0,"parent":347,"menu_order":0,"comment_status":"open","ping_status":"open","template":"","meta":{"footnotes":""},"class_list":["post-1151","page","type-page","status-publish","hentry"],"yoast_head":"<!-- This site is optimized with the Yoast SEO plugin v27.2 - https:\/\/yoast.com\/product\/yoast-seo-wordpress\/ -->\n<title>Deux sacs au camp -<\/title>\n<meta name=\"description\" content=\"Pour partir au camp scout avec 2 sacs\" \/>\n<meta name=\"robots\" content=\"index, follow, max-snippet:-1, max-image-preview:large, max-video-preview:-1\" \/>\n<link rel=\"canonical\" href=\"http:\/\/arwann.com\/?page_id=1151\" \/>\n<meta property=\"og:locale\" content=\"fr_FR\" \/>\n<meta property=\"og:type\" content=\"article\" \/>\n<meta property=\"og:title\" content=\"Deux sacs au camp -\" \/>\n<meta property=\"og:description\" content=\"Pour partir au camp scout avec 2 sacs\" \/>\n<meta property=\"og:url\" content=\"http:\/\/arwann.com\/?page_id=1151\" \/>\n<meta property=\"article:modified_time\" content=\"2015-05-08T09:21:07+00:00\" \/>\n<meta property=\"og:image\" content=\"http:\/\/arwann.com\/wp-content\/uploads\/2014\/04\/bouton-scout.png\" \/>\n<meta name=\"twitter:label1\" content=\"Dur\u00e9e de lecture estim\u00e9e\" \/>\n\t<meta name=\"twitter:data1\" content=\"4 minutes\" \/>\n<script type=\"application\/ld+json\" class=\"yoast-schema-graph\">{\"@context\":\"https:\/\/schema.org\",\"@graph\":[{\"@type\":\"WebPage\",\"@id\":\"http:\/\/arwann.com\/?page_id=1151\",\"url\":\"http:\/\/arwann.com\/?page_id=1151\",\"name\":\"Deux sacs au camp -\",\"isPartOf\":{\"@id\":\"http:\/\/arwann.com\/#website\"},\"primaryImageOfPage\":{\"@id\":\"http:\/\/arwann.com\/?page_id=1151#primaryimage\"},\"image\":{\"@id\":\"http:\/\/arwann.com\/?page_id=1151#primaryimage\"},\"thumbnailUrl\":\"http:\/\/arwann.com\/wp-content\/uploads\/2014\/04\/bouton-scout.png\",\"datePublished\":\"2014-05-07T14:02:00+00:00\",\"dateModified\":\"2015-05-08T09:21:07+00:00\",\"description\":\"Pour partir au camp scout avec 2 sacs\",\"breadcrumb\":{\"@id\":\"http:\/\/arwann.com\/?page_id=1151#breadcrumb\"},\"inLanguage\":\"fr-FR\",\"potentialAction\":[{\"@type\":\"ReadAction\",\"target\":[\"http:\/\/arwann.com\/?page_id=1151\"]}]},{\"@type\":\"ImageObject\",\"inLanguage\":\"fr-FR\",\"@id\":\"http:\/\/arwann.com\/?page_id=1151#primaryimage\",\"url\":\"http:\/\/arwann.com\/wp-content\/uploads\/2014\/04\/bouton-scout.png\",\"contentUrl\":\"http:\/\/arwann.com\/wp-content\/uploads\/2014\/04\/bouton-scout.png\",\"width\":400,\"height\":400},{\"@type\":\"BreadcrumbList\",\"@id\":\"http:\/\/arwann.com\/?page_id=1151#breadcrumb\",\"itemListElement\":[{\"@type\":\"ListItem\",\"position\":1,\"name\":\"Home\",\"item\":\"http:\/\/arwann.com\/\"},{\"@type\":\"ListItem\",\"position\":2,\"name\":\"Le coin des Scouts\",\"item\":\"http:\/\/arwann.com\/?page_id=29\"},{\"@type\":\"ListItem\",\"position\":3,\"name\":\"Campisme\",\"item\":\"https:\/\/arwann.com\/?page_id=347\"},{\"@type\":\"ListItem\",\"position\":4,\"name\":\"Deux sacs au camp\"}]},{\"@type\":\"WebSite\",\"@id\":\"http:\/\/arwann.com\/#website\",\"url\":\"http:\/\/arwann.com\/\",\"name\":\"Arwann.com\",\"description\":\"\",\"publisher\":{\"@id\":\"http:\/\/arwann.com\/#organization\"},\"potentialAction\":[{\"@type\":\"SearchAction\",\"target\":{\"@type\":\"EntryPoint\",\"urlTemplate\":\"http:\/\/arwann.com\/?s={search_term_string}\"},\"query-input\":{\"@type\":\"PropertyValueSpecification\",\"valueRequired\":true,\"valueName\":\"search_term_string\"}}],\"inLanguage\":\"fr-FR\"},{\"@type\":\"Organization\",\"@id\":\"http:\/\/arwann.com\/#organization\",\"name\":\"Arwann\",\"url\":\"http:\/\/arwann.com\/\",\"logo\":{\"@type\":\"ImageObject\",\"inLanguage\":\"fr-FR\",\"@id\":\"http:\/\/arwann.com\/#\/schema\/logo\/image\/\",\"url\":\"http:\/\/arwann.com\/wp-content\/uploads\/2014\/04\/cropped-bandeau-arwann-5.png\",\"contentUrl\":\"http:\/\/arwann.com\/wp-content\/uploads\/2014\/04\/cropped-bandeau-arwann-5.png\",\"width\":1600,\"height\":230,\"caption\":\"Arwann\"},\"image\":{\"@id\":\"http:\/\/arwann.com\/#\/schema\/logo\/image\/\"}}]}<\/script>\n<!-- \/ Yoast SEO plugin. -->","yoast_head_json":{"title":"Deux sacs au camp -","description":"Pour partir au camp scout avec 2 sacs","robots":{"index":"index","follow":"follow","max-snippet":"max-snippet:-1","max-image-preview":"max-image-preview:large","max-video-preview":"max-video-preview:-1"},"canonical":"http:\/\/arwann.com\/?page_id=1151","og_locale":"fr_FR","og_type":"article","og_title":"Deux sacs au camp -","og_description":"Pour partir au camp scout avec 2 sacs","og_url":"http:\/\/arwann.com\/?page_id=1151","article_modified_time":"2015-05-08T09:21:07+00:00","og_image":[{"url":"http:\/\/arwann.com\/wp-content\/uploads\/2014\/04\/bouton-scout.png","type":"","width":"","height":""}],"twitter_misc":{"Dur\u00e9e de lecture estim\u00e9e":"4 minutes"},"schema":{"@context":"https:\/\/schema.org","@graph":[{"@type":"WebPage","@id":"http:\/\/arwann.com\/?page_id=1151","url":"http:\/\/arwann.com\/?page_id=1151","name":"Deux sacs au camp -","isPartOf":{"@id":"http:\/\/arwann.com\/#website"},"primaryImageOfPage":{"@id":"http:\/\/arwann.com\/?page_id=1151#primaryimage"},"image":{"@id":"http:\/\/arwann.com\/?page_id=1151#primaryimage"},"thumbnailUrl":"http:\/\/arwann.com\/wp-content\/uploads\/2014\/04\/bouton-scout.png","datePublished":"2014-05-07T14:02:00+00:00","dateModified":"2015-05-08T09:21:07+00:00","description":"Pour partir au camp scout avec 2 sacs","breadcrumb":{"@id":"http:\/\/arwann.com\/?page_id=1151#breadcrumb"},"inLanguage":"fr-FR","potentialAction":[{"@type":"ReadAction","target":["http:\/\/arwann.com\/?page_id=1151"]}]},{"@type":"ImageObject","inLanguage":"fr-FR","@id":"http:\/\/arwann.com\/?page_id=1151#primaryimage","url":"http:\/\/arwann.com\/wp-content\/uploads\/2014\/04\/bouton-scout.png","contentUrl":"http:\/\/arwann.com\/wp-content\/uploads\/2014\/04\/bouton-scout.png","width":400,"height":400},{"@type":"BreadcrumbList","@id":"http:\/\/arwann.com\/?page_id=1151#breadcrumb","itemListElement":[{"@type":"ListItem","position":1,"name":"Home","item":"http:\/\/arwann.com\/"},{"@type":"ListItem","position":2,"name":"Le coin des Scouts","item":"http:\/\/arwann.com\/?page_id=29"},{"@type":"ListItem","position":3,"name":"Campisme","item":"https:\/\/arwann.com\/?page_id=347"},{"@type":"ListItem","position":4,"name":"Deux sacs au camp"}]},{"@type":"WebSite","@id":"http:\/\/arwann.com\/#website","url":"http:\/\/arwann.com\/","name":"Arwann.com","description":"","publisher":{"@id":"http:\/\/arwann.com\/#organization"},"potentialAction":[{"@type":"SearchAction","target":{"@type":"EntryPoint","urlTemplate":"http:\/\/arwann.com\/?s={search_term_string}"},"query-input":{"@type":"PropertyValueSpecification","valueRequired":true,"valueName":"search_term_string"}}],"inLanguage":"fr-FR"},{"@type":"Organization","@id":"http:\/\/arwann.com\/#organization","name":"Arwann","url":"http:\/\/arwann.com\/","logo":{"@type":"ImageObject","inLanguage":"fr-FR","@id":"http:\/\/arwann.com\/#\/schema\/logo\/image\/","url":"http:\/\/arwann.com\/wp-content\/uploads\/2014\/04\/cropped-bandeau-arwann-5.png","contentUrl":"http:\/\/arwann.com\/wp-content\/uploads\/2014\/04\/cropped-bandeau-arwann-5.png","width":1600,"height":230,"caption":"Arwann"},"image":{"@id":"http:\/\/arwann.com\/#\/schema\/logo\/image\/"}}]}},"_links":{"self":[{"href":"http:\/\/arwann.com\/index.php?rest_route=\/wp\/v2\/pages\/1151","targetHints":{"allow":["GET"]}}],"collection":[{"href":"http:\/\/arwann.com\/index.php?rest_route=\/wp\/v2\/pages"}],"about":[{"href":"http:\/\/arwann.com\/index.php?rest_route=\/wp\/v2\/types\/page"}],"author":[{"embeddable":true,"href":"http:\/\/arwann.com\/index.php?rest_route=\/wp\/v2\/users\/1"}],"replies":[{"embeddable":true,"href":"http:\/\/arwann.com\/index.php?rest_route=%2Fwp%2Fv2%2Fcomments&post=1151"}],"version-history":[{"count":12,"href":"http:\/\/arwann.com\/index.php?rest_route=\/wp\/v2\/pages\/1151\/revisions"}],"predecessor-version":[{"id":2699,"href":"http:\/\/arwann.com\/index.php?rest_route=\/wp\/v2\/pages\/1151\/revisions\/2699"}],"up":[{"embeddable":true,"href":"http:\/\/arwann.com\/index.php?rest_route=\/wp\/v2\/pages\/347"}],"wp:attachment":[{"href":"http:\/\/arwann.com\/index.php?rest_route=%2Fwp%2Fv2%2Fmedia&parent=1151"}],"curies":[{"name":"wp","href":"https:\/\/api.w.org\/{rel}","templated":true}]}}