{"id":1135,"date":"2014-05-07T11:01:14","date_gmt":"2014-05-07T10:01:14","guid":{"rendered":"http:\/\/arwann.com\/?page_id=1135"},"modified":"2014-12-12T22:45:51","modified_gmt":"2014-12-12T21:45:51","slug":"monter-mega-grand-jeu","status":"publish","type":"page","link":"http:\/\/arwann.com\/?page_id=1135","title":{"rendered":"Monter un m\u00e9ga grand-jeu"},"content":{"rendered":"<p style=\"text-align: justify;\">\u00a0<a name=\"Haut\"><\/a>Par Mustang<\/p>\n<h3 style=\"text-align: justify;\"><span style=\"color: #ff00ff;\"><strong>POURQUOI UN GRAND JEU\u00a0?<a href=\"http:\/\/arwann.com\/wp-content\/uploads\/2014\/04\/baden_powell_portrait-Copie.png\"><img loading=\"lazy\" decoding=\"async\" class=\"alignright wp-image-601\" src=\"http:\/\/arwann.com\/wp-content\/uploads\/2014\/04\/baden_powell_portrait-Copie.png\" alt=\"baden_powell_portrait - Copie\" width=\"200\" height=\"200\" srcset=\"http:\/\/arwann.com\/wp-content\/uploads\/2014\/04\/baden_powell_portrait-Copie.png 400w, http:\/\/arwann.com\/wp-content\/uploads\/2014\/04\/baden_powell_portrait-Copie-200x200.png 200w, http:\/\/arwann.com\/wp-content\/uploads\/2014\/04\/baden_powell_portrait-Copie-100x100.png 100w, http:\/\/arwann.com\/wp-content\/uploads\/2014\/04\/baden_powell_portrait-Copie-300x300.png 300w, http:\/\/arwann.com\/wp-content\/uploads\/2014\/04\/baden_powell_portrait-Copie-150x150.png 150w\" sizes=\"auto, (max-width: 200px) 100vw, 200px\" \/><\/a><\/strong><\/span><\/h3>\n<p style=\"text-align: justify;\">C\u2019est une des id\u00e9es g\u00e9niales de Baden Powell qui a vu quelle place essentielle tiennent le jeu et l\u2019aventure dans le d\u00e9veloppement d\u2019un jeune. Avec le Grand Jeu, le jeune va d\u00e9velopper de multiples qualit\u00e9s essentielles pour sa vie d\u2019adulte\u2026 en s\u2019amusant.<br \/>\n<em>Voici un exemple de grand jeu tir\u00e9\u00a0du roman \u00ab\u00a0l&rsquo;Affaire Kabuk \u00a0\u00bb que nous r\u00e9\u00e9diterons bient\u00f4t-<br \/>\n<\/em><em><strong><a href=\"http:\/\/arwann.com\/wp-content\/uploads\/2014\/05\/R\u00e9cit-Jeu-scout-KaBuk.pdf\">R\u00e9cit Jeu scout KaBuk.pdf<\/a><\/strong><\/em><\/p>\n<h3 style=\"text-align: justify;\"><span style=\"color: #ff00ff;\"><strong>Y CROIRE SOI-M\u00caME<a href=\"http:\/\/arwann.com\/wp-content\/uploads\/2014\/05\/sorcier.png\"><img loading=\"lazy\" decoding=\"async\" class=\"alignright wp-image-1140 size-full\" src=\"http:\/\/arwann.com\/wp-content\/uploads\/2014\/05\/sorcier.png\" alt=\"sorcier\" width=\"506\" height=\"564\" srcset=\"http:\/\/arwann.com\/wp-content\/uploads\/2014\/05\/sorcier.png 506w, http:\/\/arwann.com\/wp-content\/uploads\/2014\/05\/sorcier-300x334.png 300w, http:\/\/arwann.com\/wp-content\/uploads\/2014\/05\/sorcier-269x300.png 269w\" sizes=\"auto, (max-width: 506px) 100vw, 506px\" \/><\/a><\/strong><\/span><\/h3>\n<p style=\"text-align: justify;\">Tes jeunes seront happ\u00e9s par ton enthousiasme et tes yeux brillants lorsque tu incarneras l\u2019ermite au fond de sa grotte ou le dernier Templiers. C\u2019est tellement facile de projeter un jeune dans l\u2019imaginaire, pourvu que toi, tu y sois d\u00e9j\u00e0 compl\u00e8tement\u00a0! L\u2019ambiance est essentielle. Travaille bien l\u2019accroche. Saisis-les par un d\u00e9part mythique comme une c\u00e9r\u00e9monie aux torches en pleine nuit, l\u2019arriv\u00e9e d\u2019un messager d\u2019un autre temps sur un cheval au galop, l\u2019envoi de courriers \u00e9nigmatiques quelques temps avant le camp\u2026 Attention, il est difficile de garder le souffle du d\u00e9part si tu fais un jeu qui dure trop longtemps. Il vaut mieux un jeu court et intense, qu\u2019un jeu de trois jours o\u00f9 tout le monde s\u2019essouffle.<\/p>\n<p style=\"text-align: justify;\"><a href=\"http:\/\/arwann.com\/wp-content\/uploads\/2014\/05\/sorcier.png\">\u00a0<\/a><\/p>\n<p style=\"text-align: justify;\">Tu dois \u00eatre \u00e0 l\u2019aise avec le th\u00e8me et t\u2019assurer que tes jeunes appr\u00e9cieront. Attention toutefois, si tu choisis un \u00e9pisode de la Seconde Guerre Mondiale, tu n\u2019es pas \u00e0 l\u2019abri de jeunes qui s\u2019y croient un peu trop et qui te dessinent des Croix gamm\u00e9es partout ou qui te font le salut nazi. C\u2019est un peu b\u00eate pour l\u2019image du Scoutisme\u2026<\/p>\n<h3 style=\"text-align: justify;\"><span style=\"color: #ff00ff;\"><strong>EXPLORER LE TERRAIN DE JEU<\/strong><\/span><\/h3>\n<p style=\"text-align: justify;\">Maintenant, attention, ton jeu peut \u00eatre hyper bien mont\u00e9 dans ta t\u00eate, tout est bien ficel\u00e9\u2026 si tu n\u2019as pas tenu compte du terrain, tout peut d\u00e9raper.<br \/>\nLa RECO terrain est tr\u00e8s TRES importante. C\u2019est l\u00e0 que tu verras si ce ruisseau que tu as vu sur la carte existe encore. S\u2019il est ass\u00e9ch\u00e9, ce n\u2019est peut \u00eatre plus la peine d\u2019y passer\u2026 Ces carri\u00e8res que tu as rep\u00e9r\u00e9es sur la carte sont encore en pleine activit\u00e9 et vraiment trop dangereuses\u2026 Ou au contraire, tu as vu sur la carte IGN une maison isol\u00e9e et \u00d4 bonne surprise\u00a0! Tu t\u2019aper\u00e7ois que c\u2019est une vieille ruine, et ton jeu prend alors une toute autre tournure\u2026<br \/>\nEn fouinant un peu pendant une reconnaissance avec ma s\u0153ur assistante, j\u2019avais d\u00e9couvert un passage secret dans les remparts de V\u00e9zelay, il \u00e9tait creus\u00e9 dans l\u2019\u00e9paisseur du mur. L\u2019acc\u00e8s \u00e9tait libre et l\u2019endroit compl\u00e8tement d\u00e9sert. Vous imaginez l\u2019excitation\u00a0et comment ce passage est devenu le clou du jeu !<\/p>\n<h3 style=\"text-align: justify;\"><span style=\"color: #ff00ff;\"><strong>RIGUEUR ET SIMPLICIT\u00c9<a href=\"http:\/\/arwann.com\/wp-content\/uploads\/2014\/05\/rebus.png\"><img loading=\"lazy\" decoding=\"async\" class=\"alignright wp-image-1139 size-full\" src=\"http:\/\/arwann.com\/wp-content\/uploads\/2014\/05\/rebus.png\" alt=\"rebus\" width=\"563\" height=\"511\" srcset=\"http:\/\/arwann.com\/wp-content\/uploads\/2014\/05\/rebus.png 563w, http:\/\/arwann.com\/wp-content\/uploads\/2014\/05\/rebus-300x272.png 300w\" sizes=\"auto, (max-width: 563px) 100vw, 563px\" \/><\/a><\/strong><\/span><\/h3>\n<p style=\"text-align: justify;\">C\u2019est maintenant que tu abordes la partie la plus d\u00e9licate. Les messages\u00a0!<br \/>\nMets-toi dans la t\u00eate des jeunes et ne t\u2019imagine surtout pas que le d\u00e9roulement de ton jeu est logique et \u00e9vident! A cette \u00e9tape l\u00e0, tes messages doivent \u00eatre CLAIRS et de compr\u00e9hension imm\u00e9diate\u00a0!<br \/>\nLe codage des messages sera relativement simple. Autrement tu cours le danger que tes messages ne soient jamais compris parque rest\u00e9s ind\u00e9chiffr\u00e9s. Et puis tu l\u2019as peut-\u00eatre d\u00e9j\u00e0 v\u00e9cu, ce n\u2019est pas dr\u00f4le d\u2019\u00eatre frein\u00e9 dans son \u00e9lan parce qu\u2019on passe une heure \u00e0 d\u00e9chiffrer un b\u00eate message\u00a0!<a href=\"http:\/\/arwann.com\/wp-content\/uploads\/2014\/05\/rebus.png\">\u00a0<\/a><\/p>\n<p style=\"text-align: justify;\">De m\u00eame pour les cachettes, tes jeunes doivent pouvoir les trouver apr\u00e8s un temps raisonnable d\u2019investigations. A toi de trouver LA bonne cachette, ni trop facile, ni trop difficile\u00a0!<\/p>\n<p style=\"text-align: justify;\">Il vaut mieux privil\u00e9gier les cachettes dans des sites remarquables (calvaire, borne, puit\u2026) ainsi, tu ma\u00eetrises \u00e0 peu pr\u00e8s l\u2019itin\u00e9raire de tes jeunes et tu sais qu\u2019ils n\u2019ont pas trop de possibilit\u00e9 de se perdre.<\/p>\n<h3 style=\"text-align: justify;\"><span style=\"color: #ff00ff;\"><strong>AUTRES CONSID\u00c9RATIONS POUR R\u00c9USSIR UN GRAND JEU<\/strong><\/span><\/h3>\n<p style=\"text-align: justify;\">Tu peux absolument tout te permettre en Grand Jeu. Pourvu que tes jeunes vivent une super aventure avec l\u2019esprit scout.<br \/>\nL\u2019exp\u00e9rience me permet de d\u00e9gager plusieurs principes qui doivent \u00eatre respect\u00e9s.<\/p>\n<p style=\"text-align: justify;\"><span style=\"color: #800080;\"><strong>Les intervenants ext\u00e9rieurs<br \/>\n<\/strong><\/span>Si tu fais intervenir des personnes ext\u00e9rieures, tu dois restreindre au maximum leur champ d\u2019action et montrer que c\u2019est toi le chef. Combien \u00ab\u00a0d\u2019intervenants\u00a0\u00bb se sont laiss\u00e9s emporter par le jeu et se sont lanc\u00e9s dans des \u00ab\u00a0improvisations\u00a0\u00bb sans tenir compte du reste du jeu, de la s\u00e9curit\u00e9, de l\u2019esprit de tes jeunes\u2026 De nombreux jeux ont foir\u00e9 parce qu\u2019\u00e0 un moment donn\u00e9, un \u00e9l\u00e9ment ext\u00e9rieur est devenu totalement hors contr\u00f4le.<\/p>\n<p style=\"text-align: justify;\">Ces personnes-l\u00e0 n\u2019ont pas n\u00e9cessairement le sens de la parole donn\u00e9e. Elles peuvent te faire d\u00e9faut parce qu\u2019elles sont en retard ou qu\u2019elles manquent de rigueur. Il vaut mieux pr\u00e9voir une solution de secours au cas o\u00f9 ton intervenant te l\u00e2che\u2026<\/p>\n<p style=\"text-align: justify;\"><span style=\"color: #800080;\"><strong>Les lieux sacr\u00e9s ou de m\u00e9moire<br \/>\n<\/strong><\/span>Les \u00e9glises, les cimeti\u00e8res sont des lieux propices pour cacher des messages, d\u00e9couvrir un vieux grimoire oubli\u00e9\u2026 OK, mais que tes jeunes n\u2019oublient jamais qu\u2019il s\u2019agit de lieux sacr\u00e9s. M\u00eame chose pour certains monuments civils charg\u00e9s d\u2019histoire.<br \/>\nLorsque tes jeunes jouent en ville, ils croisent n\u00e9cessairement des civils qui ignorent tout d\u2019un Grand Jeu et de ces d\u00e9lires scouts. Automatiquement, ils vont \u00ab\u00a0juger\u00a0\u00bb tes jeunes et \u00e0 travers eux le Scoutisme. Tu les enverras donc jouer en uniforme en ville et en tenue de jeu dans les bois. Bas de grosse baston en ville, non plus, \u00e7a fait mauvais effet.<br \/>\nJe me rappelle avoir fait jouer mes guides dans V\u00e9zelay (toujours ce m\u00eame jeu\u2026), un soir d\u2019\u00e9t\u00e9, en pleine saison touristique Nous nous sommes faites tanc\u00e9es quand on a commenc\u00e9 \u00e0 se battre au foulard ou \u00e0 la boucle de ceinturon. Evidemment, les touristes savouraient la fra\u00eecheur du soir sur les terrasses de restaurants et nous sommes intervenues comme des sauvages dans leur tranquillit\u00e9\u2026<\/p>\n<p style=\"text-align: justify;\"><span style=\"color: #800080;\"><strong>Unit\u00e9 de jeu, de commandement<br \/>\n<\/strong><\/span>On peut \u00eatre hyper tent\u00e9 aussi de faire un jeu \u00e0 plusieurs unit\u00e9s. C\u2019est vrai que \u00e7a peut \u00eatre mythique. ATTENTION\u00a0! Les unit\u00e9s ne jouent pas toujours de la m\u00eame fa\u00e7on et l\u2019esprit scout n\u2019y r\u00e8gne pas forc\u00e9ment. Dans certaines unit\u00e9s, tous les coups sont permis car on favorise la d\u00e9brouillardise et l\u2019aventure. Dans d\u2019autres, les r\u00e8gles sont beaucoup plus strictes et il est inconcevable de saucissonner un otage \u00e0 un arbre pour avoir un renseignement\u00a0!!! Assure-toi donc que l\u2019autre chef d\u2019unit\u00e9 est sur la m\u00eame longueur d\u2019onde que toi.<br \/>\nMais attention, un jeu a plusieurs unit\u00e9s de m\u00eame niveau et de m\u00eame esprit scouts se heurte forc\u00e9ment au probl\u00e8me du double commandement. Il faut que les r\u00e8gles de commandement soit parfaitement claires. Il faut presque consid\u00e9rer l\u2019autre ma\u00eetrise comme des intervenants ext\u00e9rieurs.<br \/>\nLes fameux jeux de nuit\u2026 Bien s\u00fbr que c\u2019est permis\u00a0! Les r\u00e8gles de s\u00e9curit\u00e9 seront draconiennes, c\u2019est tout et tu dois \u00eatre s\u00fbr des comp\u00e9tences techniques de tes jeunes. Ce serait b\u00eate de perdre une patrouille en pleine for\u00eat \u00e0 minuit parce qu\u2019elle ne sait pas s\u2019orienter\u2026<strong>\u00a0<\/strong><\/p>\n<p style=\"text-align: justify;\"><span style=\"color: #800080;\"><strong>Le mode de prise<a href=\"http:\/\/arwann.com\/wp-content\/uploads\/2014\/05\/mitrailleuse.png\"><img loading=\"lazy\" decoding=\"async\" class=\"alignright wp-image-1138 size-full\" src=\"http:\/\/arwann.com\/wp-content\/uploads\/2014\/05\/mitrailleuse.png\" alt=\"mitrailleuse\" width=\"548\" height=\"365\" srcset=\"http:\/\/arwann.com\/wp-content\/uploads\/2014\/05\/mitrailleuse.png 548w, http:\/\/arwann.com\/wp-content\/uploads\/2014\/05\/mitrailleuse-300x200.png 300w\" sizes=\"auto, (max-width: 548px) 100vw, 548px\" \/><\/a><br \/>\n<\/strong><\/span>Tout le monde conna\u00eet la traditionnelle bataille de foulard. Un peu moins connue\u00a0: la bataille de ceinturon. Non, il ne s\u2019agit pas de se taper dessus \u00e0 coup de ceinturon\u2026 Il s\u2019agit de d\u00e9faire la boucle de son adversaire. C\u2019est tr\u00e8s dr\u00f4le mais un peu bourrin\u2026 On pr\u00e9f\u00e9rera les bois pour ce genre de prise car un citadin pourrait \u00eatre horrifi\u00e9\u00a0!<br \/>\nUn peu plus recherch\u00e9e est la prise \u00e0 la \u00ab\u00a0mitrailleuse\u00a0\u00bb. Mais l\u00e0, c\u2019est vraiment pour les troupes disciplin\u00e9es et de bon esprit scout. Cela n\u00e9cessite une grande ma\u00eetrise du jeu. La mitrailleuse est symbolis\u00e9e par le staff de patrouille auquel on accroche le sifflet du CP. Chaque patrouille a donc une mitrailleuse. Chaque patrouille poss\u00e8de aussi ses \u00ab\u00a0fantassins\u00a0\u00bb, ce sont des scouts ou guides avec deux flots de couleur accroch\u00e9s sur le b\u00e9ret ou avec un num\u00e9ro \u00e9crit sur le front ou la joue. \u00c0 distance, ils peuvent se faire \u00ab\u00a0tuer\u00a0\u00bb par le mitrailleur qui, apr\u00e8s un coup de sifflet, crie le nom du \u00ab\u00a0mort\u00a0\u00bb et son matricule. Si c\u2019est bon, le mort est vraiment mort, sinon, il continue de courir comme un lapin en prenant soin d\u2019un peu mieux se cacher.<br \/>\nTu peux allier la mitrailleuse \u00e0 distance et la prise au corps \u00e0 corps pour les fantassins. Il vaut mieux \u00eatre deux pour la mitrailleuse, car si le mitrailleur \u00ab\u00a0meurt\u00a0\u00bb, son co-\u00e9quipier reprend la mitrailleuse au lieu de la laisser \u00e0 la patrouille adverse. Le mitrailleur sera encore plus efficace avec des jumelles et le jeu encore plus piquant. Finie la strat\u00e9gie du \u00ab\u00a0ON FONCE\u00a0!\u00a0\u00bb, il faudra d\u00e9sormais \u00eatre beaucoup plus malin et les poids plumes joueront aussi bien que les autres.<\/p>\n<p style=\"text-align: justify;\"><a href=\"http:\/\/arwann.com\/wp-content\/uploads\/2014\/05\/mitrailleuse.png\">\u00a0<\/a><\/p>\n<p style=\"text-align: justify;\">Le num\u00e9ro \u00e9crit au marqueur sur la cuisse. Rigolo et hyper bourrin. Il y aurait une multitude d\u2019autres prises, mais ce ne serait que des variantes de celles expos\u00e9es ici et le but n\u2019est pas d\u2019\u00eatre exhaustif. Ces prises ont l\u2019avantage de d\u00e9terminer clairement si quelqu\u2019un est mort ou non.<\/p>\n<p style=\"text-align: justify;\">Les morts seront r\u00e9g\u00e9n\u00e9r\u00e9s ou non. Il faut l\u00e0 aussi que les r\u00e8gles soient simples et claires. L\u2019exp\u00e9rience peut \u00eatre acquise lors de petits jeux. Ce qui fonctionne bien peut alors \u00eatre adopt\u00e9 lors des vrais grands jeux<\/p>\n<h3 style=\"text-align: justify;\"><strong><span style=\"color: #ff00ff;\">Et maintenant \u00e0 toi de jouer\u00a0!!<\/span> <\/strong><\/h3>\n<p style=\"text-align: justify;\">N\u2019oublie jamais<strong>\u00a0: PEPS<\/strong><\/p>\n<ul style=\"text-align: justify;\">\n<li><strong>P<\/strong>r\u00e9paration<\/li>\n<li><strong>E<\/strong>sprit scout<\/li>\n<li><strong>P<\/strong>ragmatisme<\/li>\n<li><strong>S<\/strong>implicit\u00e9<\/li>\n<\/ul>\n<h3 style=\"text-align: justify;\"><span style=\"color: #ff00ff;\"><strong>Exemple de Grand Jeu<\/strong><\/span><\/h3>\n<p style=\"text-align: justify;\">\u00a0Voici un extrait du roman de Fran\u00e7ois Villars -l&rsquo;Affaire Kabuk, que nous r\u00e9\u00e9diterons bient\u00f4t- o\u00f9 un grand jeu est d\u00e9crit par le menu:<br \/>\n<strong><a href=\"http:\/\/arwann.com\/wp-content\/uploads\/2014\/05\/R\u00e9cit-Jeu-scout-KaBuk.pdf\">R\u00e9cit Jeu scout KaBuk.pdf<\/a><\/strong><\/p>\n<p style=\"text-align: justify;\"><a href=\"#Haut\">Retour en haut<\/a><br \/>\n<em>page pr\u00e9c\u00e9dente : <a title=\"Forestage et vie au camp\" href=\"http:\/\/arwann.com\/?page_id=1037\">forestage et vie au camp<\/a><\/em><br \/>\n<em>page suivante: <a title=\"Topagraphie \/ orientation (2)\" href=\"http:\/\/arwann.com\/?page_id=1502\">topographie\/orientation<\/a><br \/>\n<\/em><\/p>\n","protected":false},"excerpt":{"rendered":"<p>\u00a0Par Mustang POURQUOI UN GRAND JEU\u00a0? C\u2019est une des id\u00e9es g\u00e9niales de Baden Powell qui a vu quelle place essentielle tiennent le jeu et l\u2019aventure dans le d\u00e9veloppement d\u2019un jeune. Avec le Grand Jeu, le jeune va d\u00e9velopper de multiples qualit\u00e9s essentielles pour sa vie d\u2019adulte\u2026 en s\u2019amusant. Voici un exemple de grand jeu tir\u00e9\u00a0du &hellip; <a href=\"http:\/\/arwann.com\/?page_id=1135\" class=\"more-link\">Continuer la lecture de <span class=\"screen-reader-text\">Monter un m\u00e9ga grand-jeu<\/span> <span class=\"meta-nav\">&rarr;<\/span><\/a><\/p>\n","protected":false},"author":1,"featured_media":0,"parent":1187,"menu_order":0,"comment_status":"open","ping_status":"open","template":"","meta":{"footnotes":""},"class_list":["post-1135","page","type-page","status-publish","hentry"],"yoast_head":"<!-- This site is optimized with the Yoast SEO plugin v27.2 - https:\/\/yoast.com\/product\/yoast-seo-wordpress\/ -->\n<title>Monter un m\u00e9ga grand-jeu -<\/title>\n<meta name=\"description\" content=\"les r\u00e8gles de bases pour monter un grand jeu scout\" \/>\n<meta name=\"robots\" content=\"index, follow, max-snippet:-1, max-image-preview:large, max-video-preview:-1\" \/>\n<link rel=\"canonical\" href=\"http:\/\/arwann.com\/?page_id=1135\" \/>\n<meta property=\"og:locale\" content=\"fr_FR\" \/>\n<meta property=\"og:type\" content=\"article\" \/>\n<meta property=\"og:title\" content=\"Monter un m\u00e9ga grand-jeu -\" \/>\n<meta property=\"og:description\" content=\"les r\u00e8gles de bases pour monter un grand jeu scout\" \/>\n<meta property=\"og:url\" content=\"http:\/\/arwann.com\/?page_id=1135\" \/>\n<meta property=\"article:modified_time\" content=\"2014-12-12T21:45:51+00:00\" \/>\n<meta property=\"og:image\" content=\"http:\/\/arwann.com\/wp-content\/uploads\/2014\/04\/baden_powell_portrait-Copie.png\" \/>\n<meta name=\"twitter:label1\" content=\"Dur\u00e9e de lecture estim\u00e9e\" \/>\n\t<meta name=\"twitter:data1\" content=\"9 minutes\" \/>\n<script type=\"application\/ld+json\" class=\"yoast-schema-graph\">{\"@context\":\"https:\/\/schema.org\",\"@graph\":[{\"@type\":\"WebPage\",\"@id\":\"http:\/\/arwann.com\/?page_id=1135\",\"url\":\"http:\/\/arwann.com\/?page_id=1135\",\"name\":\"Monter un m\u00e9ga grand-jeu -\",\"isPartOf\":{\"@id\":\"http:\/\/arwann.com\/#website\"},\"primaryImageOfPage\":{\"@id\":\"http:\/\/arwann.com\/?page_id=1135#primaryimage\"},\"image\":{\"@id\":\"http:\/\/arwann.com\/?page_id=1135#primaryimage\"},\"thumbnailUrl\":\"http:\/\/arwann.com\/wp-content\/uploads\/2014\/04\/baden_powell_portrait-Copie.png\",\"datePublished\":\"2014-05-07T10:01:14+00:00\",\"dateModified\":\"2014-12-12T21:45:51+00:00\",\"description\":\"les r\u00e8gles de bases pour monter un grand jeu scout\",\"breadcrumb\":{\"@id\":\"http:\/\/arwann.com\/?page_id=1135#breadcrumb\"},\"inLanguage\":\"fr-FR\",\"potentialAction\":[{\"@type\":\"ReadAction\",\"target\":[\"http:\/\/arwann.com\/?page_id=1135\"]}]},{\"@type\":\"ImageObject\",\"inLanguage\":\"fr-FR\",\"@id\":\"http:\/\/arwann.com\/?page_id=1135#primaryimage\",\"url\":\"http:\/\/arwann.com\/wp-content\/uploads\/2014\/04\/baden_powell_portrait-Copie.png\",\"contentUrl\":\"http:\/\/arwann.com\/wp-content\/uploads\/2014\/04\/baden_powell_portrait-Copie.png\",\"width\":400,\"height\":400},{\"@type\":\"BreadcrumbList\",\"@id\":\"http:\/\/arwann.com\/?page_id=1135#breadcrumb\",\"itemListElement\":[{\"@type\":\"ListItem\",\"position\":1,\"name\":\"Home\",\"item\":\"https:\/\/arwann.com\/\"},{\"@type\":\"ListItem\",\"position\":2,\"name\":\"Le Kr\u00e2al\",\"item\":\"https:\/\/arwann.com\/?page_id=33\"},{\"@type\":\"ListItem\",\"position\":3,\"name\":\"Organiser l&rsquo;aventure\",\"item\":\"https:\/\/arwann.com\/?page_id=1187\"},{\"@type\":\"ListItem\",\"position\":4,\"name\":\"Monter un m\u00e9ga grand-jeu\"}]},{\"@type\":\"WebSite\",\"@id\":\"http:\/\/arwann.com\/#website\",\"url\":\"http:\/\/arwann.com\/\",\"name\":\"Arwann.com\",\"description\":\"\",\"publisher\":{\"@id\":\"http:\/\/arwann.com\/#organization\"},\"potentialAction\":[{\"@type\":\"SearchAction\",\"target\":{\"@type\":\"EntryPoint\",\"urlTemplate\":\"http:\/\/arwann.com\/?s={search_term_string}\"},\"query-input\":{\"@type\":\"PropertyValueSpecification\",\"valueRequired\":true,\"valueName\":\"search_term_string\"}}],\"inLanguage\":\"fr-FR\"},{\"@type\":\"Organization\",\"@id\":\"http:\/\/arwann.com\/#organization\",\"name\":\"Arwann\",\"url\":\"http:\/\/arwann.com\/\",\"logo\":{\"@type\":\"ImageObject\",\"inLanguage\":\"fr-FR\",\"@id\":\"http:\/\/arwann.com\/#\/schema\/logo\/image\/\",\"url\":\"http:\/\/arwann.com\/wp-content\/uploads\/2014\/04\/cropped-bandeau-arwann-5.png\",\"contentUrl\":\"http:\/\/arwann.com\/wp-content\/uploads\/2014\/04\/cropped-bandeau-arwann-5.png\",\"width\":1600,\"height\":230,\"caption\":\"Arwann\"},\"image\":{\"@id\":\"http:\/\/arwann.com\/#\/schema\/logo\/image\/\"}}]}<\/script>\n<!-- \/ Yoast SEO plugin. -->","yoast_head_json":{"title":"Monter un m\u00e9ga grand-jeu -","description":"les r\u00e8gles de bases pour monter un grand jeu scout","robots":{"index":"index","follow":"follow","max-snippet":"max-snippet:-1","max-image-preview":"max-image-preview:large","max-video-preview":"max-video-preview:-1"},"canonical":"http:\/\/arwann.com\/?page_id=1135","og_locale":"fr_FR","og_type":"article","og_title":"Monter un m\u00e9ga grand-jeu -","og_description":"les r\u00e8gles de bases pour monter un grand jeu scout","og_url":"http:\/\/arwann.com\/?page_id=1135","article_modified_time":"2014-12-12T21:45:51+00:00","og_image":[{"url":"http:\/\/arwann.com\/wp-content\/uploads\/2014\/04\/baden_powell_portrait-Copie.png","type":"","width":"","height":""}],"twitter_misc":{"Dur\u00e9e de lecture estim\u00e9e":"9 minutes"},"schema":{"@context":"https:\/\/schema.org","@graph":[{"@type":"WebPage","@id":"http:\/\/arwann.com\/?page_id=1135","url":"http:\/\/arwann.com\/?page_id=1135","name":"Monter un m\u00e9ga grand-jeu -","isPartOf":{"@id":"http:\/\/arwann.com\/#website"},"primaryImageOfPage":{"@id":"http:\/\/arwann.com\/?page_id=1135#primaryimage"},"image":{"@id":"http:\/\/arwann.com\/?page_id=1135#primaryimage"},"thumbnailUrl":"http:\/\/arwann.com\/wp-content\/uploads\/2014\/04\/baden_powell_portrait-Copie.png","datePublished":"2014-05-07T10:01:14+00:00","dateModified":"2014-12-12T21:45:51+00:00","description":"les r\u00e8gles de bases pour monter un grand jeu scout","breadcrumb":{"@id":"http:\/\/arwann.com\/?page_id=1135#breadcrumb"},"inLanguage":"fr-FR","potentialAction":[{"@type":"ReadAction","target":["http:\/\/arwann.com\/?page_id=1135"]}]},{"@type":"ImageObject","inLanguage":"fr-FR","@id":"http:\/\/arwann.com\/?page_id=1135#primaryimage","url":"http:\/\/arwann.com\/wp-content\/uploads\/2014\/04\/baden_powell_portrait-Copie.png","contentUrl":"http:\/\/arwann.com\/wp-content\/uploads\/2014\/04\/baden_powell_portrait-Copie.png","width":400,"height":400},{"@type":"BreadcrumbList","@id":"http:\/\/arwann.com\/?page_id=1135#breadcrumb","itemListElement":[{"@type":"ListItem","position":1,"name":"Home","item":"https:\/\/arwann.com\/"},{"@type":"ListItem","position":2,"name":"Le Kr\u00e2al","item":"https:\/\/arwann.com\/?page_id=33"},{"@type":"ListItem","position":3,"name":"Organiser l&rsquo;aventure","item":"https:\/\/arwann.com\/?page_id=1187"},{"@type":"ListItem","position":4,"name":"Monter un m\u00e9ga grand-jeu"}]},{"@type":"WebSite","@id":"http:\/\/arwann.com\/#website","url":"http:\/\/arwann.com\/","name":"Arwann.com","description":"","publisher":{"@id":"http:\/\/arwann.com\/#organization"},"potentialAction":[{"@type":"SearchAction","target":{"@type":"EntryPoint","urlTemplate":"http:\/\/arwann.com\/?s={search_term_string}"},"query-input":{"@type":"PropertyValueSpecification","valueRequired":true,"valueName":"search_term_string"}}],"inLanguage":"fr-FR"},{"@type":"Organization","@id":"http:\/\/arwann.com\/#organization","name":"Arwann","url":"http:\/\/arwann.com\/","logo":{"@type":"ImageObject","inLanguage":"fr-FR","@id":"http:\/\/arwann.com\/#\/schema\/logo\/image\/","url":"http:\/\/arwann.com\/wp-content\/uploads\/2014\/04\/cropped-bandeau-arwann-5.png","contentUrl":"http:\/\/arwann.com\/wp-content\/uploads\/2014\/04\/cropped-bandeau-arwann-5.png","width":1600,"height":230,"caption":"Arwann"},"image":{"@id":"http:\/\/arwann.com\/#\/schema\/logo\/image\/"}}]}},"_links":{"self":[{"href":"http:\/\/arwann.com\/index.php?rest_route=\/wp\/v2\/pages\/1135","targetHints":{"allow":["GET"]}}],"collection":[{"href":"http:\/\/arwann.com\/index.php?rest_route=\/wp\/v2\/pages"}],"about":[{"href":"http:\/\/arwann.com\/index.php?rest_route=\/wp\/v2\/types\/page"}],"author":[{"embeddable":true,"href":"http:\/\/arwann.com\/index.php?rest_route=\/wp\/v2\/users\/1"}],"replies":[{"embeddable":true,"href":"http:\/\/arwann.com\/index.php?rest_route=%2Fwp%2Fv2%2Fcomments&post=1135"}],"version-history":[{"count":16,"href":"http:\/\/arwann.com\/index.php?rest_route=\/wp\/v2\/pages\/1135\/revisions"}],"predecessor-version":[{"id":2349,"href":"http:\/\/arwann.com\/index.php?rest_route=\/wp\/v2\/pages\/1135\/revisions\/2349"}],"up":[{"embeddable":true,"href":"http:\/\/arwann.com\/index.php?rest_route=\/wp\/v2\/pages\/1187"}],"wp:attachment":[{"href":"http:\/\/arwann.com\/index.php?rest_route=%2Fwp%2Fv2%2Fmedia&parent=1135"}],"curies":[{"name":"wp","href":"https:\/\/api.w.org\/{rel}","templated":true}]}}