{"id":1127,"date":"2014-05-07T08:25:07","date_gmt":"2014-05-07T07:25:07","guid":{"rendered":"http:\/\/arwann.com\/?page_id=1127"},"modified":"2020-03-30T15:05:38","modified_gmt":"2020-03-30T14:05:38","slug":"les-5-moyens","status":"publish","type":"page","link":"http:\/\/arwann.com\/?page_id=1127","title":{"rendered":"Les 5 moyens"},"content":{"rendered":"<p style=\"text-align: justify;\"><a href=\"http:\/\/arwann.com\/wp-content\/uploads\/2014\/04\/baden_powell_portrait-Copie.png\"><img loading=\"lazy\" decoding=\"async\" class=\"alignright wp-image-601\" src=\"http:\/\/arwann.com\/wp-content\/uploads\/2014\/04\/baden_powell_portrait-Copie.png\" alt=\"baden_powell_portrait - Copie\" width=\"200\" height=\"200\" srcset=\"http:\/\/arwann.com\/wp-content\/uploads\/2014\/04\/baden_powell_portrait-Copie.png 400w, http:\/\/arwann.com\/wp-content\/uploads\/2014\/04\/baden_powell_portrait-Copie-200x200.png 200w, http:\/\/arwann.com\/wp-content\/uploads\/2014\/04\/baden_powell_portrait-Copie-100x100.png 100w, http:\/\/arwann.com\/wp-content\/uploads\/2014\/04\/baden_powell_portrait-Copie-300x300.png 300w, http:\/\/arwann.com\/wp-content\/uploads\/2014\/04\/baden_powell_portrait-Copie-150x150.png 150w\" sizes=\"auto, (max-width: 200px) 100vw, 200px\" \/><\/a><a name=\"Haut\"><\/a>Pris comme un tout, les cinq moyens repr\u00e9sentent la mani\u00e8re particuli\u00e8re que d\u00e9ploie la m\u00e9thode scoute pour captiver les jeunes. Les cinq dimensions d\u00e9finissent la petite soci\u00e9t\u00e9 scoute mais les cinq moyens expliquent comment agir, on les appelle aussi les cinq moteurs. Le principe essentiel des moteurs est tr\u00e8s simple, les enfants ne sont ni tir\u00e9s ni pouss\u00e9s mais ils avancent seuls, par eux-m\u00eames, attir\u00e9s par le mode de vie, la fa\u00e7on d\u2019\u00eatre et d\u2019agir chez les scouts.<\/p>\n<p style=\"text-align: justify;\">Un bon chef de troupe doit mettre en \u0153uvre ces cinq moyens pour faire tourner la petite soci\u00e9t\u00e9 qu\u2019est sa troupe. Les moteurs n&rsquo;ont \u00e9t\u00e9 rang\u00e9s par ordre d\u2019importance mais plut\u00f4t par ordre chronologique de mise en route chez l&rsquo;adolescent. &lsquo;apparition on pourrait dire aussi par ordre chronologique, tout sp\u00e9cialement lorsque l\u2019unit\u00e9 d\u00e9marre.<\/p>\n<p><span style=\"display: inline !important; float: none; background-color: #ffffff; color: #141412; cursor: text; font-family: 'Source Sans Pro',Helvetica,sans-serif; font-size: 16px; font-style: normal; font-variant: normal; font-weight: 400; letter-spacing: normal; orphans: 2; text-align: left; text-decoration: none; text-indent: 0px; text-transform: none; -webkit-text-stroke-width: 0px; white-space: normal; word-spacing: 0px;\">Les\u00a0cinq moteurs qui sont\u00a0: L\u2019aventure &#8211; La bande \u2013 l\u2019engagement \/ l&rsquo;id\u00e9al (la promesse) \u2013 les responsabilit\u00e9s \u2013 les techniques scoutes.<\/span><\/p>\n<figure id=\"attachment_3756\" aria-describedby=\"caption-attachment-3756\" style=\"width: 1038px\" class=\"wp-caption alignnone\"><img loading=\"lazy\" decoding=\"async\" class=\"size-full wp-image-3756\" src=\"http:\/\/arwann.com\/wp-content\/uploads\/2020\/03\/Les-5-motuers-B.png\" alt=\"\" width=\"1038\" height=\"994\" srcset=\"http:\/\/arwann.com\/wp-content\/uploads\/2020\/03\/Les-5-motuers-B.png 1038w, http:\/\/arwann.com\/wp-content\/uploads\/2020\/03\/Les-5-motuers-B-300x287.png 300w, http:\/\/arwann.com\/wp-content\/uploads\/2020\/03\/Les-5-motuers-B-1024x981.png 1024w, http:\/\/arwann.com\/wp-content\/uploads\/2020\/03\/Les-5-motuers-B-768x735.png 768w\" sizes=\"auto, (max-width: 1038px) 100vw, 1038px\" \/><figcaption id=\"caption-attachment-3756\" class=\"wp-caption-text\">pour se rappeler des 5 moteurs<\/figcaption><\/figure>\n<p style=\"text-align: justify;\">\n<h2 style=\"text-align: justify;\"><span style=\"color: #ff0000;\"><strong>L\u2019aventure<\/strong><\/span><\/h2>\n<p style=\"text-align: justify;\"><span style=\"color: #3366ff;\"><strong><em>La voile de l\u2019aventure qui prend le vent du large avec ses sautes, ses temp\u00eates, ses embruns.<\/em><\/strong><\/span><\/p>\n<p style=\"text-align: justify;\">Il n\u2019y a que cela qui fera que les enfants viendrons plut\u00f4t aux scouts que dans n\u2019importe quel club d\u2019activit\u00e9. Aux scouts on ne va pas leur demander de ma\u00eetriser une technique ou un sport, on va les plonger dans des aventures. Le reste viendra tout seul.<br \/>\nL\u2019aventure c\u2019est avant tout des jeux, au cours desquels l\u2019imagination se met \u00e0 galoper et transforme le moindre effet ou artifice pr\u00e9par\u00e9 par le chef en quelque chose de grandiose ou dramatique. Il faut donc des jeux ou des actions avec confrontation, cela doit para\u00eetre risqu\u00e9. Le d\u00e9cor et la trame mis en place par le chef sont telle que les gar\u00e7ons galopent par la puissance de leur imagination. Mais pour que cela marche il faut que le chef y croie lui aussi\u00a0; il faut qu\u2019il ressente le m\u00eame plaisir que les scouts. Il doit se r\u00e9jouir de l\u2019enthousiasme de ses gar\u00e7ons qu\u2019il ressent encore lui-m\u00eame. Bien qu\u2019il soit oblig\u00e9 de diriger le jeu et de tirer quelques ficelles le chef vit le jeu comme ses scouts. S\u2019il n\u2019en tire plus de plaisir il devient un animateur et l\u2019aventure retombe, autant aller dans un parc de loisir.<br \/>\nMais l&rsquo;aventure c&rsquo;est aussi de partir camper au fond des bois alors que les \u00ab\u00a0bourgeois\u00a0\u00bb restent au chaud devant leur \u00e9cran.\u00a0 en campant dans des conditions plus ou moins difficiles\u00a0\u00a0on met un peu sa vie en jeu (ou au moins son confort): risque de mal manger, d&rsquo;avoir froid, d&rsquo;\u00eatre mouill\u00e9, de mal dormir, d&rsquo;avoir peur (entendre non loin du bivouac des sangliers marauder\u00a0dans la nuit, c&rsquo;est assez flippant). Mais, lorsque ces risques sont d\u00e9pass\u00e9s, on mange comme des rois, on se r\u00f4tit pr\u00e8s d&rsquo;un bon\u00a0 feu \u00e0 l&rsquo;abri de b\u00e2ches, on se sent en s\u00e9curit\u00e9 tous ensemble au fond des bois.<\/p>\n<h2 style=\"text-align: justify;\"><span style=\"color: #ff0000;\"><strong>La bande<\/strong><\/span><\/h2>\n<p style=\"text-align: justify;\"><strong><span style=\"color: #ff9900;\"><em>Comme des rameurs on agit ensemble, avec les m\u00eames codes, le m\u00eame effort, le m\u00eame esprit<\/em><\/span><\/strong><\/p>\n<p style=\"text-align: justify;\">Capital, la bande\u00a0! La bande peut faire marcher le scoutisme \u00e0 elle seule. M\u00eame lorsqu\u2019ils ne font rien, les jeunes sans id\u00e9al se r\u00e9unissent en bande et s\u2019y sentent mieux. La bande, ce sont les codes communs\u00a0: langage, coutume, aspect. La bande c\u2019est une histoire commune, c\u2019est le soutien mutuel et enfin ce sont les codes qui prennent allure de loi. Quand tout a foir\u00e9 dans une troupe, au moins il reste la bande. Lorsqu\u2019il faut lancer une troupe, il faut commencer par la bande. Par l\u2019esprit de bande, le groupe se distingue imm\u00e9diatement de la soci\u00e9t\u00e9 des adultes et se met \u00e0 part. Les signes pour se d\u00e9marquer se mettent imm\u00e9diatement en place. Nous avons vu le langage, les codes vestimentaires, les attitudes, la solidarit\u00e9 et la loi interne.<br \/>\nLe scoutisme poss\u00e8de d\u00e9j\u00e0 tout \u00e7a, il suffit de le d\u00e9ployer et de rendre tout \u00e7a attrayant. Cependant, attention de ne pas tomber dans le travers mytho. La bande et tout ce qui tourne autour n\u2019est qu\u2019un moteur et non le but, <span style=\"color: #ff0000;\">il ne faut pas l\u2019oublier<\/span>.<\/p>\n<h2 style=\"text-align: justify;\"><span style=\"color: #ff0000;\"><strong>L\u2019engagement \/ l&rsquo;id\u00e9al (la promesse)<br \/>\n<\/strong><\/span><\/h2>\n<p style=\"text-align: justify;\"><strong><span style=\"color: #993366;\"><em>Le cerf-volant va chercher, bien haut dans le ciel, un vent fort et constant&#8230; et \u00e7a tire !\u00a0<\/em><\/span><\/strong><\/p>\n<p style=\"text-align: justify;\"><img loading=\"lazy\" decoding=\"async\" class=\"alignleft wp-image-3445 size-medium\" src=\"http:\/\/arwann.com\/wp-content\/uploads\/2018\/11\/Promesse-scoute-2-300x239.jpg\" alt=\"\" width=\"300\" height=\"239\" srcset=\"http:\/\/arwann.com\/wp-content\/uploads\/2018\/11\/Promesse-scoute-2-300x239.jpg 300w, http:\/\/arwann.com\/wp-content\/uploads\/2018\/11\/Promesse-scoute-2-768x611.jpg 768w, http:\/\/arwann.com\/wp-content\/uploads\/2018\/11\/Promesse-scoute-2-1024x814.jpg 1024w, http:\/\/arwann.com\/wp-content\/uploads\/2018\/11\/Promesse-scoute-2.jpg 1738w\" sizes=\"auto, (max-width: 300px) 100vw, 300px\" \/>L\u2019adolescence saine et bien \u00e9quilibr\u00e9e est l\u2019\u00e2ge du don de soi. \u00c0 cet \u00e2ge on s\u2019enflamme de grands et nobles sentiments et on est pr\u00eat \u00e0 se donner enti\u00e8rement et sans esprit de calcul. C\u2019est l\u2019\u00e2ge des serments \u00e0 la vie \u00e0 la mort. L\u2019adolescent qui voudrait d\u00e9j\u00e0 vivre comme un grand prend chez les grands ce qui lui para\u00eet le plus beau et le plus exaltant. Il admire les h\u00e9ros et r\u00eave de partir au bout du monde, il voudrait partout combattre l\u2019injustice. Souvent il r\u00eave en secret \u00e0 une jeune fille et voudrait forcer son admiration par son courage, son audace et son panache.<br \/>\nLa promesse et tout le c\u00e9r\u00e9monial qui l\u2019accompagne, les couleurs, la loi, la r\u00e9f\u00e9rence aux anciens, l\u2019admiration pour le chef, le jeu des sachems\u00a0: le scoutisme poss\u00e8de tout ce qu\u2019il faut pour enthousiasmer ces \u00e2mes pr\u00eates \u00e0 se donner.<br \/>\nLe chef doit faire fonctionner et rendre beau tout ce qui tourne autour de l\u2019engagement. Avant tout il doit y croire. Les enfants sentent imm\u00e9diatement si leur chef vit lui-m\u00eame ce qu&rsquo;il enseigne ou s&rsquo;il est juste en \u00ab\u00a0repr\u00e9sentation\u00a0\u00bb.<\/p>\n<h2 style=\"text-align: justify;\"><span style=\"color: #ff0000;\"><strong>Les responsabilit\u00e9s<\/strong><\/span><\/h2>\n<p style=\"text-align: justify;\"><strong><span style=\"color: #ff0000;\"><em>C&rsquo;est un honneur d&rsquo;\u00eatre timonier mais quelle charge ! Il faut la comp\u00e9tence qui va avec.<\/em><\/span><\/strong><\/p>\n<p style=\"text-align: justify;\">La troupe commence \u00e0 tourner, on y vit des aventures au sein de cette bande o\u00f9 l\u2019on se sent chez soi. Un bel id\u00e9al commun enflamme nos jeunes mais les plus anciens piaffent. Tout ceci les a combl\u00e9s mais ils se sentent d\u2019autres capacit\u00e9s et des projets se forment dans leur esprit. Ils ont besoin de commander. Tous n\u2019ont pas ce d\u00e9sir aussi marqu\u00e9 mais chez un scout qui prend de l\u2019assurance, il finit toujours par sortir. \u00c0 certains il faut confier des responsabilit\u00e9s tr\u00e8s t\u00f4t, chez d\u2019autres il faudra attendre qu\u2019ils en ressentent le besoin. Ce besoin viendra \u00e0 mesure de la comp\u00e9tence et de la confiance en soi. Chaque jeune qui se sent des capacit\u00e9s a n\u00e9cessairement besoin de les d\u00e9ployer. Nulle part ailleurs un jeune se verra confier autant de responsabilit\u00e9s qu\u2019un CP aux scouts.<\/p>\n<h2 style=\"text-align: justify;\"><span style=\"color: #ff0000;\"><strong>Les techniques scoutes<\/strong><\/span><\/h2>\n<p style=\"text-align: justify;\"><span style=\"color: #04b504;\"><strong><em>La technique permet une aventure \u00e0 grande \u00e9chelle, int\u00e9ressante et exaltante. C&rsquo;est comme l\u2019h\u00e9lice qui permet la navigation dans toutes les conditions.<\/em><\/strong><\/span><\/p>\n<p style=\"text-align: justify;\">Notre \u00e9poque est technique, elle n\u2019a jamais \u00e9t\u00e9 aussi technique et sans doute le deviendra-t-elle encore davantage. Les techniques scoutes ont un go\u00fbt particulier, elles ont le go\u00fbt de la petite enfance. Certaines techniques scoutes renforcent l\u2019esprit de bande, d\u2019autres permettent de vivre des aventures encore plus exaltantes, enfin il en est qui permettent de prendre des responsabilit\u00e9s. Ces techniques sont attirantes par elles-m\u00eames mais en outre elles donnent les moyens d\u2019avancer plus fort suivant les autres moteurs.<\/p>\n<p style=\"text-align: justify;\">Commen\u00e7ons par le <strong><span style=\"color: #ff0000;\">forestage et les constructions<\/span> <\/strong>qui ne sont rien d\u2019autre que les cabanes de notre enfance d\u00e9ploy\u00e9es avec les moyens ad\u00e9quat.<\/p>\n<p style=\"text-align: justify;\"><strong><span style=\"color: #ff0000;\">Le feu et l\u2019art du feu\u00a0!<\/span><\/strong> Le scout ne se contente plus d\u2019\u00eatre en enfant fascin\u00e9 par le feu, il le ma\u00eetrise et s\u2019en sert.<\/p>\n<p style=\"text-align: justify;\"><strong><span style=\"color: #ff0000;\">Les techniques de discipline<\/span><\/strong> remportent toujours un franc succ\u00e8s, certaines troupes ne tournent quasiment qu\u2019avec cette technique (ce n\u2019est pourtant pas tr\u00e8s bon). O\u00f9 donc l\u00e8ve-t-on les couleurs\u00a0? Je crois bien qu\u2019\u00e0 l\u2019arm\u00e9e cela se pratique de moins en moins. Les rassos, l\u2019uniforme, les inspections, les cris de pat et les hurlements de troupe&#8230;<\/p>\n<p style=\"text-align: justify;\"><strong><span style=\"color: #ff0000;\">Les veill\u00e9es<\/span><\/strong>, ses chants, ses jeux, son fil rouge son rythme.<\/p>\n<p style=\"text-align: justify;\"><strong><span style=\"color: #ff0000;\">Le campisme et l\u2019art du bivouac<\/span><\/strong>, la cuisine trappeur, les nuits froides, le camouflage au fond des bois dans sa petite bulle douillette.<\/p>\n<p style=\"text-align: justify;\"><strong><span style=\"color: #ff0000;\">L\u2019orientation et la topo<\/span><\/strong>. Lire la carte, savoir toujours o\u00f9 l\u2019on se trouve, d\u00e9cider par o\u00f9 passer, ne jamais se perdre. En choisissant des itin\u00e9raires in\u00e9dits, se donner la chance de d\u00e9couvertes \u00e9tonnantes. D\u00e9ployer cette science au cours des jeux et surprendre l\u2019adversaire.<\/p>\n<p style=\"text-align: justify;\"><strong><span style=\"color: #ff0000;\">La science des cordes et des n\u0153uds<\/span><\/strong>, pour construire, am\u00e9nager, naviguer sur des radeaux, lancer des ponts de singes et des trailings\u2026 Bien plus rigolo que les accro-branches\u00a0d\u00e9j\u00e0 pr\u00eat et s\u00e9curis\u00e9s\u00a0; n\u2019oublions pas\u00a0: <em>sans effort pas de joie\u00a0!<\/em><\/p>\n<p style=\"text-align: justify;\">Et enfin<strong><span style=\"color: #ff0000;\"> les techniques de jeu<\/span><\/strong> pour vivre de grandes aventures.<\/p>\n<h2 style=\"text-align: justify;\"><span style=\"color: #ff0000;\"><strong>Les jeux des adultes<\/strong><\/span><\/h2>\n<p style=\"text-align: justify;\">Il est frappant de remarquer que, de nos jours, bon nombre \u00ab\u00a0d\u2019adultes\u00a0\u00bb se jettent sur toutes ces techniques revisit\u00e9es et technicis\u00e9es. Par l\u00e0 ils tentent d\u2019en retirer de grands plaisirs. Bien s\u00fbr c\u2019est peine perdue. Jamais plus ils ne conna\u00eetront ces perceptions tr\u00e8s fortes que seuls les enfants peuvent ressentir. Jamais ils ne pourront revivre leur enfance, elle est pass\u00e9e et elle est perdue. Pourtant ils se lancent dans le rafting, le VTT, l\u2019accro branche, le paint- ball, les jeux de r\u00f4le, le trek, le truc et le machin\u2026 Comme ils sont incapables de go\u00fbter les joies qu\u2019ils envisageaient, ils se lancent dans la surench\u00e8re technique. Un peu comme un drogu\u00e9 qui doublerait ses doses. La technique et la performance d\u00e9bouchent rapidement sur la comp\u00e9tition qui n\u2019a rien \u00e0 voir avec l\u2019\u00e9mulation. La comp\u00e9tition est une passion d\u2019adulte qui tourne le dos \u00e0 toutes les valeurs de l\u2019enfance.<br \/>\nEnfant on construit des cabanes, adulte on construit des ponts, des avions, des usines. Ces adultes qui n\u2019ont pas connu l\u2019enfance sont des adultes inachev\u00e9s.<\/p>\n<h2 style=\"text-align: justify;\"><span style=\"color: #ff0000;\"><strong>Une grande coh\u00e9rence<\/strong><\/span><\/h2>\n<p style=\"text-align: justify;\">Tous ces moteurs correctement d\u00e9ploy\u00e9s au sein d\u2019une troupe ou d\u2019une compagnie vont produire trois effets.<br \/>\nTout d\u2019abord <strong>l\u2019int\u00e9r\u00eat<\/strong> des adolescents est attis\u00e9 et confort\u00e9. Le meilleur indicateur c\u2019est l\u2019enr\u00f4lement des copains.<br \/>\nEnsuite, une fois ces moteurs en marche, ils renforcent chez les adolescents <strong>les 5 dimensions<\/strong> et leur donnent une r\u00e9alit\u00e9 et une force extraordinaires. Les aventures v\u00e9cues ensemble, les codes communs, l\u2019id\u00e9al partag\u00e9 et r\u00e9guli\u00e8rement r\u00e9affirm\u00e9, le plaisir de ma\u00eetriser les techniques du camp, celui d\u2019organiser, cr\u00e9ent ou renforcent les liens de cette petite soci\u00e9t\u00e9 qui devient maintenant une construction coh\u00e9rente ou il fait bon vivre.<br \/>\n\u00c0 ce stade, il n\u2019est m\u00eame plus n\u00e9cessaire de se poser la question <strong>des buts, ils seront atteints n\u00e9cessairement<\/strong> et c\u2019est le troisi\u00e8me effet positif.<\/p>\n<p style=\"text-align: justify;\"><a href=\"#Haut\">Retour en haut<\/a><br \/>\n<em>page pr\u00e9c\u00e9dente :<a title=\"Les 5 dimensions\" href=\"http:\/\/arwann.com\/?page_id=1118\"> les 5 dimensions<\/a><\/em><br \/>\n<em>page suivante : <a href=\"http:\/\/arwann.com\/?page_id=1696\">les 5 buts<\/a><\/em><\/p>\n","protected":false},"excerpt":{"rendered":"<p>Pris comme un tout, les cinq moyens repr\u00e9sentent la mani\u00e8re particuli\u00e8re que d\u00e9ploie la m\u00e9thode scoute pour captiver les jeunes. Les cinq dimensions d\u00e9finissent la petite soci\u00e9t\u00e9 scoute mais les cinq moyens expliquent comment agir, on les appelle aussi les cinq moteurs. Le principe essentiel des moteurs est tr\u00e8s simple, les enfants ne sont ni &hellip; <a href=\"http:\/\/arwann.com\/?page_id=1127\" class=\"more-link\">Continuer la lecture de <span class=\"screen-reader-text\">Les 5 moyens<\/span> <span class=\"meta-nav\">&rarr;<\/span><\/a><\/p>\n","protected":false},"author":1,"featured_media":0,"parent":1183,"menu_order":0,"comment_status":"open","ping_status":"open","template":"","meta":{"footnotes":""},"class_list":["post-1127","page","type-page","status-publish","hentry"],"yoast_head":"<!-- This site is optimized with the Yoast SEO plugin v27.2 - https:\/\/yoast.com\/product\/yoast-seo-wordpress\/ -->\n<title>Les 5 moyens -<\/title>\n<meta name=\"description\" content=\"L\u2019aventure - La bande \u2013 l\u2019engagement \u2013 les responsabilit\u00e9s \u2013 les techniques scoutes\" \/>\n<meta name=\"robots\" content=\"index, follow, max-snippet:-1, max-image-preview:large, max-video-preview:-1\" \/>\n<link rel=\"canonical\" href=\"http:\/\/arwann.com\/?page_id=1127\" \/>\n<meta property=\"og:locale\" content=\"fr_FR\" \/>\n<meta property=\"og:type\" content=\"article\" \/>\n<meta property=\"og:title\" content=\"Les 5 moyens -\" \/>\n<meta property=\"og:description\" content=\"L\u2019aventure - La bande \u2013 l\u2019engagement \u2013 les responsabilit\u00e9s \u2013 les techniques scoutes\" \/>\n<meta property=\"og:url\" content=\"http:\/\/arwann.com\/?page_id=1127\" \/>\n<meta property=\"article:modified_time\" content=\"2020-03-30T14:05:38+00:00\" \/>\n<meta property=\"og:image\" content=\"http:\/\/arwann.com\/wp-content\/uploads\/2014\/04\/baden_powell_portrait-Copie.png\" \/>\n<meta name=\"twitter:label1\" content=\"Dur\u00e9e de lecture estim\u00e9e\" \/>\n\t<meta name=\"twitter:data1\" content=\"9 minutes\" \/>\n<script type=\"application\/ld+json\" class=\"yoast-schema-graph\">{\"@context\":\"https:\/\/schema.org\",\"@graph\":[{\"@type\":\"WebPage\",\"@id\":\"http:\/\/arwann.com\/?page_id=1127\",\"url\":\"http:\/\/arwann.com\/?page_id=1127\",\"name\":\"Les 5 moyens -\",\"isPartOf\":{\"@id\":\"http:\/\/arwann.com\/#website\"},\"primaryImageOfPage\":{\"@id\":\"http:\/\/arwann.com\/?page_id=1127#primaryimage\"},\"image\":{\"@id\":\"http:\/\/arwann.com\/?page_id=1127#primaryimage\"},\"thumbnailUrl\":\"http:\/\/arwann.com\/wp-content\/uploads\/2014\/04\/baden_powell_portrait-Copie.png\",\"datePublished\":\"2014-05-07T07:25:07+00:00\",\"dateModified\":\"2020-03-30T14:05:38+00:00\",\"description\":\"L\u2019aventure - La bande \u2013 l\u2019engagement \u2013 les responsabilit\u00e9s \u2013 les techniques scoutes\",\"breadcrumb\":{\"@id\":\"http:\/\/arwann.com\/?page_id=1127#breadcrumb\"},\"inLanguage\":\"fr-FR\",\"potentialAction\":[{\"@type\":\"ReadAction\",\"target\":[\"http:\/\/arwann.com\/?page_id=1127\"]}]},{\"@type\":\"ImageObject\",\"inLanguage\":\"fr-FR\",\"@id\":\"http:\/\/arwann.com\/?page_id=1127#primaryimage\",\"url\":\"http:\/\/arwann.com\/wp-content\/uploads\/2014\/04\/baden_powell_portrait-Copie.png\",\"contentUrl\":\"http:\/\/arwann.com\/wp-content\/uploads\/2014\/04\/baden_powell_portrait-Copie.png\",\"width\":400,\"height\":400},{\"@type\":\"BreadcrumbList\",\"@id\":\"http:\/\/arwann.com\/?page_id=1127#breadcrumb\",\"itemListElement\":[{\"@type\":\"ListItem\",\"position\":1,\"name\":\"Home\",\"item\":\"http:\/\/arwann.com\/\"},{\"@type\":\"ListItem\",\"position\":2,\"name\":\"Le Kr\u00e2al\",\"item\":\"http:\/\/arwann.com\/?page_id=33\"},{\"@type\":\"ListItem\",\"position\":3,\"name\":\"Comprendre la m\u00e9thode scoute\",\"item\":\"https:\/\/arwann.com\/?page_id=1183\"},{\"@type\":\"ListItem\",\"position\":4,\"name\":\"Les 5 moyens\"}]},{\"@type\":\"WebSite\",\"@id\":\"http:\/\/arwann.com\/#website\",\"url\":\"http:\/\/arwann.com\/\",\"name\":\"Arwann.com\",\"description\":\"\",\"publisher\":{\"@id\":\"http:\/\/arwann.com\/#organization\"},\"potentialAction\":[{\"@type\":\"SearchAction\",\"target\":{\"@type\":\"EntryPoint\",\"urlTemplate\":\"http:\/\/arwann.com\/?s={search_term_string}\"},\"query-input\":{\"@type\":\"PropertyValueSpecification\",\"valueRequired\":true,\"valueName\":\"search_term_string\"}}],\"inLanguage\":\"fr-FR\"},{\"@type\":\"Organization\",\"@id\":\"http:\/\/arwann.com\/#organization\",\"name\":\"Arwann\",\"url\":\"http:\/\/arwann.com\/\",\"logo\":{\"@type\":\"ImageObject\",\"inLanguage\":\"fr-FR\",\"@id\":\"http:\/\/arwann.com\/#\/schema\/logo\/image\/\",\"url\":\"http:\/\/arwann.com\/wp-content\/uploads\/2014\/04\/cropped-bandeau-arwann-5.png\",\"contentUrl\":\"http:\/\/arwann.com\/wp-content\/uploads\/2014\/04\/cropped-bandeau-arwann-5.png\",\"width\":1600,\"height\":230,\"caption\":\"Arwann\"},\"image\":{\"@id\":\"http:\/\/arwann.com\/#\/schema\/logo\/image\/\"}}]}<\/script>\n<!-- \/ Yoast SEO plugin. -->","yoast_head_json":{"title":"Les 5 moyens -","description":"L\u2019aventure - La bande \u2013 l\u2019engagement \u2013 les responsabilit\u00e9s \u2013 les techniques scoutes","robots":{"index":"index","follow":"follow","max-snippet":"max-snippet:-1","max-image-preview":"max-image-preview:large","max-video-preview":"max-video-preview:-1"},"canonical":"http:\/\/arwann.com\/?page_id=1127","og_locale":"fr_FR","og_type":"article","og_title":"Les 5 moyens -","og_description":"L\u2019aventure - La bande \u2013 l\u2019engagement \u2013 les responsabilit\u00e9s \u2013 les techniques scoutes","og_url":"http:\/\/arwann.com\/?page_id=1127","article_modified_time":"2020-03-30T14:05:38+00:00","og_image":[{"url":"http:\/\/arwann.com\/wp-content\/uploads\/2014\/04\/baden_powell_portrait-Copie.png","type":"","width":"","height":""}],"twitter_misc":{"Dur\u00e9e de lecture estim\u00e9e":"9 minutes"},"schema":{"@context":"https:\/\/schema.org","@graph":[{"@type":"WebPage","@id":"http:\/\/arwann.com\/?page_id=1127","url":"http:\/\/arwann.com\/?page_id=1127","name":"Les 5 moyens -","isPartOf":{"@id":"http:\/\/arwann.com\/#website"},"primaryImageOfPage":{"@id":"http:\/\/arwann.com\/?page_id=1127#primaryimage"},"image":{"@id":"http:\/\/arwann.com\/?page_id=1127#primaryimage"},"thumbnailUrl":"http:\/\/arwann.com\/wp-content\/uploads\/2014\/04\/baden_powell_portrait-Copie.png","datePublished":"2014-05-07T07:25:07+00:00","dateModified":"2020-03-30T14:05:38+00:00","description":"L\u2019aventure - La bande \u2013 l\u2019engagement \u2013 les responsabilit\u00e9s \u2013 les techniques scoutes","breadcrumb":{"@id":"http:\/\/arwann.com\/?page_id=1127#breadcrumb"},"inLanguage":"fr-FR","potentialAction":[{"@type":"ReadAction","target":["http:\/\/arwann.com\/?page_id=1127"]}]},{"@type":"ImageObject","inLanguage":"fr-FR","@id":"http:\/\/arwann.com\/?page_id=1127#primaryimage","url":"http:\/\/arwann.com\/wp-content\/uploads\/2014\/04\/baden_powell_portrait-Copie.png","contentUrl":"http:\/\/arwann.com\/wp-content\/uploads\/2014\/04\/baden_powell_portrait-Copie.png","width":400,"height":400},{"@type":"BreadcrumbList","@id":"http:\/\/arwann.com\/?page_id=1127#breadcrumb","itemListElement":[{"@type":"ListItem","position":1,"name":"Home","item":"http:\/\/arwann.com\/"},{"@type":"ListItem","position":2,"name":"Le Kr\u00e2al","item":"http:\/\/arwann.com\/?page_id=33"},{"@type":"ListItem","position":3,"name":"Comprendre la m\u00e9thode scoute","item":"https:\/\/arwann.com\/?page_id=1183"},{"@type":"ListItem","position":4,"name":"Les 5 moyens"}]},{"@type":"WebSite","@id":"http:\/\/arwann.com\/#website","url":"http:\/\/arwann.com\/","name":"Arwann.com","description":"","publisher":{"@id":"http:\/\/arwann.com\/#organization"},"potentialAction":[{"@type":"SearchAction","target":{"@type":"EntryPoint","urlTemplate":"http:\/\/arwann.com\/?s={search_term_string}"},"query-input":{"@type":"PropertyValueSpecification","valueRequired":true,"valueName":"search_term_string"}}],"inLanguage":"fr-FR"},{"@type":"Organization","@id":"http:\/\/arwann.com\/#organization","name":"Arwann","url":"http:\/\/arwann.com\/","logo":{"@type":"ImageObject","inLanguage":"fr-FR","@id":"http:\/\/arwann.com\/#\/schema\/logo\/image\/","url":"http:\/\/arwann.com\/wp-content\/uploads\/2014\/04\/cropped-bandeau-arwann-5.png","contentUrl":"http:\/\/arwann.com\/wp-content\/uploads\/2014\/04\/cropped-bandeau-arwann-5.png","width":1600,"height":230,"caption":"Arwann"},"image":{"@id":"http:\/\/arwann.com\/#\/schema\/logo\/image\/"}}]}},"_links":{"self":[{"href":"http:\/\/arwann.com\/index.php?rest_route=\/wp\/v2\/pages\/1127","targetHints":{"allow":["GET"]}}],"collection":[{"href":"http:\/\/arwann.com\/index.php?rest_route=\/wp\/v2\/pages"}],"about":[{"href":"http:\/\/arwann.com\/index.php?rest_route=\/wp\/v2\/types\/page"}],"author":[{"embeddable":true,"href":"http:\/\/arwann.com\/index.php?rest_route=\/wp\/v2\/users\/1"}],"replies":[{"embeddable":true,"href":"http:\/\/arwann.com\/index.php?rest_route=%2Fwp%2Fv2%2Fcomments&post=1127"}],"version-history":[{"count":16,"href":"http:\/\/arwann.com\/index.php?rest_route=\/wp\/v2\/pages\/1127\/revisions"}],"predecessor-version":[{"id":3763,"href":"http:\/\/arwann.com\/index.php?rest_route=\/wp\/v2\/pages\/1127\/revisions\/3763"}],"up":[{"embeddable":true,"href":"http:\/\/arwann.com\/index.php?rest_route=\/wp\/v2\/pages\/1183"}],"wp:attachment":[{"href":"http:\/\/arwann.com\/index.php?rest_route=%2Fwp%2Fv2%2Fmedia&parent=1127"}],"curies":[{"name":"wp","href":"https:\/\/api.w.org\/{rel}","templated":true}]}}