{"id":1108,"date":"2014-05-07T07:32:02","date_gmt":"2014-05-07T06:32:02","guid":{"rendered":"http:\/\/arwann.com\/?page_id=1108"},"modified":"2015-09-21T22:12:58","modified_gmt":"2015-09-21T21:12:58","slug":"les-15-points-du-scoutisme","status":"publish","type":"page","link":"http:\/\/arwann.com\/?page_id=1108","title":{"rendered":"les 15 points du scoutisme"},"content":{"rendered":"<p style=\"text-align: justify;\"><a href=\"http:\/\/arwann.com\/wp-content\/uploads\/2014\/04\/baden_powell_portrait-Copie.png\"><img loading=\"lazy\" decoding=\"async\" class=\"alignright wp-image-601\" src=\"http:\/\/arwann.com\/wp-content\/uploads\/2014\/04\/baden_powell_portrait-Copie.png\" alt=\"baden_powell_portrait - Copie\" width=\"200\" height=\"200\" srcset=\"http:\/\/arwann.com\/wp-content\/uploads\/2014\/04\/baden_powell_portrait-Copie.png 400w, http:\/\/arwann.com\/wp-content\/uploads\/2014\/04\/baden_powell_portrait-Copie-200x200.png 200w, http:\/\/arwann.com\/wp-content\/uploads\/2014\/04\/baden_powell_portrait-Copie-100x100.png 100w, http:\/\/arwann.com\/wp-content\/uploads\/2014\/04\/baden_powell_portrait-Copie-300x300.png 300w, http:\/\/arwann.com\/wp-content\/uploads\/2014\/04\/baden_powell_portrait-Copie-150x150.png 150w\" sizes=\"auto, (max-width: 200px) 100vw, 200px\" \/><\/a><a name=\"Haut\"><\/a>\u00a0Par Lama<\/p>\n<p style=\"text-align: justify;\">En lisant la vie de BP ainsi que ses \u00e9crits, on est saisi par son \u00e9tonnante facult\u00e9 d\u2019observation. C\u2019\u00e9tait d\u2019ailleurs un tr\u00e8s bon dessinateur et tous les dessinateurs sont toujours des observateurs particuli\u00e8rement vifs.<br \/>\nPour mettre au point le scoutisme, on peut facilement imaginer que BP a cherch\u00e9 en tous point \u00e0 reproduire ce qu\u2019il avait vu fonctionner chez les jeunes un peu partout dans le monde. Mais une fois les exp\u00e9riences r\u00e9ussies, il a fallu diffuser cette m\u00e9thode. Pour cela, il fallait la rendre intelligible, c\u2019est \u00e0 dire la r\u00e9sumer dans une synth\u00e8se claire.<br \/>\nAlors que le scoutisme avait d\u00e9j\u00e0 connu un d\u00e9veloppement fulgurant, le vieux chef Baden a solidement d\u00e9fini le scoutisme en lui donnant ses principes et fondements. D&rsquo;autres grande figures du scoutisme on \u00e9galement apport\u00e9 leurs contributions (Michel Menu et bien d&rsquo;autres )&#8230; Ce sont les 15 points du scoutisme.<\/p>\n<h2 style=\"text-align: justify;\"><span style=\"color: #0000ff;\"><strong>5 buts + 5 moyens + 5 dimensions<\/strong><\/span><\/h2>\n<p style=\"text-align: justify;\">Ces quinze points d\u00e9finissent un programme extr\u00eamement riche et coh\u00e9rent. Retirer ou n\u00e9gliger l\u2019un de ces principes emp\u00eachera le syst\u00e8me de fonctionner correctement.<\/p>\n<p style=\"text-align: justify;\"><strong>Un peu de r\u00e9alisme<\/strong><\/p>\n<h3 style=\"text-align: justify;\"><a href=\"http:\/\/arwann.com\/wp-content\/uploads\/2014\/05\/Buts-les-5-buts.png\"><img loading=\"lazy\" decoding=\"async\" class=\"alignright wp-image-1788 size-full\" src=\"http:\/\/arwann.com\/wp-content\/uploads\/2014\/05\/Buts-les-5-buts.png\" alt=\"scoutisme les 5 buts p\u00e9gadogie la m\u00e9thode scoute\" width=\"562\" height=\"408\" srcset=\"http:\/\/arwann.com\/wp-content\/uploads\/2014\/05\/Buts-les-5-buts.png 562w, http:\/\/arwann.com\/wp-content\/uploads\/2014\/05\/Buts-les-5-buts-300x218.png 300w\" sizes=\"auto, (max-width: 562px) 100vw, 562px\" \/><\/a><span style=\"color: #0000ff;\">Les 5 buts<\/span><\/h3>\n<p style=\"text-align: justify;\">du scoutisme sont\u00a0: &#8211; Sens de Dieu -Sens des autres &#8211; Sant\u00e9 &#8211; Habilet\u00e9 manuelle &#8211; Formation du caract\u00e8re<br \/>\nCes cinq buts seront expliqu\u00e9s point \u00e0 point mais d\u00e9j\u00e0 nous pouvons les regrouper dans la recherche de l\u2019ach\u00e8vement harmonieux du caract\u00e8re de nos enfants. Par le scoutisme qui va d\u00e9velopper les germes de leur personnalit\u00e9, nous voulons\u00a0que nos enfants atteignent r\u00e9ellement l\u2019adulte accompli qui est\u00a0en puissance chez eux. Juste une remarque ici\u00a0: le but \u00ab\u00a0bonification\u00a0du caract\u00e8re\u00a0\u00bb doit \u00eatre compris comme polissage du caract\u00e8re, un peu comme ces cailloux anguleux qui deviennent des galets arrondis, adoucis mais parfaitement durs.<br \/>\nNos enfant vivent dans une soci\u00e9t\u00e9 qui, au lieu de les former et d\u2019en faire des hommes, ne cherche plus \u00e0 les construire mais facilite leurs caprices. Il devient donc indispensable de chercher autre part que dans la soci\u00e9t\u00e9 \u00ab\u00a0usuelle\u00a0\u00bb ou de notre temps, le moyen de faire grandir nos enfants dans le but d\u2019en faire des adultes accomplis. Bien pratiqu\u00e9, le scoutisme est un excellent moyen d\u2019y parvenir. Les cinq buts sont clairs mais il faut mettre en place la m\u00e9thode concr\u00e8te. Cette m\u00e9thode se d\u00e9compose suivants des moteurs et des\u00a0environnements.<\/p>\n<h3 style=\"text-align: justify;\"><span style=\"color: #0000ff;\">Les cinq moyens ou moteurs sont\u00a0:<\/span><\/h3>\n<p style=\"text-align: justify;\">L\u2019aventure &#8211; La bande &#8211; L\u2019engagement &#8211; Les responsabilit\u00e9s -Les techniques scoutes.<\/p>\n<p style=\"text-align: justify;\">Les 5 moteurs sont en r\u00e9alit\u00e9 des moteurs internes qui poussent l\u2019ado \u00e0 agir par lui-m\u00eame et sans contrainte. Par exemple, en classe l\u2019ado apprend parce que la mati\u00e8re lui plait mais il peut tout aussi bien apprendre parce qu\u2019il est contraint par la peur de mauvaises notes ou les retenues. Aux scouts, l\u2019adolescent avance seul, pouss\u00e9 par son int\u00e9r\u00eat et non pas tir\u00e9 par un chef ou canalis\u00e9 dans un cadre contraignant. On pourrait \u00e9galement comparer cette fa\u00e7on d\u2019avancer \u00e0 celle d\u2019une arm\u00e9e qui monte \u00e0 l\u2019assaut avec fougue pour d\u00e9fendre son pays ou sa foi, par opposition avec une arm\u00e9e sans motivation qu\u2019on pousse sous la mitraille, la ba\u00efonnette dans les reins avec la menace du peloton d\u2019ex\u00e9cution pour ceux qui reculeraient.<\/p>\n<p style=\"text-align: justify;\">Si les moteurs sont bien appliqu\u00e9s, les adolescents se plaisent aux scouts, ils avancent par eux-m\u00eames et deviennent les acteurs de leur formation. Le vrai chef n\u2019a plus qu\u2019\u00e0 les diriger.<\/p>\n<p style=\"text-align: justify;\"><a href=\"http:\/\/arwann.com\/wp-content\/uploads\/2014\/05\/5moteurs.png\"><img loading=\"lazy\" decoding=\"async\" class=\"aligncenter wp-image-1111 size-full\" src=\"http:\/\/arwann.com\/wp-content\/uploads\/2014\/05\/5moteurs.png\" alt=\"5moteurs\" width=\"472\" height=\"379\" srcset=\"http:\/\/arwann.com\/wp-content\/uploads\/2014\/05\/5moteurs.png 472w, http:\/\/arwann.com\/wp-content\/uploads\/2014\/05\/5moteurs-300x241.png 300w\" sizes=\"auto, (max-width: 472px) 100vw, 472px\" \/><\/a><\/p>\n<h3 style=\"text-align: justify;\"><span style=\"color: #0000ff;\">Enfin, les cinq dimensions sont\u00a0:<\/span><\/h3>\n<p style=\"text-align: justify;\">La nature et le camp &#8211; Le syst\u00e8me des patrouilles &#8211; Le CDC, la CDH &#8211; La loi &#8211; Le civisme.<\/p>\n<p style=\"text-align: justify;\">La nature &#8211; Le camp &#8211; Le syst\u00e8me des patrouilles &#8211; Le CDC, la CDH &#8211; La loi<\/p>\n<p style=\"text-align: justify;\">Et le civisme, le civisme qui a disparu ? Il me semble que le civisme aurait \u00e9t\u00e9 ajout\u00e9 par BP pour ne pas risquer d\u2019inqui\u00e9ter les dirigeants de l\u2019\u00e9poque, en particulier le roi Georges V. Au d\u00e9but du vingti\u00e8me si\u00e8cle la nation et la fid\u00e9lit\u00e9 au roi ou \u00e0 l\u2019\u00e9tat \u00e9tait encore une chose sacr\u00e9e. Car en r\u00e9alit\u00e9, que proposait donc BP avec ses 5 dimensions\u00a0?<\/p>\n<p style=\"text-align: justify;\">La nature c\u2019est le territoire d\u2019une nouvelle nation ou nouvelle soci\u00e9t\u00e9 &#8211; Le camp c\u2019est le projet, l\u2019aventure de cette petite nation ou soci\u00e9t\u00e9 que repr\u00e9sente une troupe &#8211; Le syst\u00e8me des patrouilles est le syst\u00e8me social d\u2019organisation de cette soci\u00e9t\u00e9 &#8211; Le conseil des chefs et la cour d\u2019honneur repr\u00e9sentent le syst\u00e8me de commandement de cette soci\u00e9t\u00e9 &#8211; Enfin la loi qui vient d\u2019en haut, r\u00e9git les comportements et r\u00e8gle la vie de tous, elle transcende cette soci\u00e9t\u00e9.<\/p>\n<p style=\"text-align: justify;\">Le civisme vis \u00e0 vis du souverain ou vis \u00e0 vis de cette petite soci\u00e9t\u00e9 repr\u00e9sente \u00e0 peu pr\u00e8s la m\u00eame chose, l\u2019important est de se sentir, de se savoir, de se comprendre citoyen.<\/p>\n<h2 style=\"text-align: justify;\"><span style=\"color: #0000ff;\"><strong>En r\u00e9sum\u00e9, le scoutisme c\u2019est :<\/strong><\/span><\/h2>\n<p style=\"text-align: justify;\">&#8211;\u00a0\u00a0\u00a0\u00a0\u00a0\u00a0\u00a0\u00a0\u00a0\u00a0\u00a0\u00a0\u00a0\u00a0\u00a0\u00a0 Vivre dans cette v\u00e9ritable soci\u00e9t\u00e9 adapt\u00e9e aux jeunes que repr\u00e9sente une troupe d\u2019\u00e9claireurs (ou d\u2019\u00e9claireuses) -&gt; Ce sont les 5 dimensions.<\/p>\n<p style=\"text-align: justify;\">&#8211;\u00a0\u00a0\u00a0\u00a0\u00a0\u00a0\u00a0\u00a0\u00a0\u00a0\u00a0\u00a0\u00a0\u00a0\u00a0\u00a0 C\u2019est agir par soi-m\u00eame dans cette soci\u00e9t\u00e9 parce que c\u2019est int\u00e9ressant et attirant -&gt; Ce sont les 5 moteurs.<\/p>\n<p style=\"text-align: justify;\">&#8211;\u00a0\u00a0\u00a0\u00a0\u00a0\u00a0\u00a0\u00a0\u00a0\u00a0\u00a0\u00a0\u00a0\u00a0\u00a0\u00a0 Et par ce moyen grandir dans cette soci\u00e9t\u00e9 adapt\u00e9e, y trouver sa place et fa\u00e7onner ainsi sa future personnalit\u00e9 d\u2019adulte -&gt; Ce sont les 5 buts.<\/p>\n<p style=\"text-align: justify;\">Un ouvrage paru \u00e0 l\u2019occasion du centenaire du scoutisme r\u00e9sume assez bien la finalit\u00e9 du scoutisme\u00a0 par son titre\u00a0: <em>Un autre chemin pour grandir<\/em><\/p>\n<p style=\"text-align: justify;\"><a href=\"http:\/\/arwann.com\/wp-content\/uploads\/2014\/05\/microsociete.png\"><img loading=\"lazy\" decoding=\"async\" class=\"aligncenter wp-image-1112 size-full\" src=\"http:\/\/arwann.com\/wp-content\/uploads\/2014\/05\/microsociete.png\" alt=\"microsociete\" width=\"472\" height=\"352\" srcset=\"http:\/\/arwann.com\/wp-content\/uploads\/2014\/05\/microsociete.png 472w, http:\/\/arwann.com\/wp-content\/uploads\/2014\/05\/microsociete-300x224.png 300w\" sizes=\"auto, (max-width: 472px) 100vw, 472px\" \/><\/a><\/p>\n<p style=\"text-align: justify;\"><strong>La cellule de base<\/strong><\/p>\n<p style=\"text-align: justify;\">On entend souvent dire que la cellule de base du scoutisme c\u2019est la patrouille. Ceci est vrai dans un sens. En agglom\u00e9rant quelques gar\u00e7ons on forme une patrouille et on peut commencer \u00e0 voir fonctionner une partie du scoutisme. Cependant pour avoir le fonctionnement plein et entier il faut la troupe (ou la compagnie). Seule l\u2019existence d\u2019un chef qui dirige plusieurs patrouilles peut garantir le fonctionnement du CDC-CDH. Sans cet \u00e9l\u00e9ment capital, on reste au niveau de la tribu mais pas de la soci\u00e9t\u00e9.<\/p>\n<p style=\"text-align: justify;\">L\u2019exp\u00e9rience commune et constante confirme ces propos. Les patrouilles libres n\u2019ont jamais bien fonctionn\u00e9. C\u2019est \u00e0 la rigueur une solution transitoire ou temporaire mais certainement pas un cas nominal. Par ailleurs, une patrouille livr\u00e9e \u00e0 elle-m\u00eame, quand bien m\u00eame elle aurait un excellent CP, n\u2019est capable de bien fonctionner que deux ou trois jours (C\u2019est le temps d\u2019un tout petit camp, c\u2019est le temps d\u2019une explo\u2026). Enfin une patrouille seule va se trouver priv\u00e9e d\u2019\u00e9mulation, de grand jeu, de bande, de direction&#8230; \u00e9l\u00e9ments qui n\u2019existent que par la pr\u00e9sence d\u2019autres patrouilles et d\u2019un chef.<\/p>\n<p style=\"text-align: justify;\">L\u2019unit\u00e9 qui rassemble plusieurs patrouilles et qui est dirig\u00e9e par un chef constitue bien la cellule de base du scoutisme. Seule cette unit\u00e9 est capable de proposer l\u2019ensemble des moteurs, la micro soci\u00e9t\u00e9 pleine et enti\u00e8re et l\u2019atteinte des buts.<\/p>\n<p style=\"text-align: justify;\"><a href=\"#Haut\">Retour en haut<\/a><em><br \/>\npage pr\u00e9c\u00e9dente : <a title=\"Forestage et scoutisme\" href=\"http:\/\/arwann.com\/?page_id=1069\">forestage et scoutisme<\/a><\/em><br \/>\n<em>page suivante : <a title=\"Les 5 dimensions\" href=\"http:\/\/arwann.com\/?page_id=1118\">les 5 dimensions<\/a><\/em><\/p>\n","protected":false},"excerpt":{"rendered":"<p>\u00a0Par Lama En lisant la vie de BP ainsi que ses \u00e9crits, on est saisi par son \u00e9tonnante facult\u00e9 d\u2019observation. C\u2019\u00e9tait d\u2019ailleurs un tr\u00e8s bon dessinateur et tous les dessinateurs sont toujours des observateurs particuli\u00e8rement vifs. Pour mettre au point le scoutisme, on peut facilement imaginer que BP a cherch\u00e9 en tous point \u00e0 reproduire &hellip; <a href=\"http:\/\/arwann.com\/?page_id=1108\" class=\"more-link\">Continuer la lecture de <span class=\"screen-reader-text\">les 15 points du scoutisme<\/span> <span class=\"meta-nav\">&rarr;<\/span><\/a><\/p>\n","protected":false},"author":1,"featured_media":0,"parent":1183,"menu_order":0,"comment_status":"open","ping_status":"open","template":"","meta":{"footnotes":""},"class_list":["post-1108","page","type-page","status-publish","hentry"],"yoast_head":"<!-- This site is optimized with the Yoast SEO plugin v27.2 - https:\/\/yoast.com\/product\/yoast-seo-wordpress\/ -->\n<title>les 15 points du scoutisme -<\/title>\n<meta name=\"description\" content=\"5 buts + 5 moyens + 5 dimensions\" \/>\n<meta name=\"robots\" content=\"index, follow, max-snippet:-1, max-image-preview:large, max-video-preview:-1\" \/>\n<link rel=\"canonical\" href=\"http:\/\/arwann.com\/?page_id=1108\" \/>\n<meta property=\"og:locale\" content=\"fr_FR\" \/>\n<meta property=\"og:type\" content=\"article\" \/>\n<meta property=\"og:title\" content=\"les 15 points du scoutisme -\" \/>\n<meta property=\"og:description\" content=\"5 buts + 5 moyens + 5 dimensions\" \/>\n<meta property=\"og:url\" content=\"http:\/\/arwann.com\/?page_id=1108\" \/>\n<meta property=\"article:modified_time\" content=\"2015-09-21T21:12:58+00:00\" \/>\n<meta property=\"og:image\" content=\"http:\/\/arwann.com\/wp-content\/uploads\/2014\/04\/baden_powell_portrait-Copie.png\" \/>\n<meta name=\"twitter:label1\" content=\"Dur\u00e9e de lecture estim\u00e9e\" \/>\n\t<meta name=\"twitter:data1\" content=\"6 minutes\" \/>\n<script type=\"application\/ld+json\" class=\"yoast-schema-graph\">{\"@context\":\"https:\/\/schema.org\",\"@graph\":[{\"@type\":\"WebPage\",\"@id\":\"http:\/\/arwann.com\/?page_id=1108\",\"url\":\"http:\/\/arwann.com\/?page_id=1108\",\"name\":\"les 15 points du scoutisme -\",\"isPartOf\":{\"@id\":\"http:\/\/arwann.com\/#website\"},\"primaryImageOfPage\":{\"@id\":\"http:\/\/arwann.com\/?page_id=1108#primaryimage\"},\"image\":{\"@id\":\"http:\/\/arwann.com\/?page_id=1108#primaryimage\"},\"thumbnailUrl\":\"http:\/\/arwann.com\/wp-content\/uploads\/2014\/04\/baden_powell_portrait-Copie.png\",\"datePublished\":\"2014-05-07T06:32:02+00:00\",\"dateModified\":\"2015-09-21T21:12:58+00:00\",\"description\":\"5 buts + 5 moyens + 5 dimensions\",\"breadcrumb\":{\"@id\":\"http:\/\/arwann.com\/?page_id=1108#breadcrumb\"},\"inLanguage\":\"fr-FR\",\"potentialAction\":[{\"@type\":\"ReadAction\",\"target\":[\"http:\/\/arwann.com\/?page_id=1108\"]}]},{\"@type\":\"ImageObject\",\"inLanguage\":\"fr-FR\",\"@id\":\"http:\/\/arwann.com\/?page_id=1108#primaryimage\",\"url\":\"http:\/\/arwann.com\/wp-content\/uploads\/2014\/04\/baden_powell_portrait-Copie.png\",\"contentUrl\":\"http:\/\/arwann.com\/wp-content\/uploads\/2014\/04\/baden_powell_portrait-Copie.png\",\"width\":400,\"height\":400},{\"@type\":\"BreadcrumbList\",\"@id\":\"http:\/\/arwann.com\/?page_id=1108#breadcrumb\",\"itemListElement\":[{\"@type\":\"ListItem\",\"position\":1,\"name\":\"Home\",\"item\":\"https:\/\/arwann.com\/\"},{\"@type\":\"ListItem\",\"position\":2,\"name\":\"Le Kr\u00e2al\",\"item\":\"http:\/\/arwann.com\/?page_id=33\"},{\"@type\":\"ListItem\",\"position\":3,\"name\":\"Comprendre la m\u00e9thode scoute\",\"item\":\"http:\/\/arwann.com\/?page_id=1183\"},{\"@type\":\"ListItem\",\"position\":4,\"name\":\"les 15 points du scoutisme\"}]},{\"@type\":\"WebSite\",\"@id\":\"http:\/\/arwann.com\/#website\",\"url\":\"http:\/\/arwann.com\/\",\"name\":\"Arwann.com\",\"description\":\"\",\"publisher\":{\"@id\":\"http:\/\/arwann.com\/#organization\"},\"potentialAction\":[{\"@type\":\"SearchAction\",\"target\":{\"@type\":\"EntryPoint\",\"urlTemplate\":\"http:\/\/arwann.com\/?s={search_term_string}\"},\"query-input\":{\"@type\":\"PropertyValueSpecification\",\"valueRequired\":true,\"valueName\":\"search_term_string\"}}],\"inLanguage\":\"fr-FR\"},{\"@type\":\"Organization\",\"@id\":\"http:\/\/arwann.com\/#organization\",\"name\":\"Arwann\",\"url\":\"http:\/\/arwann.com\/\",\"logo\":{\"@type\":\"ImageObject\",\"inLanguage\":\"fr-FR\",\"@id\":\"http:\/\/arwann.com\/#\/schema\/logo\/image\/\",\"url\":\"http:\/\/arwann.com\/wp-content\/uploads\/2014\/04\/cropped-bandeau-arwann-5.png\",\"contentUrl\":\"http:\/\/arwann.com\/wp-content\/uploads\/2014\/04\/cropped-bandeau-arwann-5.png\",\"width\":1600,\"height\":230,\"caption\":\"Arwann\"},\"image\":{\"@id\":\"http:\/\/arwann.com\/#\/schema\/logo\/image\/\"}}]}<\/script>\n<!-- \/ Yoast SEO plugin. -->","yoast_head_json":{"title":"les 15 points du scoutisme -","description":"5 buts + 5 moyens + 5 dimensions","robots":{"index":"index","follow":"follow","max-snippet":"max-snippet:-1","max-image-preview":"max-image-preview:large","max-video-preview":"max-video-preview:-1"},"canonical":"http:\/\/arwann.com\/?page_id=1108","og_locale":"fr_FR","og_type":"article","og_title":"les 15 points du scoutisme -","og_description":"5 buts + 5 moyens + 5 dimensions","og_url":"http:\/\/arwann.com\/?page_id=1108","article_modified_time":"2015-09-21T21:12:58+00:00","og_image":[{"url":"http:\/\/arwann.com\/wp-content\/uploads\/2014\/04\/baden_powell_portrait-Copie.png","type":"","width":"","height":""}],"twitter_misc":{"Dur\u00e9e de lecture estim\u00e9e":"6 minutes"},"schema":{"@context":"https:\/\/schema.org","@graph":[{"@type":"WebPage","@id":"http:\/\/arwann.com\/?page_id=1108","url":"http:\/\/arwann.com\/?page_id=1108","name":"les 15 points du scoutisme -","isPartOf":{"@id":"http:\/\/arwann.com\/#website"},"primaryImageOfPage":{"@id":"http:\/\/arwann.com\/?page_id=1108#primaryimage"},"image":{"@id":"http:\/\/arwann.com\/?page_id=1108#primaryimage"},"thumbnailUrl":"http:\/\/arwann.com\/wp-content\/uploads\/2014\/04\/baden_powell_portrait-Copie.png","datePublished":"2014-05-07T06:32:02+00:00","dateModified":"2015-09-21T21:12:58+00:00","description":"5 buts + 5 moyens + 5 dimensions","breadcrumb":{"@id":"http:\/\/arwann.com\/?page_id=1108#breadcrumb"},"inLanguage":"fr-FR","potentialAction":[{"@type":"ReadAction","target":["http:\/\/arwann.com\/?page_id=1108"]}]},{"@type":"ImageObject","inLanguage":"fr-FR","@id":"http:\/\/arwann.com\/?page_id=1108#primaryimage","url":"http:\/\/arwann.com\/wp-content\/uploads\/2014\/04\/baden_powell_portrait-Copie.png","contentUrl":"http:\/\/arwann.com\/wp-content\/uploads\/2014\/04\/baden_powell_portrait-Copie.png","width":400,"height":400},{"@type":"BreadcrumbList","@id":"http:\/\/arwann.com\/?page_id=1108#breadcrumb","itemListElement":[{"@type":"ListItem","position":1,"name":"Home","item":"https:\/\/arwann.com\/"},{"@type":"ListItem","position":2,"name":"Le Kr\u00e2al","item":"http:\/\/arwann.com\/?page_id=33"},{"@type":"ListItem","position":3,"name":"Comprendre la m\u00e9thode scoute","item":"http:\/\/arwann.com\/?page_id=1183"},{"@type":"ListItem","position":4,"name":"les 15 points du scoutisme"}]},{"@type":"WebSite","@id":"http:\/\/arwann.com\/#website","url":"http:\/\/arwann.com\/","name":"Arwann.com","description":"","publisher":{"@id":"http:\/\/arwann.com\/#organization"},"potentialAction":[{"@type":"SearchAction","target":{"@type":"EntryPoint","urlTemplate":"http:\/\/arwann.com\/?s={search_term_string}"},"query-input":{"@type":"PropertyValueSpecification","valueRequired":true,"valueName":"search_term_string"}}],"inLanguage":"fr-FR"},{"@type":"Organization","@id":"http:\/\/arwann.com\/#organization","name":"Arwann","url":"http:\/\/arwann.com\/","logo":{"@type":"ImageObject","inLanguage":"fr-FR","@id":"http:\/\/arwann.com\/#\/schema\/logo\/image\/","url":"http:\/\/arwann.com\/wp-content\/uploads\/2014\/04\/cropped-bandeau-arwann-5.png","contentUrl":"http:\/\/arwann.com\/wp-content\/uploads\/2014\/04\/cropped-bandeau-arwann-5.png","width":1600,"height":230,"caption":"Arwann"},"image":{"@id":"http:\/\/arwann.com\/#\/schema\/logo\/image\/"}}]}},"_links":{"self":[{"href":"http:\/\/arwann.com\/index.php?rest_route=\/wp\/v2\/pages\/1108","targetHints":{"allow":["GET"]}}],"collection":[{"href":"http:\/\/arwann.com\/index.php?rest_route=\/wp\/v2\/pages"}],"about":[{"href":"http:\/\/arwann.com\/index.php?rest_route=\/wp\/v2\/types\/page"}],"author":[{"embeddable":true,"href":"http:\/\/arwann.com\/index.php?rest_route=\/wp\/v2\/users\/1"}],"replies":[{"embeddable":true,"href":"http:\/\/arwann.com\/index.php?rest_route=%2Fwp%2Fv2%2Fcomments&post=1108"}],"version-history":[{"count":13,"href":"http:\/\/arwann.com\/index.php?rest_route=\/wp\/v2\/pages\/1108\/revisions"}],"predecessor-version":[{"id":2870,"href":"http:\/\/arwann.com\/index.php?rest_route=\/wp\/v2\/pages\/1108\/revisions\/2870"}],"up":[{"embeddable":true,"href":"http:\/\/arwann.com\/index.php?rest_route=\/wp\/v2\/pages\/1183"}],"wp:attachment":[{"href":"http:\/\/arwann.com\/index.php?rest_route=%2Fwp%2Fv2%2Fmedia&parent=1108"}],"curies":[{"name":"wp","href":"https:\/\/api.w.org\/{rel}","templated":true}]}}