{"id":1029,"date":"2014-04-21T21:30:13","date_gmt":"2014-04-21T20:30:13","guid":{"rendered":"http:\/\/arwann.com\/?page_id=1029"},"modified":"2014-04-23T11:50:51","modified_gmt":"2014-04-23T10:50:51","slug":"pepita","status":"publish","type":"page","link":"http:\/\/arwann.com\/?page_id=1029","title":{"rendered":"Pepita"},"content":{"rendered":"<p>par Poulain, Loutre et Macareux. <em>pour \u00e9couter, cliquez ici -&gt;<\/em><\/p>\n<audio class=\"wp-audio-shortcode\" id=\"audio-1029-1\" preload=\"none\" style=\"width: 100%;\" controls=\"controls\"><source type=\"audio\/x-ms-wma\" src=\"http:\/\/arwann.com\/wp-content\/uploads\/2014\/04\/Pepita.wma?_=1\" \/><a href=\"http:\/\/arwann.com\/wp-content\/uploads\/2014\/04\/Pepita.wma\">http:\/\/arwann.com\/wp-content\/uploads\/2014\/04\/Pepita.wma<\/a><\/audio>\n<p>Ah pourquoi P\u00e9pita sans r\u00e9pit m\u2019\u00e9pies-tu dans les bois P\u00e9pita pourquoi te tapis-tu\u00a0? Tu m\u2019\u00e9pies sans piti\u00e9 c\u2019est piteux de m\u2019\u00e9pier, de m\u2019\u00e9pier P\u00e9pita pourrais-tu te passer\u00a0?<\/p>\n","protected":false},"excerpt":{"rendered":"<p>par Poulain, Loutre et Macareux. pour \u00e9couter, cliquez ici -&gt; Ah pourquoi P\u00e9pita sans r\u00e9pit m\u2019\u00e9pies-tu dans les bois P\u00e9pita pourquoi te tapis-tu\u00a0? Tu m\u2019\u00e9pies sans piti\u00e9 c\u2019est piteux de m\u2019\u00e9pier, de m\u2019\u00e9pier P\u00e9pita pourrais-tu te passer\u00a0?<\/p>\n","protected":false},"author":1,"featured_media":0,"parent":1015,"menu_order":0,"comment_status":"open","ping_status":"open","template":"","meta":{"footnotes":""},"class_list":["post-1029","page","type-page","status-publish","hentry"],"yoast_head":"<!-- This site is optimized with the Yoast SEO plugin v27.2 - https:\/\/yoast.com\/product\/yoast-seo-wordpress\/ -->\n<title>Pepita -<\/title>\n<meta name=\"robots\" content=\"index, follow, max-snippet:-1, max-image-preview:large, max-video-preview:-1\" \/>\n<link rel=\"canonical\" href=\"http:\/\/arwann.com\/?page_id=1029\" \/>\n<meta property=\"og:locale\" content=\"fr_FR\" \/>\n<meta property=\"og:type\" content=\"article\" \/>\n<meta property=\"og:title\" content=\"Pepita -\" \/>\n<meta property=\"og:description\" content=\"par Poulain, Loutre et Macareux. pour \u00e9couter, cliquez ici -&gt; Ah pourquoi P\u00e9pita sans r\u00e9pit m\u2019\u00e9pies-tu dans les bois P\u00e9pita pourquoi te tapis-tu\u00a0? Tu m\u2019\u00e9pies sans piti\u00e9 c\u2019est piteux de m\u2019\u00e9pier, de m\u2019\u00e9pier P\u00e9pita pourrais-tu te passer\u00a0?\" \/>\n<meta property=\"og:url\" content=\"http:\/\/arwann.com\/?page_id=1029\" \/>\n<meta property=\"article:modified_time\" content=\"2014-04-23T10:50:51+00:00\" \/>\n<script type=\"application\/ld+json\" class=\"yoast-schema-graph\">{\"@context\":\"https:\/\/schema.org\",\"@graph\":[{\"@type\":\"WebPage\",\"@id\":\"http:\/\/arwann.com\/?page_id=1029\",\"url\":\"http:\/\/arwann.com\/?page_id=1029\",\"name\":\"Pepita -\",\"isPartOf\":{\"@id\":\"http:\/\/arwann.com\/#website\"},\"datePublished\":\"2014-04-21T20:30:13+00:00\",\"dateModified\":\"2014-04-23T10:50:51+00:00\",\"breadcrumb\":{\"@id\":\"http:\/\/arwann.com\/?page_id=1029#breadcrumb\"},\"inLanguage\":\"fr-FR\",\"potentialAction\":[{\"@type\":\"ReadAction\",\"target\":[\"http:\/\/arwann.com\/?page_id=1029\"]}]},{\"@type\":\"BreadcrumbList\",\"@id\":\"http:\/\/arwann.com\/?page_id=1029#breadcrumb\",\"itemListElement\":[{\"@type\":\"ListItem\",\"position\":1,\"name\":\"Home\",\"item\":\"https:\/\/arwann.com\/\"},{\"@type\":\"ListItem\",\"position\":2,\"name\":\"Le coin des Scouts\",\"item\":\"http:\/\/arwann.com\/?page_id=29\"},{\"@type\":\"ListItem\",\"position\":3,\"name\":\"Veill\u00e9es\",\"item\":\"http:\/\/arwann.com\/?page_id=273\"},{\"@type\":\"ListItem\",\"position\":4,\"name\":\"Chants\",\"item\":\"http:\/\/arwann.com\/?page_id=276\"},{\"@type\":\"ListItem\",\"position\":5,\"name\":\"Chants divers\",\"item\":\"https:\/\/arwann.com\/?page_id=1015\"},{\"@type\":\"ListItem\",\"position\":6,\"name\":\"Pepita\"}]},{\"@type\":\"WebSite\",\"@id\":\"http:\/\/arwann.com\/#website\",\"url\":\"http:\/\/arwann.com\/\",\"name\":\"Arwann.com\",\"description\":\"\",\"publisher\":{\"@id\":\"http:\/\/arwann.com\/#organization\"},\"potentialAction\":[{\"@type\":\"SearchAction\",\"target\":{\"@type\":\"EntryPoint\",\"urlTemplate\":\"http:\/\/arwann.com\/?s={search_term_string}\"},\"query-input\":{\"@type\":\"PropertyValueSpecification\",\"valueRequired\":true,\"valueName\":\"search_term_string\"}}],\"inLanguage\":\"fr-FR\"},{\"@type\":\"Organization\",\"@id\":\"http:\/\/arwann.com\/#organization\",\"name\":\"Arwann\",\"url\":\"http:\/\/arwann.com\/\",\"logo\":{\"@type\":\"ImageObject\",\"inLanguage\":\"fr-FR\",\"@id\":\"http:\/\/arwann.com\/#\/schema\/logo\/image\/\",\"url\":\"http:\/\/arwann.com\/wp-content\/uploads\/2014\/04\/cropped-bandeau-arwann-5.png\",\"contentUrl\":\"http:\/\/arwann.com\/wp-content\/uploads\/2014\/04\/cropped-bandeau-arwann-5.png\",\"width\":1600,\"height\":230,\"caption\":\"Arwann\"},\"image\":{\"@id\":\"http:\/\/arwann.com\/#\/schema\/logo\/image\/\"}}]}<\/script>\n<!-- \/ Yoast SEO plugin. -->","yoast_head_json":{"title":"Pepita -","robots":{"index":"index","follow":"follow","max-snippet":"max-snippet:-1","max-image-preview":"max-image-preview:large","max-video-preview":"max-video-preview:-1"},"canonical":"http:\/\/arwann.com\/?page_id=1029","og_locale":"fr_FR","og_type":"article","og_title":"Pepita -","og_description":"par Poulain, Loutre et Macareux. pour \u00e9couter, cliquez ici -&gt; Ah pourquoi P\u00e9pita sans r\u00e9pit m\u2019\u00e9pies-tu dans les bois P\u00e9pita pourquoi te tapis-tu\u00a0? Tu m\u2019\u00e9pies sans piti\u00e9 c\u2019est piteux de m\u2019\u00e9pier, de m\u2019\u00e9pier P\u00e9pita pourrais-tu te passer\u00a0?","og_url":"http:\/\/arwann.com\/?page_id=1029","article_modified_time":"2014-04-23T10:50:51+00:00","schema":{"@context":"https:\/\/schema.org","@graph":[{"@type":"WebPage","@id":"http:\/\/arwann.com\/?page_id=1029","url":"http:\/\/arwann.com\/?page_id=1029","name":"Pepita -","isPartOf":{"@id":"http:\/\/arwann.com\/#website"},"datePublished":"2014-04-21T20:30:13+00:00","dateModified":"2014-04-23T10:50:51+00:00","breadcrumb":{"@id":"http:\/\/arwann.com\/?page_id=1029#breadcrumb"},"inLanguage":"fr-FR","potentialAction":[{"@type":"ReadAction","target":["http:\/\/arwann.com\/?page_id=1029"]}]},{"@type":"BreadcrumbList","@id":"http:\/\/arwann.com\/?page_id=1029#breadcrumb","itemListElement":[{"@type":"ListItem","position":1,"name":"Home","item":"https:\/\/arwann.com\/"},{"@type":"ListItem","position":2,"name":"Le coin des Scouts","item":"http:\/\/arwann.com\/?page_id=29"},{"@type":"ListItem","position":3,"name":"Veill\u00e9es","item":"http:\/\/arwann.com\/?page_id=273"},{"@type":"ListItem","position":4,"name":"Chants","item":"http:\/\/arwann.com\/?page_id=276"},{"@type":"ListItem","position":5,"name":"Chants divers","item":"https:\/\/arwann.com\/?page_id=1015"},{"@type":"ListItem","position":6,"name":"Pepita"}]},{"@type":"WebSite","@id":"http:\/\/arwann.com\/#website","url":"http:\/\/arwann.com\/","name":"Arwann.com","description":"","publisher":{"@id":"http:\/\/arwann.com\/#organization"},"potentialAction":[{"@type":"SearchAction","target":{"@type":"EntryPoint","urlTemplate":"http:\/\/arwann.com\/?s={search_term_string}"},"query-input":{"@type":"PropertyValueSpecification","valueRequired":true,"valueName":"search_term_string"}}],"inLanguage":"fr-FR"},{"@type":"Organization","@id":"http:\/\/arwann.com\/#organization","name":"Arwann","url":"http:\/\/arwann.com\/","logo":{"@type":"ImageObject","inLanguage":"fr-FR","@id":"http:\/\/arwann.com\/#\/schema\/logo\/image\/","url":"http:\/\/arwann.com\/wp-content\/uploads\/2014\/04\/cropped-bandeau-arwann-5.png","contentUrl":"http:\/\/arwann.com\/wp-content\/uploads\/2014\/04\/cropped-bandeau-arwann-5.png","width":1600,"height":230,"caption":"Arwann"},"image":{"@id":"http:\/\/arwann.com\/#\/schema\/logo\/image\/"}}]}},"_links":{"self":[{"href":"http:\/\/arwann.com\/index.php?rest_route=\/wp\/v2\/pages\/1029","targetHints":{"allow":["GET"]}}],"collection":[{"href":"http:\/\/arwann.com\/index.php?rest_route=\/wp\/v2\/pages"}],"about":[{"href":"http:\/\/arwann.com\/index.php?rest_route=\/wp\/v2\/types\/page"}],"author":[{"embeddable":true,"href":"http:\/\/arwann.com\/index.php?rest_route=\/wp\/v2\/users\/1"}],"replies":[{"embeddable":true,"href":"http:\/\/arwann.com\/index.php?rest_route=%2Fwp%2Fv2%2Fcomments&post=1029"}],"version-history":[{"count":2,"href":"http:\/\/arwann.com\/index.php?rest_route=\/wp\/v2\/pages\/1029\/revisions"}],"predecessor-version":[{"id":1084,"href":"http:\/\/arwann.com\/index.php?rest_route=\/wp\/v2\/pages\/1029\/revisions\/1084"}],"up":[{"embeddable":true,"href":"http:\/\/arwann.com\/index.php?rest_route=\/wp\/v2\/pages\/1015"}],"wp:attachment":[{"href":"http:\/\/arwann.com\/index.php?rest_route=%2Fwp%2Fv2%2Fmedia&parent=1029"}],"curies":[{"name":"wp","href":"https:\/\/api.w.org\/{rel}","templated":true}]}}