{"id":1012,"date":"2014-04-21T21:17:53","date_gmt":"2014-04-21T20:17:53","guid":{"rendered":"http:\/\/arwann.com\/?page_id=1012"},"modified":"2020-04-02T09:52:38","modified_gmt":"2020-04-02T08:52:38","slug":"licorne","status":"publish","type":"page","link":"http:\/\/arwann.com\/?page_id=1012","title":{"rendered":"La licorne"},"content":{"rendered":"<p>par Poulain, Loutre et macareux. <em>pour \u00e9couter cliquez ici -&gt; <\/em><a href=\"http:\/\/arwann.com\/wp-content\/uploads\/2014\/04\/la-licorne.wma\">la-licorne<\/a><\/p>\n<p>Quand Dieu fit l&rsquo;univers il y eut sur la terre<br \/>\nDes milliers d&rsquo;animaux inconnus aujourd&rsquo;hui<br \/>\nMais la plus jolie dans ce vert paradis<br \/>\nLa plus dr\u00f4le la plus mignonne, c&rsquo;\u00e9tait la licorne<\/p>\n<p><strong> Y avait des gros crocodiles et des orangs-outangs<br \/>\nDes affreux reptiles et des jolis moutons blancs<br \/>\nDes chats des rats des \u00e9l\u00e9phants mais la plus mignonne<br \/>\nDe toutes les b\u00eates \u00e0 cornes, c&rsquo;\u00e9tait la licorne.<\/strong><\/p>\n<p>Quand il vit les p\u00e9cheurs faire leurs premiers p\u00e9ch\u00e9s<br \/>\nDieu se mit en col\u00e8re et appela No\u00e9:<br \/>\nMon bon vieux No\u00e9, je vais noyer la terre<br \/>\nConstruis-moi un grand bateau pour flotter sur l&rsquo;eau<\/p>\n<p><strong> Mets y des gros crocodiles et des orangs-outangs<br \/>\nDes affreux reptiles et des jolis moutons blancs<br \/>\nDes chats des rats des \u00e9l\u00e9phants mais n&rsquo;oublie pas<br \/>\nLa mignonne, la jolie licorne.<\/strong><\/p>\n<p>Quand son bateau fut pr\u00eat \u00e0 surmonter les flots,<br \/>\nNo\u00e9 y fit monter les animaux deux par deux<br \/>\nEt d\u00e9j\u00e0 la pluie commen\u00e7ait \u00e0 tomber quand il cria<br \/>\nSeigneur! J&rsquo;ai fait pour le mieux<\/p>\n<p><strong>J&rsquo;ai mis deux gros crocodiles et des orangs-outangs<br \/>\nDes affreux reptiles et des jolis moutons blancs<br \/>\nDes chats des rats des \u00e9l\u00e9phants mais il n&rsquo;y manque personne,<br \/>\nA part les deux mignonnes, les jolies licornes.<\/strong><\/p>\n<p>Elles riaient les mignonnes et pataugeaient dans l&rsquo;eau,<br \/>\nS&rsquo;amusant comme des folles, sans voir que le bateau<br \/>\nEmmen\u00e9 par No\u00e9, les avait oubli\u00e9es<br \/>\nEt depuis jamais personne n&rsquo;a vu de licorne<\/p>\n<p><strong>On voit des gros crocodiles et des orangs-outangs<br \/>\nDes affreux reptiles et des jolis moutons blancs<br \/>\nDes chats des rats des \u00e9l\u00e9phants mais jamais personne<br \/>\nNe verra la mignonne, la jolie licorne!<\/strong><\/p>\n","protected":false},"excerpt":{"rendered":"<p>par Poulain, Loutre et macareux. pour \u00e9couter cliquez ici -&gt; la-licorne Quand Dieu fit l&rsquo;univers il y eut sur la terre Des milliers d&rsquo;animaux inconnus aujourd&rsquo;hui Mais la plus jolie dans ce vert paradis La plus dr\u00f4le la plus mignonne, c&rsquo;\u00e9tait la licorne Y avait des gros crocodiles et des orangs-outangs Des affreux reptiles et &hellip; <a href=\"http:\/\/arwann.com\/?page_id=1012\" class=\"more-link\">Continuer la lecture de <span class=\"screen-reader-text\">La licorne<\/span> <span class=\"meta-nav\">&rarr;<\/span><\/a><\/p>\n","protected":false},"author":1,"featured_media":0,"parent":1015,"menu_order":0,"comment_status":"open","ping_status":"open","template":"","meta":{"footnotes":""},"class_list":["post-1012","page","type-page","status-publish","hentry"],"yoast_head":"<!-- This site is optimized with the Yoast SEO plugin v27.2 - https:\/\/yoast.com\/product\/yoast-seo-wordpress\/ -->\n<title>La licorne -<\/title>\n<meta name=\"robots\" content=\"index, follow, max-snippet:-1, max-image-preview:large, max-video-preview:-1\" \/>\n<link rel=\"canonical\" href=\"http:\/\/arwann.com\/?page_id=1012\" \/>\n<meta property=\"og:locale\" content=\"fr_FR\" \/>\n<meta property=\"og:type\" content=\"article\" \/>\n<meta property=\"og:title\" content=\"La licorne -\" \/>\n<meta property=\"og:description\" content=\"par Poulain, Loutre et macareux. pour \u00e9couter cliquez ici -&gt; la-licorne Quand Dieu fit l&rsquo;univers il y eut sur la terre Des milliers d&rsquo;animaux inconnus aujourd&rsquo;hui Mais la plus jolie dans ce vert paradis La plus dr\u00f4le la plus mignonne, c&rsquo;\u00e9tait la licorne Y avait des gros crocodiles et des orangs-outangs Des affreux reptiles et &hellip; Continuer la lecture de La licorne &rarr;\" \/>\n<meta property=\"og:url\" content=\"http:\/\/arwann.com\/?page_id=1012\" \/>\n<meta property=\"article:modified_time\" content=\"2020-04-02T08:52:38+00:00\" \/>\n<meta name=\"twitter:label1\" content=\"Dur\u00e9e de lecture estim\u00e9e\" \/>\n\t<meta name=\"twitter:data1\" content=\"1 minute\" \/>\n<script type=\"application\/ld+json\" class=\"yoast-schema-graph\">{\"@context\":\"https:\/\/schema.org\",\"@graph\":[{\"@type\":\"WebPage\",\"@id\":\"http:\/\/arwann.com\/?page_id=1012\",\"url\":\"http:\/\/arwann.com\/?page_id=1012\",\"name\":\"La licorne -\",\"isPartOf\":{\"@id\":\"http:\/\/arwann.com\/#website\"},\"datePublished\":\"2014-04-21T20:17:53+00:00\",\"dateModified\":\"2020-04-02T08:52:38+00:00\",\"breadcrumb\":{\"@id\":\"http:\/\/arwann.com\/?page_id=1012#breadcrumb\"},\"inLanguage\":\"fr-FR\",\"potentialAction\":[{\"@type\":\"ReadAction\",\"target\":[\"http:\/\/arwann.com\/?page_id=1012\"]}]},{\"@type\":\"BreadcrumbList\",\"@id\":\"http:\/\/arwann.com\/?page_id=1012#breadcrumb\",\"itemListElement\":[{\"@type\":\"ListItem\",\"position\":1,\"name\":\"Home\",\"item\":\"https:\/\/arwann.com\/\"},{\"@type\":\"ListItem\",\"position\":2,\"name\":\"Le coin des Scouts\",\"item\":\"http:\/\/arwann.com\/?page_id=29\"},{\"@type\":\"ListItem\",\"position\":3,\"name\":\"Veill\u00e9es\",\"item\":\"http:\/\/arwann.com\/?page_id=273\"},{\"@type\":\"ListItem\",\"position\":4,\"name\":\"Chants\",\"item\":\"http:\/\/arwann.com\/?page_id=276\"},{\"@type\":\"ListItem\",\"position\":5,\"name\":\"Chants divers\",\"item\":\"https:\/\/arwann.com\/?page_id=1015\"},{\"@type\":\"ListItem\",\"position\":6,\"name\":\"La licorne\"}]},{\"@type\":\"WebSite\",\"@id\":\"http:\/\/arwann.com\/#website\",\"url\":\"http:\/\/arwann.com\/\",\"name\":\"Arwann.com\",\"description\":\"\",\"publisher\":{\"@id\":\"http:\/\/arwann.com\/#organization\"},\"potentialAction\":[{\"@type\":\"SearchAction\",\"target\":{\"@type\":\"EntryPoint\",\"urlTemplate\":\"http:\/\/arwann.com\/?s={search_term_string}\"},\"query-input\":{\"@type\":\"PropertyValueSpecification\",\"valueRequired\":true,\"valueName\":\"search_term_string\"}}],\"inLanguage\":\"fr-FR\"},{\"@type\":\"Organization\",\"@id\":\"http:\/\/arwann.com\/#organization\",\"name\":\"Arwann\",\"url\":\"http:\/\/arwann.com\/\",\"logo\":{\"@type\":\"ImageObject\",\"inLanguage\":\"fr-FR\",\"@id\":\"http:\/\/arwann.com\/#\/schema\/logo\/image\/\",\"url\":\"http:\/\/arwann.com\/wp-content\/uploads\/2014\/04\/cropped-bandeau-arwann-5.png\",\"contentUrl\":\"http:\/\/arwann.com\/wp-content\/uploads\/2014\/04\/cropped-bandeau-arwann-5.png\",\"width\":1600,\"height\":230,\"caption\":\"Arwann\"},\"image\":{\"@id\":\"http:\/\/arwann.com\/#\/schema\/logo\/image\/\"}}]}<\/script>\n<!-- \/ Yoast SEO plugin. -->","yoast_head_json":{"title":"La licorne -","robots":{"index":"index","follow":"follow","max-snippet":"max-snippet:-1","max-image-preview":"max-image-preview:large","max-video-preview":"max-video-preview:-1"},"canonical":"http:\/\/arwann.com\/?page_id=1012","og_locale":"fr_FR","og_type":"article","og_title":"La licorne -","og_description":"par Poulain, Loutre et macareux. pour \u00e9couter cliquez ici -&gt; la-licorne Quand Dieu fit l&rsquo;univers il y eut sur la terre Des milliers d&rsquo;animaux inconnus aujourd&rsquo;hui Mais la plus jolie dans ce vert paradis La plus dr\u00f4le la plus mignonne, c&rsquo;\u00e9tait la licorne Y avait des gros crocodiles et des orangs-outangs Des affreux reptiles et &hellip; Continuer la lecture de La licorne &rarr;","og_url":"http:\/\/arwann.com\/?page_id=1012","article_modified_time":"2020-04-02T08:52:38+00:00","twitter_misc":{"Dur\u00e9e de lecture estim\u00e9e":"1 minute"},"schema":{"@context":"https:\/\/schema.org","@graph":[{"@type":"WebPage","@id":"http:\/\/arwann.com\/?page_id=1012","url":"http:\/\/arwann.com\/?page_id=1012","name":"La licorne -","isPartOf":{"@id":"http:\/\/arwann.com\/#website"},"datePublished":"2014-04-21T20:17:53+00:00","dateModified":"2020-04-02T08:52:38+00:00","breadcrumb":{"@id":"http:\/\/arwann.com\/?page_id=1012#breadcrumb"},"inLanguage":"fr-FR","potentialAction":[{"@type":"ReadAction","target":["http:\/\/arwann.com\/?page_id=1012"]}]},{"@type":"BreadcrumbList","@id":"http:\/\/arwann.com\/?page_id=1012#breadcrumb","itemListElement":[{"@type":"ListItem","position":1,"name":"Home","item":"https:\/\/arwann.com\/"},{"@type":"ListItem","position":2,"name":"Le coin des Scouts","item":"http:\/\/arwann.com\/?page_id=29"},{"@type":"ListItem","position":3,"name":"Veill\u00e9es","item":"http:\/\/arwann.com\/?page_id=273"},{"@type":"ListItem","position":4,"name":"Chants","item":"http:\/\/arwann.com\/?page_id=276"},{"@type":"ListItem","position":5,"name":"Chants divers","item":"https:\/\/arwann.com\/?page_id=1015"},{"@type":"ListItem","position":6,"name":"La licorne"}]},{"@type":"WebSite","@id":"http:\/\/arwann.com\/#website","url":"http:\/\/arwann.com\/","name":"Arwann.com","description":"","publisher":{"@id":"http:\/\/arwann.com\/#organization"},"potentialAction":[{"@type":"SearchAction","target":{"@type":"EntryPoint","urlTemplate":"http:\/\/arwann.com\/?s={search_term_string}"},"query-input":{"@type":"PropertyValueSpecification","valueRequired":true,"valueName":"search_term_string"}}],"inLanguage":"fr-FR"},{"@type":"Organization","@id":"http:\/\/arwann.com\/#organization","name":"Arwann","url":"http:\/\/arwann.com\/","logo":{"@type":"ImageObject","inLanguage":"fr-FR","@id":"http:\/\/arwann.com\/#\/schema\/logo\/image\/","url":"http:\/\/arwann.com\/wp-content\/uploads\/2014\/04\/cropped-bandeau-arwann-5.png","contentUrl":"http:\/\/arwann.com\/wp-content\/uploads\/2014\/04\/cropped-bandeau-arwann-5.png","width":1600,"height":230,"caption":"Arwann"},"image":{"@id":"http:\/\/arwann.com\/#\/schema\/logo\/image\/"}}]}},"_links":{"self":[{"href":"http:\/\/arwann.com\/index.php?rest_route=\/wp\/v2\/pages\/1012","targetHints":{"allow":["GET"]}}],"collection":[{"href":"http:\/\/arwann.com\/index.php?rest_route=\/wp\/v2\/pages"}],"about":[{"href":"http:\/\/arwann.com\/index.php?rest_route=\/wp\/v2\/types\/page"}],"author":[{"embeddable":true,"href":"http:\/\/arwann.com\/index.php?rest_route=\/wp\/v2\/users\/1"}],"replies":[{"embeddable":true,"href":"http:\/\/arwann.com\/index.php?rest_route=%2Fwp%2Fv2%2Fcomments&post=1012"}],"version-history":[{"count":5,"href":"http:\/\/arwann.com\/index.php?rest_route=\/wp\/v2\/pages\/1012\/revisions"}],"predecessor-version":[{"id":3778,"href":"http:\/\/arwann.com\/index.php?rest_route=\/wp\/v2\/pages\/1012\/revisions\/3778"}],"up":[{"embeddable":true,"href":"http:\/\/arwann.com\/index.php?rest_route=\/wp\/v2\/pages\/1015"}],"wp:attachment":[{"href":"http:\/\/arwann.com\/index.php?rest_route=%2Fwp%2Fv2%2Fmedia&parent=1012"}],"curies":[{"name":"wp","href":"https:\/\/api.w.org\/{rel}","templated":true}]}}