{"id":1008,"date":"2014-04-21T21:13:42","date_gmt":"2014-04-21T20:13:42","guid":{"rendered":"http:\/\/arwann.com\/?page_id=1008"},"modified":"2014-04-23T11:53:12","modified_gmt":"2014-04-23T10:53:12","slug":"digne-dindon","status":"publish","type":"page","link":"http:\/\/arwann.com\/?page_id=1008","title":{"rendered":"Digne dindon"},"content":{"rendered":"<p>Par Poulain, Loutre et Macareux (Lama pour le dindon). Pour \u00e9couter cliquez ici -&gt;<\/p>\n<audio class=\"wp-audio-shortcode\" id=\"audio-1008-1\" preload=\"none\" style=\"width: 100%;\" controls=\"controls\"><source type=\"audio\/x-ms-wma\" src=\"http:\/\/arwann.com\/wp-content\/uploads\/2014\/04\/digne-dindon.wma?_=1\" \/><a href=\"http:\/\/arwann.com\/wp-content\/uploads\/2014\/04\/digne-dindon.wma\">http:\/\/arwann.com\/wp-content\/uploads\/2014\/04\/digne-dindon.wma<\/a><\/audio>\n<p>Dans une basse-cour \u00e9tait log\u00e9<br \/>\nUn dindon d\u2019\u00e2me fi\u00e8-\u00e8re<br \/>\nQui refusait les grains de bl\u00e9<br \/>\nQu\u2019lui donnait la fermi\u00e8re.<strong><br \/>\n<\/strong><\/p>\n<p><strong>Parc\u2019qu\u2019il avait l\u2019d\u00e9dain des dons<br \/>\nC\u2019\u00e9tait un dindon di-igne<br \/>\nParc\u2019qu\u2019il avait l\u2019d\u00e9dain des dons<br \/>\nC\u2019\u00e9tait un dign\u2019dindon.<\/strong><\/p>\n<p>Un jour u-ne dind\u2019folle d\u2019amour<br \/>\nLui demanda maria-age<br \/>\nIl lui r\u00e9pondit\u00a0:\u00a0\u00ab\u00a0J\u2019ai toujours<br \/>\nRefus\u00e9 l\u2019esclavage\u00a0!\u00a0\u00bb<\/p>\n<p>Mais un beau soir de r\u00e9veillon,<br \/>\nOn le plum\u2019on le sai-aigne<br \/>\nEt dans le four on lui fait don<br \/>\nD\u2019un beau lit de ch\u00e2taignes.<\/p>\n","protected":false},"excerpt":{"rendered":"<p>Par Poulain, Loutre et Macareux (Lama pour le dindon). Pour \u00e9couter cliquez ici -&gt; Dans une basse-cour \u00e9tait log\u00e9 Un dindon d\u2019\u00e2me fi\u00e8-\u00e8re Qui refusait les grains de bl\u00e9 Qu\u2019lui donnait la fermi\u00e8re. Parc\u2019qu\u2019il avait l\u2019d\u00e9dain des dons C\u2019\u00e9tait un dindon di-igne Parc\u2019qu\u2019il avait l\u2019d\u00e9dain des dons C\u2019\u00e9tait un dign\u2019dindon. Un jour u-ne dind\u2019folle d\u2019amour &hellip; <a href=\"http:\/\/arwann.com\/?page_id=1008\" class=\"more-link\">Continuer la lecture de <span class=\"screen-reader-text\">Digne dindon<\/span> <span class=\"meta-nav\">&rarr;<\/span><\/a><\/p>\n","protected":false},"author":1,"featured_media":0,"parent":359,"menu_order":0,"comment_status":"open","ping_status":"open","template":"","meta":{"footnotes":""},"class_list":["post-1008","page","type-page","status-publish","hentry"],"yoast_head":"<!-- This site is optimized with the Yoast SEO plugin v27.2 - https:\/\/yoast.com\/product\/yoast-seo-wordpress\/ -->\n<title>Digne dindon -<\/title>\n<meta name=\"robots\" content=\"index, follow, max-snippet:-1, max-image-preview:large, max-video-preview:-1\" \/>\n<link rel=\"canonical\" href=\"http:\/\/arwann.com\/?page_id=1008\" \/>\n<meta property=\"og:locale\" content=\"fr_FR\" \/>\n<meta property=\"og:type\" content=\"article\" \/>\n<meta property=\"og:title\" content=\"Digne dindon -\" \/>\n<meta property=\"og:description\" content=\"Par Poulain, Loutre et Macareux (Lama pour le dindon). Pour \u00e9couter cliquez ici -&gt; Dans une basse-cour \u00e9tait log\u00e9 Un dindon d\u2019\u00e2me fi\u00e8-\u00e8re Qui refusait les grains de bl\u00e9 Qu\u2019lui donnait la fermi\u00e8re. Parc\u2019qu\u2019il avait l\u2019d\u00e9dain des dons C\u2019\u00e9tait un dindon di-igne Parc\u2019qu\u2019il avait l\u2019d\u00e9dain des dons C\u2019\u00e9tait un dign\u2019dindon. Un jour u-ne dind\u2019folle d\u2019amour &hellip; Continuer la lecture de Digne dindon &rarr;\" \/>\n<meta property=\"og:url\" content=\"http:\/\/arwann.com\/?page_id=1008\" \/>\n<meta property=\"article:modified_time\" content=\"2014-04-23T10:53:12+00:00\" \/>\n<meta name=\"twitter:label1\" content=\"Dur\u00e9e de lecture estim\u00e9e\" \/>\n\t<meta name=\"twitter:data1\" content=\"1 minute\" \/>\n<script type=\"application\/ld+json\" class=\"yoast-schema-graph\">{\"@context\":\"https:\/\/schema.org\",\"@graph\":[{\"@type\":\"WebPage\",\"@id\":\"http:\/\/arwann.com\/?page_id=1008\",\"url\":\"http:\/\/arwann.com\/?page_id=1008\",\"name\":\"Digne dindon -\",\"isPartOf\":{\"@id\":\"http:\/\/arwann.com\/#website\"},\"datePublished\":\"2014-04-21T20:13:42+00:00\",\"dateModified\":\"2014-04-23T10:53:12+00:00\",\"breadcrumb\":{\"@id\":\"http:\/\/arwann.com\/?page_id=1008#breadcrumb\"},\"inLanguage\":\"fr-FR\",\"potentialAction\":[{\"@type\":\"ReadAction\",\"target\":[\"http:\/\/arwann.com\/?page_id=1008\"]}]},{\"@type\":\"BreadcrumbList\",\"@id\":\"http:\/\/arwann.com\/?page_id=1008#breadcrumb\",\"itemListElement\":[{\"@type\":\"ListItem\",\"position\":1,\"name\":\"Home\",\"item\":\"https:\/\/arwann.com\/\"},{\"@type\":\"ListItem\",\"position\":2,\"name\":\"Le coin des Scouts\",\"item\":\"http:\/\/arwann.com\/?page_id=29\"},{\"@type\":\"ListItem\",\"position\":3,\"name\":\"Veill\u00e9es\",\"item\":\"http:\/\/arwann.com\/?page_id=273\"},{\"@type\":\"ListItem\",\"position\":4,\"name\":\"Chants\",\"item\":\"http:\/\/arwann.com\/?page_id=276\"},{\"@type\":\"ListItem\",\"position\":5,\"name\":\"Chants de traditions et de r\u00e9gions\",\"item\":\"http:\/\/arwann.com\/?page_id=359\"},{\"@type\":\"ListItem\",\"position\":6,\"name\":\"Digne dindon\"}]},{\"@type\":\"WebSite\",\"@id\":\"http:\/\/arwann.com\/#website\",\"url\":\"http:\/\/arwann.com\/\",\"name\":\"Arwann.com\",\"description\":\"\",\"publisher\":{\"@id\":\"http:\/\/arwann.com\/#organization\"},\"potentialAction\":[{\"@type\":\"SearchAction\",\"target\":{\"@type\":\"EntryPoint\",\"urlTemplate\":\"http:\/\/arwann.com\/?s={search_term_string}\"},\"query-input\":{\"@type\":\"PropertyValueSpecification\",\"valueRequired\":true,\"valueName\":\"search_term_string\"}}],\"inLanguage\":\"fr-FR\"},{\"@type\":\"Organization\",\"@id\":\"http:\/\/arwann.com\/#organization\",\"name\":\"Arwann\",\"url\":\"http:\/\/arwann.com\/\",\"logo\":{\"@type\":\"ImageObject\",\"inLanguage\":\"fr-FR\",\"@id\":\"http:\/\/arwann.com\/#\/schema\/logo\/image\/\",\"url\":\"http:\/\/arwann.com\/wp-content\/uploads\/2014\/04\/cropped-bandeau-arwann-5.png\",\"contentUrl\":\"http:\/\/arwann.com\/wp-content\/uploads\/2014\/04\/cropped-bandeau-arwann-5.png\",\"width\":1600,\"height\":230,\"caption\":\"Arwann\"},\"image\":{\"@id\":\"http:\/\/arwann.com\/#\/schema\/logo\/image\/\"}}]}<\/script>\n<!-- \/ Yoast SEO plugin. -->","yoast_head_json":{"title":"Digne dindon -","robots":{"index":"index","follow":"follow","max-snippet":"max-snippet:-1","max-image-preview":"max-image-preview:large","max-video-preview":"max-video-preview:-1"},"canonical":"http:\/\/arwann.com\/?page_id=1008","og_locale":"fr_FR","og_type":"article","og_title":"Digne dindon -","og_description":"Par Poulain, Loutre et Macareux (Lama pour le dindon). Pour \u00e9couter cliquez ici -&gt; Dans une basse-cour \u00e9tait log\u00e9 Un dindon d\u2019\u00e2me fi\u00e8-\u00e8re Qui refusait les grains de bl\u00e9 Qu\u2019lui donnait la fermi\u00e8re. Parc\u2019qu\u2019il avait l\u2019d\u00e9dain des dons C\u2019\u00e9tait un dindon di-igne Parc\u2019qu\u2019il avait l\u2019d\u00e9dain des dons C\u2019\u00e9tait un dign\u2019dindon. Un jour u-ne dind\u2019folle d\u2019amour &hellip; Continuer la lecture de Digne dindon &rarr;","og_url":"http:\/\/arwann.com\/?page_id=1008","article_modified_time":"2014-04-23T10:53:12+00:00","twitter_misc":{"Dur\u00e9e de lecture estim\u00e9e":"1 minute"},"schema":{"@context":"https:\/\/schema.org","@graph":[{"@type":"WebPage","@id":"http:\/\/arwann.com\/?page_id=1008","url":"http:\/\/arwann.com\/?page_id=1008","name":"Digne dindon -","isPartOf":{"@id":"http:\/\/arwann.com\/#website"},"datePublished":"2014-04-21T20:13:42+00:00","dateModified":"2014-04-23T10:53:12+00:00","breadcrumb":{"@id":"http:\/\/arwann.com\/?page_id=1008#breadcrumb"},"inLanguage":"fr-FR","potentialAction":[{"@type":"ReadAction","target":["http:\/\/arwann.com\/?page_id=1008"]}]},{"@type":"BreadcrumbList","@id":"http:\/\/arwann.com\/?page_id=1008#breadcrumb","itemListElement":[{"@type":"ListItem","position":1,"name":"Home","item":"https:\/\/arwann.com\/"},{"@type":"ListItem","position":2,"name":"Le coin des Scouts","item":"http:\/\/arwann.com\/?page_id=29"},{"@type":"ListItem","position":3,"name":"Veill\u00e9es","item":"http:\/\/arwann.com\/?page_id=273"},{"@type":"ListItem","position":4,"name":"Chants","item":"http:\/\/arwann.com\/?page_id=276"},{"@type":"ListItem","position":5,"name":"Chants de traditions et de r\u00e9gions","item":"http:\/\/arwann.com\/?page_id=359"},{"@type":"ListItem","position":6,"name":"Digne dindon"}]},{"@type":"WebSite","@id":"http:\/\/arwann.com\/#website","url":"http:\/\/arwann.com\/","name":"Arwann.com","description":"","publisher":{"@id":"http:\/\/arwann.com\/#organization"},"potentialAction":[{"@type":"SearchAction","target":{"@type":"EntryPoint","urlTemplate":"http:\/\/arwann.com\/?s={search_term_string}"},"query-input":{"@type":"PropertyValueSpecification","valueRequired":true,"valueName":"search_term_string"}}],"inLanguage":"fr-FR"},{"@type":"Organization","@id":"http:\/\/arwann.com\/#organization","name":"Arwann","url":"http:\/\/arwann.com\/","logo":{"@type":"ImageObject","inLanguage":"fr-FR","@id":"http:\/\/arwann.com\/#\/schema\/logo\/image\/","url":"http:\/\/arwann.com\/wp-content\/uploads\/2014\/04\/cropped-bandeau-arwann-5.png","contentUrl":"http:\/\/arwann.com\/wp-content\/uploads\/2014\/04\/cropped-bandeau-arwann-5.png","width":1600,"height":230,"caption":"Arwann"},"image":{"@id":"http:\/\/arwann.com\/#\/schema\/logo\/image\/"}}]}},"_links":{"self":[{"href":"http:\/\/arwann.com\/index.php?rest_route=\/wp\/v2\/pages\/1008","targetHints":{"allow":["GET"]}}],"collection":[{"href":"http:\/\/arwann.com\/index.php?rest_route=\/wp\/v2\/pages"}],"about":[{"href":"http:\/\/arwann.com\/index.php?rest_route=\/wp\/v2\/types\/page"}],"author":[{"embeddable":true,"href":"http:\/\/arwann.com\/index.php?rest_route=\/wp\/v2\/users\/1"}],"replies":[{"embeddable":true,"href":"http:\/\/arwann.com\/index.php?rest_route=%2Fwp%2Fv2%2Fcomments&post=1008"}],"version-history":[{"count":2,"href":"http:\/\/arwann.com\/index.php?rest_route=\/wp\/v2\/pages\/1008\/revisions"}],"predecessor-version":[{"id":1086,"href":"http:\/\/arwann.com\/index.php?rest_route=\/wp\/v2\/pages\/1008\/revisions\/1086"}],"up":[{"embeddable":true,"href":"http:\/\/arwann.com\/index.php?rest_route=\/wp\/v2\/pages\/359"}],"wp:attachment":[{"href":"http:\/\/arwann.com\/index.php?rest_route=%2Fwp%2Fv2%2Fmedia&parent=1008"}],"curies":[{"name":"wp","href":"https:\/\/api.w.org\/{rel}","templated":true}]}}